{"id":8383,"date":"2024-04-15T11:46:09","date_gmt":"2024-04-15T10:46:09","guid":{"rendered":"https:\/\/academia-tpm.com\/plataforma\/?page_id=8383"},"modified":"2024-04-15T12:01:50","modified_gmt":"2024-04-15T11:01:50","slug":"tpm_rcm","status":"publish","type":"page","link":"https:\/\/academia-tpm.com\/plataforma\/tpm_rcm\/","title":{"rendered":"tpm_rcm"},"content":{"rendered":"\t\t<div data-elementor-type=\"wp-page\" data-elementor-id=\"8383\" class=\"elementor elementor-8383\" data-elementor-post-type=\"page\">\n\t\t\t\t\t\t<section class=\"elementor-section elementor-top-section elementor-element elementor-element-7696f252 elementor-section-content-middle elementor-section-boxed elementor-section-height-default elementor-section-height-default\" data-id=\"7696f252\" data-element_type=\"section\" data-settings=\"{&quot;background_background&quot;:&quot;classic&quot;}\">\n\t\t\t\t\t\t<div class=\"elementor-container elementor-column-gap-default\">\n\t\t\t\t\t<div class=\"elementor-column elementor-col-50 elementor-top-column elementor-element elementor-element-265bde59\" data-id=\"265bde59\" data-element_type=\"column\">\n\t\t\t<div class=\"elementor-widget-wrap elementor-element-populated\">\n\t\t\t\t\t\t<div class=\"elementor-element elementor-element-7a5d93e4 elementor-widget elementor-widget-image\" data-id=\"7a5d93e4\" data-element_type=\"widget\" data-widget_type=\"image.default\">\n\t\t\t\t<div class=\"elementor-widget-container\">\n\t\t\t\t\t\t\t\t\t\t\t\t\t\t\t<img decoding=\"async\" src=\"https:\/\/academia-tpm.com\/plataforma\/wp-content\/uploads\/elementor\/thumbs\/5w1h-qmqs1weaf1su390bq4wahhz6l1tbpjfddy1apc9eg4.jpg\" title=\"5w1h\" alt=\"5w1h\" loading=\"lazy\" \/>\t\t\t\t\t\t\t\t\t\t\t\t\t\t\t<\/div>\n\t\t\t\t<\/div>\n\t\t\t\t\t<\/div>\n\t\t<\/div>\n\t\t\t\t<div class=\"elementor-column elementor-col-50 elementor-top-column elementor-element elementor-element-4381bf30\" data-id=\"4381bf30\" data-element_type=\"column\">\n\t\t\t<div class=\"elementor-widget-wrap elementor-element-populated\">\n\t\t\t\t\t\t<div class=\"elementor-element elementor-element-3cd0633 elementor-widget elementor-widget-heading\" data-id=\"3cd0633\" data-element_type=\"widget\" data-widget_type=\"heading.default\">\n\t\t\t\t<div class=\"elementor-widget-container\">\n\t\t\t\t\t<h2 class=\"elementor-heading-title elementor-size-default\">Formaci\u00f3n Avanzada para Responsables de Mantenimiento<\/h2>\t\t\t\t<\/div>\n\t\t\t\t<\/div>\n\t\t\t\t<div class=\"elementor-element elementor-element-389abcea elementor-widget elementor-widget-heading\" data-id=\"389abcea\" data-element_type=\"widget\" data-widget_type=\"heading.default\">\n\t\t\t\t<div class=\"elementor-widget-container\">\n\t\t\t\t\t<h1 class=\"elementor-heading-title elementor-size-default\">Programa Integrado RCM\/TPM<\/h1>\t\t\t\t<\/div>\n\t\t\t\t<\/div>\n\t\t\t\t<div class=\"elementor-element elementor-element-4a5995a4 elementor-widget-divider--view-line elementor-widget elementor-widget-divider\" data-id=\"4a5995a4\" data-element_type=\"widget\" data-widget_type=\"divider.default\">\n\t\t\t\t<div class=\"elementor-widget-container\">\n\t\t\t\t\t\t\t<div class=\"elementor-divider\">\n\t\t\t<span class=\"elementor-divider-separator\">\n\t\t\t\t\t\t<\/span>\n\t\t<\/div>\n\t\t\t\t\t\t<\/div>\n\t\t\t\t<\/div>\n\t\t\t\t<div class=\"elementor-element elementor-element-723e703a elementor-widget elementor-widget-text-editor\" data-id=\"723e703a\" data-element_type=\"widget\" data-widget_type=\"text-editor.default\">\n\t\t\t\t<div class=\"elementor-widget-container\">\n\t\t\t\t\t\t\t\t\t<span style=\"font-family: Roboto\">El Mantenimiento Centrado en la Fiabilidad (RCM) es un proceso que garantiza que las tareas de mantenimiento se gestionan y realizan de forma eficiente, rentable, fiable y segura. Este programa fusiona los pasos uno, dos y tres del pilar Mantenimiento Preventivo de TPM, como un excelente complemento para el dise\u00f1o de un modelo altamente eficiente de mantenimiento.<br><br>Las tareas de mantenimiento pueden clasificarse como reactivas, proactivas, preventivas, predictivas o incluir inspecciones no destructivas. Un programa y un proceso RCM eficaces gestionar\u00e1n un programa completo de gesti\u00f3n de la integridad de los activos de principio a fin. El RCM se utiliza para modelar y documentar todo el proceso a lo largo del ciclo de vida de los activos, sistemas, equipos, infraestructuras o componentes. <\/span>\t\t\t\t\t\t\t\t<\/div>\n\t\t\t\t<\/div>\n\t\t\t\t\t<\/div>\n\t\t<\/div>\n\t\t\t\t\t<\/div>\n\t\t<\/section>\n\t\t\t\t<section class=\"elementor-section elementor-top-section elementor-element elementor-element-0eef024 elementor-section-boxed elementor-section-height-default elementor-section-height-default\" data-id=\"0eef024\" data-element_type=\"section\">\n\t\t\t\t\t\t<div class=\"elementor-container elementor-column-gap-default\">\n\t\t\t\t\t<div class=\"elementor-column elementor-col-33 elementor-top-column elementor-element elementor-element-f955eff\" data-id=\"f955eff\" data-element_type=\"column\">\n\t\t\t<div class=\"elementor-widget-wrap\">\n\t\t\t\t\t\t\t<\/div>\n\t\t<\/div>\n\t\t\t\t<div class=\"elementor-column elementor-col-33 elementor-top-column elementor-element elementor-element-332fe7e\" data-id=\"332fe7e\" data-element_type=\"column\">\n\t\t\t<div class=\"elementor-widget-wrap elementor-element-populated\">\n\t\t\t\t\t\t<div class=\"elementor-element elementor-element-08818c5 elementor-widget elementor-widget-heading\" data-id=\"08818c5\" data-element_type=\"widget\" data-widget_type=\"heading.default\">\n\t\t\t\t<div class=\"elementor-widget-container\">\n\t\t\t\t\t<h2 class=\"elementor-heading-title elementor-size-default\">Beneficios del programa<\/h2>\t\t\t\t<\/div>\n\t\t\t\t<\/div>\n\t\t\t\t\t<\/div>\n\t\t<\/div>\n\t\t\t\t<div class=\"elementor-column elementor-col-33 elementor-top-column elementor-element elementor-element-2e7d40b\" data-id=\"2e7d40b\" data-element_type=\"column\">\n\t\t\t<div class=\"elementor-widget-wrap\">\n\t\t\t\t\t\t\t<\/div>\n\t\t<\/div>\n\t\t\t\t\t<\/div>\n\t\t<\/section>\n\t\t\t\t<section class=\"elementor-section elementor-top-section elementor-element elementor-element-15a7c1c elementor-section-boxed elementor-section-height-default elementor-section-height-default\" data-id=\"15a7c1c\" data-element_type=\"section\">\n\t\t\t\t\t\t<div class=\"elementor-container elementor-column-gap-default\">\n\t\t\t\t\t<div class=\"elementor-column elementor-col-33 elementor-top-column elementor-element elementor-element-f464f7c\" data-id=\"f464f7c\" data-element_type=\"column\">\n\t\t\t<div class=\"elementor-widget-wrap\">\n\t\t\t\t\t\t\t<\/div>\n\t\t<\/div>\n\t\t\t\t<div class=\"elementor-column elementor-col-33 elementor-top-column elementor-element elementor-element-8ecae55\" data-id=\"8ecae55\" data-element_type=\"column\">\n\t\t\t<div class=\"elementor-widget-wrap elementor-element-populated\">\n\t\t\t\t\t\t<div class=\"elementor-element elementor-element-e991980 elementor-widget elementor-widget-text-editor\" data-id=\"e991980\" data-element_type=\"widget\" data-widget_type=\"text-editor.default\">\n\t\t\t\t<div class=\"elementor-widget-container\">\n\t\t\t\t\t\t\t\t\t<span style=\"font-family: Roboto\">El RCM es tu aliado para garantizar la m\u00e1xima fiabilidad de los activos. La metodolog\u00eda permite reducir los costes de mantenimiento y optimiza la eficiencia operativa, lo que se traduce en un entorno de trabajo m\u00e1s seguro y en la satisfacci\u00f3n de tus clientes. Con RCM, prolongar\u00e1s la vida \u00fatil de tus equipos y minimizar\u00e1s las interrupciones no planificadas, lo que se traduce en un ahorro sustancial y una mejora notable en la gesti\u00f3n de los activos. Adem\u00e1s, junto al mantenimiento Aut\u00f3nomo podr\u00e1s crear un sistema h\u00edbrido TPM &amp; RCM muy efectivo de mantenimiento con la participaci\u00f3n de las \u00e1reas de producci\u00f3n y operaciones. <br><br>Los beneficios que puedes alcanzar con la metodolog\u00eda RCM son: <\/span>\t\t\t\t\t\t\t\t<\/div>\n\t\t\t\t<\/div>\n\t\t\t\t\t<\/div>\n\t\t<\/div>\n\t\t\t\t<div class=\"elementor-column elementor-col-33 elementor-top-column elementor-element elementor-element-a9f7632\" data-id=\"a9f7632\" data-element_type=\"column\">\n\t\t\t<div class=\"elementor-widget-wrap\">\n\t\t\t\t\t\t\t<\/div>\n\t\t<\/div>\n\t\t\t\t\t<\/div>\n\t\t<\/section>\n\t\t\t\t<section class=\"elementor-section elementor-top-section elementor-element elementor-element-adaa3a1 elementor-section-boxed elementor-section-height-default elementor-section-height-default\" data-id=\"adaa3a1\" data-element_type=\"section\">\n\t\t\t\t\t\t<div class=\"elementor-container elementor-column-gap-default\">\n\t\t\t\t\t<div class=\"elementor-column elementor-col-33 elementor-top-column elementor-element elementor-element-1c2520c\" data-id=\"1c2520c\" data-element_type=\"column\">\n\t\t\t<div class=\"elementor-widget-wrap elementor-element-populated\">\n\t\t\t\t\t\t<div class=\"elementor-element elementor-element-647a29d elementor-widget elementor-widget-image\" data-id=\"647a29d\" data-element_type=\"widget\" data-widget_type=\"image.default\">\n\t\t\t\t<div class=\"elementor-widget-container\">\n\t\t\t\t\t\t\t\t\t\t\t\t\t\t\t<img fetchpriority=\"high\" decoding=\"async\" width=\"1400\" height=\"896\" src=\"https:\/\/academia-tpm.com\/plataforma\/wp-content\/uploads\/2024\/04\/5why-1400x896.jpg\" class=\"attachment-large size-large wp-image-8396\" alt=\"\" srcset=\"https:\/\/academia-tpm.com\/plataforma\/wp-content\/uploads\/2024\/04\/5why-1400x896.jpg 1400w, https:\/\/academia-tpm.com\/plataforma\/wp-content\/uploads\/2024\/04\/5why-625x400.jpg 625w, https:\/\/academia-tpm.com\/plataforma\/wp-content\/uploads\/2024\/04\/5why-768x491.jpg 768w, https:\/\/academia-tpm.com\/plataforma\/wp-content\/uploads\/2024\/04\/5why-600x384.jpg 600w, https:\/\/academia-tpm.com\/plataforma\/wp-content\/uploads\/2024\/04\/5why.jpg 1410w\" sizes=\"(max-width: 1400px) 100vw, 1400px\" \/>\t\t\t\t\t\t\t\t\t\t\t\t\t\t\t<\/div>\n\t\t\t\t<\/div>\n\t\t\t\t\t<\/div>\n\t\t<\/div>\n\t\t\t\t<div class=\"elementor-column elementor-col-33 elementor-top-column elementor-element elementor-element-dafebff\" data-id=\"dafebff\" data-element_type=\"column\">\n\t\t\t<div class=\"elementor-widget-wrap elementor-element-populated\">\n\t\t\t\t\t\t<div class=\"elementor-element elementor-element-f954ef2 elementor-icon-list--layout-traditional elementor-list-item-link-full_width elementor-widget elementor-widget-icon-list\" data-id=\"f954ef2\" data-element_type=\"widget\" data-widget_type=\"icon-list.default\">\n\t\t\t\t<div class=\"elementor-widget-container\">\n\t\t\t\t\t\t\t<ul class=\"elementor-icon-list-items\">\n\t\t\t\t\t\t\t<li class=\"elementor-icon-list-item\">\n\t\t\t\t\t\t\t\t\t\t\t<span class=\"elementor-icon-list-icon\">\n\t\t\t\t\t\t\t<i aria-hidden=\"true\" class=\"fas fa-check\"><\/i>\t\t\t\t\t\t<\/span>\n\t\t\t\t\t\t\t\t\t\t<span class=\"elementor-icon-list-text\">Mayor fiabilidad: El RCM identifica las tareas de mantenimiento cr\u00edticas para la fiabilidad de los activos, lo que ayuda a prevenir fallos inesperados y a mantener un funcionamiento continuo.<\/span>\n\t\t\t\t\t\t\t\t\t<\/li>\n\t\t\t\t\t\t\t\t<li class=\"elementor-icon-list-item\">\n\t\t\t\t\t\t\t\t\t\t\t<span class=\"elementor-icon-list-icon\">\n\t\t\t\t\t\t\t<i aria-hidden=\"true\" class=\"fas fa-check\"><\/i>\t\t\t\t\t\t<\/span>\n\t\t\t\t\t\t\t\t\t\t<span class=\"elementor-icon-list-text\">Reducci\u00f3n de costes: Al enfocarse en las tareas de mantenimiento esenciales y evitar las innecesarias, el RCM puede reducir los costes operativos y de mantenimiento..<\/span>\n\t\t\t\t\t\t\t\t\t<\/li>\n\t\t\t\t\t\t\t\t<li class=\"elementor-icon-list-item\">\n\t\t\t\t\t\t\t\t\t\t\t<span class=\"elementor-icon-list-icon\">\n\t\t\t\t\t\t\t<i aria-hidden=\"true\" class=\"fas fa-check\"><\/i>\t\t\t\t\t\t<\/span>\n\t\t\t\t\t\t\t\t\t\t<span class=\"elementor-icon-list-text\">Aprender a mejorar la calidad de la informaci\u00f3n utilizada en las operaciones de mantenimiento, para que sea \u00fatil en estudios de diagn\u00f3stico de problemas de equipos.<\/span>\n\t\t\t\t\t\t\t\t\t<\/li>\n\t\t\t\t\t\t\t\t<li class=\"elementor-icon-list-item\">\n\t\t\t\t\t\t\t\t\t\t\t<span class=\"elementor-icon-list-icon\">\n\t\t\t\t\t\t\t<i aria-hidden=\"true\" class=\"fas fa-check\"><\/i>\t\t\t\t\t\t<\/span>\n\t\t\t\t\t\t\t\t\t\t<span class=\"elementor-icon-list-text\">Extensi\u00f3n de la vida \u00fatil de los activos: Al mantener adecuadamente los activos, se puede prolongar su vida \u00fatil y, en consecuencia, se pospone la necesidad de inversiones costosas en reemplazos. <\/span>\n\t\t\t\t\t\t\t\t\t<\/li>\n\t\t\t\t\t\t\t\t<li class=\"elementor-icon-list-item\">\n\t\t\t\t\t\t\t\t\t\t\t<span class=\"elementor-icon-list-icon\">\n\t\t\t\t\t\t\t<i aria-hidden=\"true\" class=\"fas fa-check\"><\/i>\t\t\t\t\t\t<\/span>\n\t\t\t\t\t\t\t\t\t\t<span class=\"elementor-icon-list-text\">Aumento de la eficiencia operativa: La reducci\u00f3n de paradas no programadas y la mejora de la disponibilidad de los activos aumentan la eficiencia de la producci\u00f3n y la operaci\u00f3n.. <\/span>\n\t\t\t\t\t\t\t\t\t<\/li>\n\t\t\t\t\t\t<\/ul>\n\t\t\t\t\t\t<\/div>\n\t\t\t\t<\/div>\n\t\t\t\t\t<\/div>\n\t\t<\/div>\n\t\t\t\t<div class=\"elementor-column elementor-col-33 elementor-top-column elementor-element elementor-element-5fc3c09\" data-id=\"5fc3c09\" data-element_type=\"column\">\n\t\t\t<div class=\"elementor-widget-wrap\">\n\t\t\t\t\t\t\t<\/div>\n\t\t<\/div>\n\t\t\t\t\t<\/div>\n\t\t<\/section>\n\t\t\t\t<section class=\"elementor-section elementor-top-section elementor-element elementor-element-9ecf049 elementor-section-boxed elementor-section-height-default elementor-section-height-default\" data-id=\"9ecf049\" data-element_type=\"section\">\n\t\t\t\t\t\t<div class=\"elementor-container elementor-column-gap-default\">\n\t\t\t\t\t<div class=\"elementor-column elementor-col-33 elementor-top-column elementor-element elementor-element-bc60c05\" data-id=\"bc60c05\" data-element_type=\"column\">\n\t\t\t<div class=\"elementor-widget-wrap\">\n\t\t\t\t\t\t\t<\/div>\n\t\t<\/div>\n\t\t\t\t<div class=\"elementor-column elementor-col-33 elementor-top-column elementor-element elementor-element-9a3cfdf\" data-id=\"9a3cfdf\" data-element_type=\"column\">\n\t\t\t<div class=\"elementor-widget-wrap\">\n\t\t\t\t\t\t\t<\/div>\n\t\t<\/div>\n\t\t\t\t<div class=\"elementor-column elementor-col-33 elementor-top-column elementor-element elementor-element-4997f5e\" data-id=\"4997f5e\" data-element_type=\"column\">\n\t\t\t<div class=\"elementor-widget-wrap\">\n\t\t\t\t\t\t\t<\/div>\n\t\t<\/div>\n\t\t\t\t\t<\/div>\n\t\t<\/section>\n\t\t\t\t<\/div>\n\t\t","protected":false},"excerpt":{"rendered":"<p>Formaci\u00f3n Avanzada para Responsables de Mantenimiento Programa Integrado RCM\/TPM El Mantenimiento Centrado en la Fiabilidad [&hellip;]<\/p>\n","protected":false},"author":1,"featured_media":0,"parent":0,"menu_order":0,"comment_status":"closed","ping_status":"closed","template":"","meta":{"site-sidebar-layout":"no-sidebar","site-content-layout":"page-builder","ast-site-content-layout":"full-width-container","site-content-style":"default","site-sidebar-style":"default","ast-global-header-display":"","ast-banner-title-visibility":"","ast-main-header-display":"","ast-hfb-above-header-display":"","ast-hfb-below-header-display":"","ast-hfb-mobile-header-display":"","site-post-title":"disabled","ast-breadcrumbs-content":"","ast-featured-img":"disabled","footer-sml-layout":"","ast-disable-related-posts":"","theme-transparent-header-meta":"default","adv-header-id-meta":"","stick-header-meta":"default","header-above-stick-meta":"","header-main-stick-meta":"","header-below-stick-meta":"","astra-migrate-meta-layouts":"set","ast-page-background-enabled":"default","ast-page-background-meta":{"desktop":{"background-color":"","background-image":"","background-repeat":"repeat","background-position":"center center","background-size":"auto","background-attachment":"scroll","background-type":"","background-media":"","overlay-type":"","overlay-color":"","overlay-opacity":"","overlay-gradient":""},"tablet":{"background-color":"","background-image":"","background-repeat":"repeat","background-position":"center center","background-size":"auto","background-attachment":"scroll","background-type":"","background-media":"","overlay-type":"","overlay-color":"","overlay-opacity":"","overlay-gradient":""},"mobile":{"background-color":"","background-image":"","background-repeat":"repeat","background-position":"center center","background-size":"auto","background-attachment":"scroll","background-type":"","background-media":"","overlay-type":"","overlay-color":"","overlay-opacity":"","overlay-gradient":""}},"ast-content-background-meta":{"desktop":{"background-color":"var(--ast-global-color-5)","background-image":"","background-repeat":"repeat","background-position":"center center","background-size":"auto","background-attachment":"scroll","background-type":"","background-media":"","overlay-type":"","overlay-color":"","overlay-opacity":"","overlay-gradient":""},"tablet":{"background-color":"var(--ast-global-color-5)","background-image":"","background-repeat":"repeat","background-position":"center center","background-size":"auto","background-attachment":"scroll","background-type":"","background-media":"","overlay-type":"","overlay-color":"","overlay-opacity":"","overlay-gradient":""},"mobile":{"background-color":"var(--ast-global-color-5)","background-image":"","background-repeat":"repeat","background-position":"center center","background-size":"auto","background-attachment":"scroll","background-type":"","background-media":"","overlay-type":"","overlay-color":"","overlay-opacity":"","overlay-gradient":""}},"footnotes":""},"class_list":["post-8383","page","type-page","status-publish","hentry"],"_links":{"self":[{"href":"https:\/\/academia-tpm.com\/plataforma\/wp-json\/wp\/v2\/pages\/8383","targetHints":{"allow":["GET"]}}],"collection":[{"href":"https:\/\/academia-tpm.com\/plataforma\/wp-json\/wp\/v2\/pages"}],"about":[{"href":"https:\/\/academia-tpm.com\/plataforma\/wp-json\/wp\/v2\/types\/page"}],"author":[{"embeddable":true,"href":"https:\/\/academia-tpm.com\/plataforma\/wp-json\/wp\/v2\/users\/1"}],"replies":[{"embeddable":true,"href":"https:\/\/academia-tpm.com\/plataforma\/wp-json\/wp\/v2\/comments?post=8383"}],"version-history":[{"count":20,"href":"https:\/\/academia-tpm.com\/plataforma\/wp-json\/wp\/v2\/pages\/8383\/revisions"}],"predecessor-version":[{"id":8406,"href":"https:\/\/academia-tpm.com\/plataforma\/wp-json\/wp\/v2\/pages\/8383\/revisions\/8406"}],"wp:attachment":[{"href":"https:\/\/academia-tpm.com\/plataforma\/wp-json\/wp\/v2\/media?parent=8383"}],"curies":[{"name":"wp","href":"https:\/\/api.w.org\/{rel}","templated":true}]}}