{"id":8322,"date":"2024-04-15T10:38:46","date_gmt":"2024-04-15T09:38:46","guid":{"rendered":"https:\/\/academia-tpm.com\/plataforma\/?page_id=8322"},"modified":"2024-04-15T10:51:00","modified_gmt":"2024-04-15T09:51:00","slug":"flujo_makigami","status":"publish","type":"page","link":"https:\/\/academia-tpm.com\/plataforma\/flujo_makigami\/","title":{"rendered":"flujo_makigami"},"content":{"rendered":"\t\t<div data-elementor-type=\"wp-page\" data-elementor-id=\"8322\" class=\"elementor elementor-8322\" data-elementor-post-type=\"page\">\n\t\t\t\t\t\t<section class=\"elementor-section elementor-top-section elementor-element elementor-element-d0049c3 elementor-section-boxed elementor-section-height-default elementor-section-height-default\" data-id=\"d0049c3\" data-element_type=\"section\">\n\t\t\t\t\t\t<div class=\"elementor-container elementor-column-gap-default\">\n\t\t\t\t\t<div class=\"elementor-column elementor-col-50 elementor-top-column elementor-element elementor-element-f2d1f83\" data-id=\"f2d1f83\" data-element_type=\"column\">\n\t\t\t<div class=\"elementor-widget-wrap elementor-element-populated\">\n\t\t\t\t\t\t<div class=\"elementor-element elementor-element-ddd53df elementor-widget elementor-widget-image\" data-id=\"ddd53df\" data-element_type=\"widget\" data-widget_type=\"image.default\">\n\t\t\t\t<div class=\"elementor-widget-container\">\n\t\t\t\t\t\t\t\t\t\t\t\t\t\t\t<img fetchpriority=\"high\" decoding=\"async\" width=\"997\" height=\"620\" src=\"https:\/\/academia-tpm.com\/plataforma\/wp-content\/uploads\/2024\/04\/makigami.jpg\" class=\"attachment-large size-large wp-image-8325\" alt=\"\" srcset=\"https:\/\/academia-tpm.com\/plataforma\/wp-content\/uploads\/2024\/04\/makigami.jpg 997w, https:\/\/academia-tpm.com\/plataforma\/wp-content\/uploads\/2024\/04\/makigami-643x400.jpg 643w, https:\/\/academia-tpm.com\/plataforma\/wp-content\/uploads\/2024\/04\/makigami-768x478.jpg 768w, https:\/\/academia-tpm.com\/plataforma\/wp-content\/uploads\/2024\/04\/makigami-600x373.jpg 600w\" sizes=\"(max-width: 997px) 100vw, 997px\" \/>\t\t\t\t\t\t\t\t\t\t\t\t\t\t\t<\/div>\n\t\t\t\t<\/div>\n\t\t\t\t\t<\/div>\n\t\t<\/div>\n\t\t\t\t<div class=\"elementor-column elementor-col-50 elementor-top-column elementor-element elementor-element-324d483\" data-id=\"324d483\" data-element_type=\"column\">\n\t\t\t<div class=\"elementor-widget-wrap elementor-element-populated\">\n\t\t\t\t\t\t<div class=\"elementor-element elementor-element-9ceef8e elementor-widget elementor-widget-heading\" data-id=\"9ceef8e\" data-element_type=\"widget\" data-widget_type=\"heading.default\">\n\t\t\t\t<div class=\"elementor-widget-container\">\n\t\t\t\t\t<h2 class=\"elementor-heading-title elementor-size-default\">Workshop<\/h2>\t\t\t\t<\/div>\n\t\t\t\t<\/div>\n\t\t\t\t<div class=\"elementor-element elementor-element-f00172b elementor-widget elementor-widget-heading\" data-id=\"f00172b\" data-element_type=\"widget\" data-widget_type=\"heading.default\">\n\t\t\t\t<div class=\"elementor-widget-container\">\n\t\t\t\t\t<h2 class=\"elementor-heading-title elementor-size-default\">Makigami<\/h2>\t\t\t\t<\/div>\n\t\t\t\t<\/div>\n\t\t\t\t<div class=\"elementor-element elementor-element-bb5e39a elementor-widget elementor-widget-text-editor\" data-id=\"bb5e39a\" data-element_type=\"widget\" data-widget_type=\"text-editor.default\">\n\t\t\t\t<div class=\"elementor-widget-container\">\n\t\t\t\t\t\t\t\t\t<p>La t\u00e9cnica Makigami naci\u00f3 en la industria japonesa muchos a\u00f1os antes que los diagramas Value Steam Mapping (VSM). Su nombre deriva de la palabra &#8220;trabajo con papeles&#8221; y tiene el prop\u00f3sito de realizar un mapa sobre la forma como se realizan los procesos, se coordinan acciones y se generan resultados en cualquier tipo de proceso empresarial.<\/p><p>La ventaja de Makigami es la facilidad que ofrece para observar deficiencias de los procesos o &#8220;mudas&#8221;, especialmente los humanos, causados por la falta de coordinaci\u00f3n de acciones entre las personas de los diferentes departamentos y \u00e1reas.<\/p>\t\t\t\t\t\t\t\t<\/div>\n\t\t\t\t<\/div>\n\t\t\t\t\t<\/div>\n\t\t<\/div>\n\t\t\t\t\t<\/div>\n\t\t<\/section>\n\t\t\t\t<section class=\"elementor-section elementor-top-section elementor-element elementor-element-e0abcff elementor-section-boxed elementor-section-height-default elementor-section-height-default\" data-id=\"e0abcff\" data-element_type=\"section\">\n\t\t\t\t\t\t<div class=\"elementor-container elementor-column-gap-default\">\n\t\t\t\t\t<div class=\"elementor-column elementor-col-33 elementor-top-column elementor-element elementor-element-f301196\" data-id=\"f301196\" data-element_type=\"column\">\n\t\t\t<div class=\"elementor-widget-wrap\">\n\t\t\t\t\t\t\t<\/div>\n\t\t<\/div>\n\t\t\t\t<div class=\"elementor-column elementor-col-33 elementor-top-column elementor-element elementor-element-8eb66f3\" data-id=\"8eb66f3\" data-element_type=\"column\">\n\t\t\t<div class=\"elementor-widget-wrap elementor-element-populated\">\n\t\t\t\t\t\t<div class=\"elementor-element elementor-element-c474f77 elementor-widget elementor-widget-heading\" data-id=\"c474f77\" data-element_type=\"widget\" data-widget_type=\"heading.default\">\n\t\t\t\t<div class=\"elementor-widget-container\">\n\t\t\t\t\t<h2 class=\"elementor-heading-title elementor-size-default\">La coordinaci\u00f3n de personas para un excelente flujo de procesos<\/h2>\t\t\t\t<\/div>\n\t\t\t\t<\/div>\n\t\t\t\t\t<\/div>\n\t\t<\/div>\n\t\t\t\t<div class=\"elementor-column elementor-col-33 elementor-top-column elementor-element elementor-element-40f16a1\" data-id=\"40f16a1\" data-element_type=\"column\">\n\t\t\t<div class=\"elementor-widget-wrap\">\n\t\t\t\t\t\t\t<\/div>\n\t\t<\/div>\n\t\t\t\t\t<\/div>\n\t\t<\/section>\n\t\t\t\t<section class=\"elementor-section elementor-top-section elementor-element elementor-element-4cafe2f elementor-section-boxed elementor-section-height-default elementor-section-height-default\" data-id=\"4cafe2f\" data-element_type=\"section\">\n\t\t\t\t\t\t<div class=\"elementor-container elementor-column-gap-default\">\n\t\t\t\t\t<div class=\"elementor-column elementor-col-33 elementor-top-column elementor-element elementor-element-d62549d\" data-id=\"d62549d\" data-element_type=\"column\">\n\t\t\t<div class=\"elementor-widget-wrap\">\n\t\t\t\t\t\t\t<\/div>\n\t\t<\/div>\n\t\t\t\t<div class=\"elementor-column elementor-col-33 elementor-top-column elementor-element elementor-element-739abdd\" data-id=\"739abdd\" data-element_type=\"column\">\n\t\t\t<div class=\"elementor-widget-wrap elementor-element-populated\">\n\t\t\t\t\t\t<div class=\"elementor-element elementor-element-1d1df97 elementor-widget elementor-widget-text-editor\" data-id=\"1d1df97\" data-element_type=\"widget\" data-widget_type=\"text-editor.default\">\n\t\t\t\t<div class=\"elementor-widget-container\">\n\t\t\t\t\t\t\t\t\t<p>La coordinaci\u00f3n deficiente genera muchas p\u00e9rdidas en los procesos, especialmente en la p\u00e9rdida de satisfacci\u00f3n de los clientes y el aumento de los tiempos de respuesta de las operaciones del negocio. La falta de coordinaci\u00f3n adem\u00e1s tiene un efecto mucho m\u00e1s duradero y perjudicial: erosiona la confianza, que es fundamental para las relaciones y el \u00e9xito en los negocios.<\/p><div class=\"cell-xs-12 cell-md-6\"><div class=\"inset-md-right-30 inset-lg-right-70\"><p>La metodolog\u00eda Makigami es muy \u00fatil para analizar problemas en el flujo de un proyecto ya sea de dise\u00f1o y desarrollo, construcci\u00f3n de una planta, proyecto tecnol\u00f3gico, aprovisionamiento de materiales, introducci\u00f3n y lanzamiento de nuevos productos, gesti\u00f3n de mantenimiento, eliminaci\u00f3n de errores en procesos transaccionales y de gesti\u00f3n que soportan las operaciones.<\/p><p>Makigami es un poderoso complemento para analizar procesos acotados y que no necesariamente integran la cadena de valor completa. Posiblemente la mejor cualidad de Makigami (debilidad del diagrama VSM) es que permite identificar los problemas humanos de coordinaci\u00f3n de acciones, generados por deficiencias de informaci\u00f3n, conversaciones de coordinaci\u00f3n y la falta de compromisos efectivos de las diferentes \u00e1reas.<\/p><\/div><\/div>\t\t\t\t\t\t\t\t<\/div>\n\t\t\t\t<\/div>\n\t\t\t\t\t<\/div>\n\t\t<\/div>\n\t\t\t\t<div class=\"elementor-column elementor-col-33 elementor-top-column elementor-element elementor-element-e434311\" data-id=\"e434311\" data-element_type=\"column\">\n\t\t\t<div class=\"elementor-widget-wrap\">\n\t\t\t\t\t\t\t<\/div>\n\t\t<\/div>\n\t\t\t\t\t<\/div>\n\t\t<\/section>\n\t\t\t\t<section class=\"elementor-section elementor-top-section elementor-element elementor-element-b5aca28 elementor-section-boxed elementor-section-height-default elementor-section-height-default\" data-id=\"b5aca28\" data-element_type=\"section\">\n\t\t\t\t\t\t<div class=\"elementor-container elementor-column-gap-default\">\n\t\t\t\t\t<div class=\"elementor-column elementor-col-33 elementor-top-column elementor-element elementor-element-9f82b47\" data-id=\"9f82b47\" data-element_type=\"column\">\n\t\t\t<div class=\"elementor-widget-wrap\">\n\t\t\t\t\t\t\t<\/div>\n\t\t<\/div>\n\t\t\t\t<div class=\"elementor-column elementor-col-33 elementor-top-column elementor-element elementor-element-bcfb892\" data-id=\"bcfb892\" data-element_type=\"column\">\n\t\t\t<div class=\"elementor-widget-wrap elementor-element-populated\">\n\t\t\t\t\t\t<div class=\"elementor-element elementor-element-056a7c4 elementor-widget elementor-widget-heading\" data-id=\"056a7c4\" data-element_type=\"widget\" data-widget_type=\"heading.default\">\n\t\t\t\t<div class=\"elementor-widget-container\">\n\t\t\t\t\t<h2 class=\"elementor-heading-title elementor-size-default\">La anatom\u00eda de la acci\u00f3n elemento central de la metodolog\u00eda Makigami<\/h2>\t\t\t\t<\/div>\n\t\t\t\t<\/div>\n\t\t\t\t\t<\/div>\n\t\t<\/div>\n\t\t\t\t<div class=\"elementor-column elementor-col-33 elementor-top-column elementor-element elementor-element-9ed0164\" data-id=\"9ed0164\" data-element_type=\"column\">\n\t\t\t<div class=\"elementor-widget-wrap\">\n\t\t\t\t\t\t\t<\/div>\n\t\t<\/div>\n\t\t\t\t\t<\/div>\n\t\t<\/section>\n\t\t\t\t<section class=\"elementor-section elementor-top-section elementor-element elementor-element-2298b95 elementor-section-boxed elementor-section-height-default elementor-section-height-default\" data-id=\"2298b95\" data-element_type=\"section\">\n\t\t\t\t\t\t<div class=\"elementor-container elementor-column-gap-default\">\n\t\t\t\t\t<div class=\"elementor-column elementor-col-25 elementor-top-column elementor-element elementor-element-367657e\" data-id=\"367657e\" data-element_type=\"column\">\n\t\t\t<div class=\"elementor-widget-wrap\">\n\t\t\t\t\t\t\t<\/div>\n\t\t<\/div>\n\t\t\t\t<div class=\"elementor-column elementor-col-25 elementor-top-column elementor-element elementor-element-658856e\" data-id=\"658856e\" data-element_type=\"column\">\n\t\t\t<div class=\"elementor-widget-wrap elementor-element-populated\">\n\t\t\t\t\t\t<div class=\"elementor-element elementor-element-fdf6c35 elementor-widget elementor-widget-image\" data-id=\"fdf6c35\" data-element_type=\"widget\" data-widget_type=\"image.default\">\n\t\t\t\t<div class=\"elementor-widget-container\">\n\t\t\t\t\t\t\t\t\t\t\t\t\t\t\t<img decoding=\"async\" width=\"669\" height=\"404\" src=\"https:\/\/academia-tpm.com\/plataforma\/wp-content\/uploads\/2024\/04\/dunham1.jpg\" class=\"attachment-large size-large wp-image-8326\" alt=\"\" srcset=\"https:\/\/academia-tpm.com\/plataforma\/wp-content\/uploads\/2024\/04\/dunham1.jpg 669w, https:\/\/academia-tpm.com\/plataforma\/wp-content\/uploads\/2024\/04\/dunham1-662x400.jpg 662w, https:\/\/academia-tpm.com\/plataforma\/wp-content\/uploads\/2024\/04\/dunham1-600x362.jpg 600w\" sizes=\"(max-width: 669px) 100vw, 669px\" \/>\t\t\t\t\t\t\t\t\t\t\t\t\t\t\t<\/div>\n\t\t\t\t<\/div>\n\t\t\t\t\t<\/div>\n\t\t<\/div>\n\t\t\t\t<div class=\"elementor-column elementor-col-25 elementor-top-column elementor-element elementor-element-613d37f\" data-id=\"613d37f\" data-element_type=\"column\">\n\t\t\t<div class=\"elementor-widget-wrap elementor-element-populated\">\n\t\t\t\t\t\t<div class=\"elementor-element elementor-element-1797ed1 elementor-widget elementor-widget-text-editor\" data-id=\"1797ed1\" data-element_type=\"widget\" data-widget_type=\"text-editor.default\">\n\t\t\t\t<div class=\"elementor-widget-container\">\n\t\t\t\t\t\t\t\t\t<p>Este gr\u00e1fico presenta la llamada Anatom\u00eda de la acci\u00f3n, que muestra la l\u00f3gica de c\u00f3mo se consiguen los resultados en una empresa. habitualmente creemos que estos se consiguen altarando las acciones, pero no vemos que sonlas conversaciones las que se tienen o no se tienen, o la calidad de estas, las que definen si se logran o no los resultados.<\/p><p>La anotomia de la acci\u00f3n la empleamos como herramienta central de an\u00e1lisis de los diagramas de flujo Makigami, para detectar ls conversaciones faltantes y la calidad de estas.<\/p>\t\t\t\t\t\t\t\t<\/div>\n\t\t\t\t<\/div>\n\t\t\t\t\t<\/div>\n\t\t<\/div>\n\t\t\t\t<div class=\"elementor-column elementor-col-25 elementor-top-column elementor-element elementor-element-2c2548b\" data-id=\"2c2548b\" data-element_type=\"column\">\n\t\t\t<div class=\"elementor-widget-wrap\">\n\t\t\t\t\t\t\t<\/div>\n\t\t<\/div>\n\t\t\t\t\t<\/div>\n\t\t<\/section>\n\t\t\t\t<section class=\"elementor-section elementor-top-section elementor-element elementor-element-49ad796 elementor-section-boxed elementor-section-height-default elementor-section-height-default\" data-id=\"49ad796\" data-element_type=\"section\">\n\t\t\t\t\t\t<div class=\"elementor-container elementor-column-gap-default\">\n\t\t\t\t\t<div class=\"elementor-column elementor-col-33 elementor-top-column elementor-element elementor-element-247e497\" data-id=\"247e497\" data-element_type=\"column\">\n\t\t\t<div class=\"elementor-widget-wrap\">\n\t\t\t\t\t\t\t<\/div>\n\t\t<\/div>\n\t\t\t\t<div class=\"elementor-column elementor-col-33 elementor-top-column elementor-element elementor-element-150800f\" data-id=\"150800f\" data-element_type=\"column\">\n\t\t\t<div class=\"elementor-widget-wrap elementor-element-populated\">\n\t\t\t\t\t\t<div class=\"elementor-element elementor-element-aa42553 elementor-widget elementor-widget-heading\" data-id=\"aa42553\" data-element_type=\"widget\" data-widget_type=\"heading.default\">\n\t\t\t\t<div class=\"elementor-widget-container\">\n\t\t\t\t\t<h2 class=\"elementor-heading-title elementor-size-default\">Nuestro taller<\/h2>\t\t\t\t<\/div>\n\t\t\t\t<\/div>\n\t\t\t\t\t<\/div>\n\t\t<\/div>\n\t\t\t\t<div class=\"elementor-column elementor-col-33 elementor-top-column elementor-element elementor-element-c4f490f\" data-id=\"c4f490f\" data-element_type=\"column\">\n\t\t\t<div class=\"elementor-widget-wrap\">\n\t\t\t\t\t\t\t<\/div>\n\t\t<\/div>\n\t\t\t\t\t<\/div>\n\t\t<\/section>\n\t\t\t\t<section class=\"elementor-section elementor-top-section elementor-element elementor-element-0da4d79 elementor-section-boxed elementor-section-height-default elementor-section-height-default\" data-id=\"0da4d79\" data-element_type=\"section\">\n\t\t\t\t\t\t<div class=\"elementor-container elementor-column-gap-default\">\n\t\t\t\t\t<div class=\"elementor-column elementor-col-33 elementor-top-column elementor-element elementor-element-5d7cbca\" data-id=\"5d7cbca\" data-element_type=\"column\">\n\t\t\t<div class=\"elementor-widget-wrap\">\n\t\t\t\t\t\t\t<\/div>\n\t\t<\/div>\n\t\t\t\t<div class=\"elementor-column elementor-col-33 elementor-top-column elementor-element elementor-element-4973ce3\" data-id=\"4973ce3\" data-element_type=\"column\">\n\t\t\t<div class=\"elementor-widget-wrap elementor-element-populated\">\n\t\t\t\t\t\t<div class=\"elementor-element elementor-element-7675d4c elementor-widget elementor-widget-text-editor\" data-id=\"7675d4c\" data-element_type=\"widget\" data-widget_type=\"text-editor.default\">\n\t\t\t\t<div class=\"elementor-widget-container\">\n\t\t\t\t\t\t\t\t\t<p>\u00a0Apsoluti ofrece acompa\u00f1ar el desarrollo de Workshops aplicando Makigami espec\u00edficamente a procesos concretos en un proyecto t\u00e9cnico. Habitualmente programamos un taller de un d\u00eda para realizar el diagn\u00f3stico del punto de partida del tema en estudio. En este taller, los consultores act\u00faan como facilitadores y son los actores que intervienen del proceso, quienes aportan sus puntos de vista sobre las debilidades en el flujo del proceso. A partir de este ejercicio, los consultores acompa\u00f1an la construcci\u00f3n de un plan de trabajo el cual es generado por los propios actores que intervienen en el proyecto. Esta forma de trabajo permite que el equipo aumente el compromiso para implantar las soluciones obtenidas. Paralelamente, nuestros coaches realizan pr\u00e1cticas para fortalecer las competencias conversacionales de coordinaci\u00f3n del euipo de estudio. El desarrollo de estas competencias es fundamental para sostener los resultados alcanzados.<\/p>\t\t\t\t\t\t\t\t<\/div>\n\t\t\t\t<\/div>\n\t\t\t\t\t<\/div>\n\t\t<\/div>\n\t\t\t\t<div class=\"elementor-column elementor-col-33 elementor-top-column elementor-element elementor-element-789c048\" data-id=\"789c048\" data-element_type=\"column\">\n\t\t\t<div class=\"elementor-widget-wrap\">\n\t\t\t\t\t\t\t<\/div>\n\t\t<\/div>\n\t\t\t\t\t<\/div>\n\t\t<\/section>\n\t\t\t\t<section class=\"elementor-section elementor-top-section elementor-element elementor-element-8476e5b elementor-section-boxed elementor-section-height-default elementor-section-height-default\" data-id=\"8476e5b\" data-element_type=\"section\">\n\t\t\t\t\t\t<div class=\"elementor-container elementor-column-gap-default\">\n\t\t\t\t\t<div class=\"elementor-column elementor-col-33 elementor-top-column elementor-element elementor-element-8b13945\" data-id=\"8b13945\" data-element_type=\"column\">\n\t\t\t<div class=\"elementor-widget-wrap\">\n\t\t\t\t\t\t\t<\/div>\n\t\t<\/div>\n\t\t\t\t<div class=\"elementor-column elementor-col-33 elementor-top-column elementor-element elementor-element-daa937a\" data-id=\"daa937a\" data-element_type=\"column\">\n\t\t\t<div class=\"elementor-widget-wrap elementor-element-populated\">\n\t\t\t\t\t\t<div class=\"elementor-element elementor-element-4dc43a3 elementor-widget elementor-widget-image\" data-id=\"4dc43a3\" data-element_type=\"widget\" data-widget_type=\"image.default\">\n\t\t\t\t<div class=\"elementor-widget-container\">\n\t\t\t\t\t\t\t\t\t\t\t\t\t\t\t<img decoding=\"async\" width=\"1345\" height=\"554\" src=\"https:\/\/academia-tpm.com\/plataforma\/wp-content\/uploads\/2024\/04\/ejemplo_makigami.jpg\" class=\"attachment-large size-large wp-image-8327\" alt=\"\" srcset=\"https:\/\/academia-tpm.com\/plataforma\/wp-content\/uploads\/2024\/04\/ejemplo_makigami.jpg 1345w, https:\/\/academia-tpm.com\/plataforma\/wp-content\/uploads\/2024\/04\/ejemplo_makigami-800x330.jpg 800w, https:\/\/academia-tpm.com\/plataforma\/wp-content\/uploads\/2024\/04\/ejemplo_makigami-768x316.jpg 768w, https:\/\/academia-tpm.com\/plataforma\/wp-content\/uploads\/2024\/04\/ejemplo_makigami-600x247.jpg 600w\" sizes=\"(max-width: 1345px) 100vw, 1345px\" \/>\t\t\t\t\t\t\t\t\t\t\t\t\t\t\t<\/div>\n\t\t\t\t<\/div>\n\t\t\t\t\t<\/div>\n\t\t<\/div>\n\t\t\t\t<div class=\"elementor-column elementor-col-33 elementor-top-column elementor-element elementor-element-855d3c2\" data-id=\"855d3c2\" data-element_type=\"column\">\n\t\t\t<div class=\"elementor-widget-wrap\">\n\t\t\t\t\t\t\t<\/div>\n\t\t<\/div>\n\t\t\t\t\t<\/div>\n\t\t<\/section>\n\t\t\t\t<section class=\"elementor-section elementor-top-section elementor-element elementor-element-8613929 elementor-section-boxed elementor-section-height-default elementor-section-height-default\" data-id=\"8613929\" data-element_type=\"section\">\n\t\t\t\t\t\t<div class=\"elementor-container elementor-column-gap-default\">\n\t\t\t\t\t<div class=\"elementor-column elementor-col-33 elementor-top-column elementor-element elementor-element-3edd987\" data-id=\"3edd987\" data-element_type=\"column\">\n\t\t\t<div class=\"elementor-widget-wrap\">\n\t\t\t\t\t\t\t<\/div>\n\t\t<\/div>\n\t\t\t\t<div class=\"elementor-column elementor-col-33 elementor-top-column elementor-element elementor-element-ee32ed5\" data-id=\"ee32ed5\" data-element_type=\"column\">\n\t\t\t<div class=\"elementor-widget-wrap\">\n\t\t\t\t\t\t\t<\/div>\n\t\t<\/div>\n\t\t\t\t<div class=\"elementor-column elementor-col-33 elementor-top-column elementor-element elementor-element-e37e7c3\" data-id=\"e37e7c3\" data-element_type=\"column\">\n\t\t\t<div class=\"elementor-widget-wrap\">\n\t\t\t\t\t\t\t<\/div>\n\t\t<\/div>\n\t\t\t\t\t<\/div>\n\t\t<\/section>\n\t\t\t\t<\/div>\n\t\t","protected":false},"excerpt":{"rendered":"<p>Workshop Makigami La t\u00e9cnica Makigami naci\u00f3 en la industria japonesa muchos a\u00f1os antes que los [&hellip;]<\/p>\n","protected":false},"author":1,"featured_media":0,"parent":0,"menu_order":0,"comment_status":"closed","ping_status":"closed","template":"","meta":{"site-sidebar-layout":"no-sidebar","site-content-layout":"page-builder","ast-site-content-layout":"full-width-container","site-content-style":"default","site-sidebar-style":"default","ast-global-header-display":"","ast-banner-title-visibility":"","ast-main-header-display":"","ast-hfb-above-header-display":"","ast-hfb-below-header-display":"","ast-hfb-mobile-header-display":"","site-post-title":"disabled","ast-breadcrumbs-content":"","ast-featured-img":"disabled","footer-sml-layout":"","ast-disable-related-posts":"","theme-transparent-header-meta":"default","adv-header-id-meta":"","stick-header-meta":"default","header-above-stick-meta":"","header-main-stick-meta":"","header-below-stick-meta":"","astra-migrate-meta-layouts":"set","ast-page-background-enabled":"default","ast-page-background-meta":{"desktop":{"background-color":"","background-image":"","background-repeat":"repeat","background-position":"center center","background-size":"auto","background-attachment":"scroll","background-type":"","background-media":"","overlay-type":"","overlay-color":"","overlay-opacity":"","overlay-gradient":""},"tablet":{"background-color":"","background-image":"","background-repeat":"repeat","background-position":"center center","background-size":"auto","background-attachment":"scroll","background-type":"","background-media":"","overlay-type":"","overlay-color":"","overlay-opacity":"","overlay-gradient":""},"mobile":{"background-color":"","background-image":"","background-repeat":"repeat","background-position":"center center","background-size":"auto","background-attachment":"scroll","background-type":"","background-media":"","overlay-type":"","overlay-color":"","overlay-opacity":"","overlay-gradient":""}},"ast-content-background-meta":{"desktop":{"background-color":"var(--ast-global-color-5)","background-image":"","background-repeat":"repeat","background-position":"center center","background-size":"auto","background-attachment":"scroll","background-type":"","background-media":"","overlay-type":"","overlay-color":"","overlay-opacity":"","overlay-gradient":""},"tablet":{"background-color":"var(--ast-global-color-5)","background-image":"","background-repeat":"repeat","background-position":"center center","background-size":"auto","background-attachment":"scroll","background-type":"","background-media":"","overlay-type":"","overlay-color":"","overlay-opacity":"","overlay-gradient":""},"mobile":{"background-color":"var(--ast-global-color-5)","background-image":"","background-repeat":"repeat","background-position":"center center","background-size":"auto","background-attachment":"scroll","background-type":"","background-media":"","overlay-type":"","overlay-color":"","overlay-opacity":"","overlay-gradient":""}},"footnotes":""},"class_list":["post-8322","page","type-page","status-publish","hentry"],"_links":{"self":[{"href":"https:\/\/academia-tpm.com\/plataforma\/wp-json\/wp\/v2\/pages\/8322","targetHints":{"allow":["GET"]}}],"collection":[{"href":"https:\/\/academia-tpm.com\/plataforma\/wp-json\/wp\/v2\/pages"}],"about":[{"href":"https:\/\/academia-tpm.com\/plataforma\/wp-json\/wp\/v2\/types\/page"}],"author":[{"embeddable":true,"href":"https:\/\/academia-tpm.com\/plataforma\/wp-json\/wp\/v2\/users\/1"}],"replies":[{"embeddable":true,"href":"https:\/\/academia-tpm.com\/plataforma\/wp-json\/wp\/v2\/comments?post=8322"}],"version-history":[{"count":6,"href":"https:\/\/academia-tpm.com\/plataforma\/wp-json\/wp\/v2\/pages\/8322\/revisions"}],"predecessor-version":[{"id":8331,"href":"https:\/\/academia-tpm.com\/plataforma\/wp-json\/wp\/v2\/pages\/8322\/revisions\/8331"}],"wp:attachment":[{"href":"https:\/\/academia-tpm.com\/plataforma\/wp-json\/wp\/v2\/media?parent=8322"}],"curies":[{"name":"wp","href":"https:\/\/api.w.org\/{rel}","templated":true}]}}