{"id":8,"date":"2022-11-08T11:24:38","date_gmt":"2022-11-08T10:24:38","guid":{"rendered":"https:\/\/academia-tpm.com\/plataforma\/aviso-legal\/"},"modified":"2024-03-26T08:56:38","modified_gmt":"2024-03-26T07:56:38","slug":"aviso-legal","status":"publish","type":"page","link":"https:\/\/academia-tpm.com\/plataforma\/aviso-legal\/","title":{"rendered":"Aviso Legal"},"content":{"rendered":"\n<h2>Identificaci\u00f3n y Titularidad<\/h2>\n\n<p>\n\t\tEn cumplimiento del art\u00edculo 10 de la Ley 34\/2002, de 11 de julio, de Servicios de la Sociedad de la Informaci\u00f3n y Comercio Electr\u00f3nico, el Titular expone sus datos identificativos:\n<\/p>\n\n<p>\n\t<ul>\t\t\n\t\t<li>\n\t\t\t<b>Titular:<\/b>&nbsp;\t\t\n\t\t\tAcademia TPM.\n\t\t\t\n\t\t<\/li>\n\t\t\n\t\t<li>\n\t\t\t<b>NIF:<\/b>&nbsp;21779303M\n\t\t\t\n\t\t<\/li>\n\n\n\t\t<li>\n\t\t\t<b>Domicilio:<\/b>&nbsp;\n\t\t\t calle brusi 23, 1-1A,  Barcelona - Espa\u00f1a.\n\t\t<\/li>\n\t\t\n\t\t<li>\n\t\t\t<b>Correo electr\u00f3nico:<\/b>&nbsp;\n\t\t\tinfo@apsoluti.com\n\t\t<\/li>\n\t\t\n\t\t<li>\n\t\t\t<b>Tel\u00e9fono de contacto:<\/b>&nbsp;\n\t\t\t692266706\n\t\t<\/li>\n\n\t\t<li>\n\t\t\t<b>Sitio Web:<\/b>&nbsp;\n\t\t\t<a href=\"https:\/\/academia-tpm.com\/plataforma\">http:\/\/www.academia-tpm.com<\/a>\n\t\t<\/li>\n\t<\/ul>\n<\/p>\n\n<h2>Finalidad<\/h2>\n<p>\n\tLa finalidad del Sitio Web es: Formaci\u00f3n on line.\t\n<\/p>\n\n\n<h2>Condiciones de Uso<\/h2>\n<p>\n\tLa utilizaci\u00f3n del Sitio Web le otorga la condici\u00f3n de Usuario, e implica la aceptaci\u00f3n completa de todas las cl\u00e1usulas y condiciones de uso incluidas en las p\u00e1ginas:\n\t<ul>\t\t\n\t\t<li><a href=\"https:\/\/academia-tpm.com\/plataforma\/aviso-legal\/\">Aviso Legal<\/a><\/li>\n\t\t<li><a href=\"https:\/\/academia-tpm.com\/plataforma\/politica-de-privacidad\/\">Pol\u00edtica de Privacidad<\/a><\/li>\n\t\t<li><a href=\"https:\/\/academia-tpm.com\/plataforma\/politica-de-cookies\/\">Pol\u00edtica de Cookies<\/a><\/li>\n\t<\/ul>\t\n<\/p>\n\n<p>\n\tSi no estuviera conforme con todas y cada una de estas cl\u00e1usulas y condiciones abst\u00e9ngase de utilizar el Sitio Web.\n<\/p>\n\n<p>\t\n\tEl acceso al Sitio Web no supone, en modo alguno, el inicio de una relaci\u00f3n comercial con el Titular.\n<\/p>\n\n<p>\t\n\tA trav\u00e9s del Sitio Web, el Titular le facilita el acceso y la utilizaci\u00f3n de diversos contenidos que el Titular y\/o sus colaboradores han publicado por medio de Internet.\n<\/p>\n\n<p>\n\tA tal efecto, est\u00e1 obligado y comprometido a NO utilizar cualquiera de los contenidos del Sitio Web con fines o efectos il\u00edcitos, prohibidos en este Aviso Legal o por la legislaci\u00f3n vigente, lesivos de los derechos e intereses de terceros, o que de cualquier forma puedan da\u00f1ar, inutilizar, sobrecargar, deteriorar o impedir la normal utilizaci\u00f3n de los contenidos, los equipos inform\u00e1ticos o los documentos, archivos y toda clase de contenidos almacenados en cualquier equipo inform\u00e1tico propios o contratados por el Titular, de otros usuarios o de cualquier usuario de Internet.\n<\/p>\n\n\n\n\n\n\n<h2>Medidas de seguridad<\/h2>\n<p>\n\tLos datos personales que facilite al Titular pueden ser almacenados en bases de datos automatizadas o no, cuya titularidad corresponde en exclusiva al Titular, que asume todas las medidas de \u00edndole t\u00e9cnica, organizativa y de seguridad que garantizan la confidencialidad, integridad y calidad de la informaci\u00f3n contenida en las mismas de acuerdo con lo establecido en la normativa vigente en protecci\u00f3n de datos.\n<\/p>\n<p>\n\tNo obstante, debe ser consciente de que las medidas de seguridad de los sistemas inform\u00e1ticos en Internet no son enteramente fiables y que, por tanto el Titular no puede garantizar la inexistencia de virus u otros elementos que puedan producir alteraciones en los sistemas inform\u00e1ticos (software y hardware) del Usuario o en sus documentos electr\u00f3nicos y ficheros contenidos en los mismos aunque el Titular pone todos los medios necesarios y toma las medidas de seguridad oportunas para evitar la presencia de estos elementos da\u00f1inos.\n<\/p>\n\n\n<h2>Tratamiento de Datos Personales<\/h2>\n<p>\t\n\tPuede consultar toda la informaci\u00f3n relativa al tratamiento de datos personales que recoge el Titular en la p\u00e1gina de  <a href=\"https:\/\/academia-tpm.com\/plataforma\/politica-de-privacidad\/\">Pol\u00edtica de Privacidad<\/a>.\n<\/p>\n\n<h2>Contenidos<\/h2>\n<p>\n\tEl Titular ha obtenido la informaci\u00f3n, el contenido multimedia y los materiales incluidos en el Sitio Web de fuentes que considera fiables, pero, si bien ha tomado todas las medidas razonables para asegurar que la informaci\u00f3n contenida es correcta, el Titular no garantiza que sea exacta, completa o actualizada. El Titular declina expresamente cualquier responsabilidad por error u omisi\u00f3n en la informaci\u00f3n contenida en las p\u00e1ginas del Sitio Web.\n<\/p>\n\n<p>\n\tQueda prohibido transmitir o enviar a trav\u00e9s del Sitio Web cualquier contenido ilegal o il\u00edcito, virus inform\u00e1ticos, o mensajes que, en general, afecten o violen derechos del Titular o de terceros.\n<\/p>\n\n<p>\n\tLos contenidos del Sitio Web tienen \u00fanicamente una finalidad informativa y bajo ninguna circunstancia deben usarse ni considerarse como oferta de venta, solicitud de una oferta de compra ni recomendaci\u00f3n para realizar cualquier otra operaci\u00f3n, salvo que as\u00ed se indique expresamente.\n<\/p>\n\n<p>\n\tEl Titular se reserva el derecho a modificar, suspender, cancelar o restringir el contenido del Sitio Web, los v\u00ednculos o la informaci\u00f3n obtenida a trav\u00e9s del Sitio Web, sin necesidad de previo aviso.\n<\/p>\n\n<p>\n\tEl Titular\u00a0no es responsable de los da\u00f1os y perjuicios que pudieran derivarse de la utilizaci\u00f3n de la informaci\u00f3n del Sitio Web o de la contenida en las redes sociales del Titular.\n<\/p>\n\n\n<h2>Pol\u00edtica de cookies<\/h2>\n<p>\n\tPuede consultar toda la informaci\u00f3n relativa a la pol\u00edtica de recogida y tratamiento de las cookies en la p\u00e1gina de  <a href=\"https:\/\/academia-tpm.com\/plataforma\/politica-de-cookies\/\">Pol\u00edtica de Cookies<\/a>.\n<\/p>\n\n\n<h2>Enlaces a otros sitios Web<\/h2>\n<p>\n\tEl Titular puede proporcionarle acceso a sitios Web de terceros mediante enlaces con la finalidad exclusiva de informar sobre la existencia de otras fuentes de informaci\u00f3n en Internet en las que podr\u00e1 ampliar los datos ofrecidos en el Sitio Web.\n<\/p>\n\n<p>\t\n\tEstos enlaces a otros sitios Web no suponen en ning\u00fan caso una sugerencia o recomendaci\u00f3n para que usted visite las p\u00e1ginas web de destino, que est\u00e1n fuera del control del Titular, por lo que el Titular no es responsable del contenido de los sitios web vinculados ni del resultado que obtenga al seguir los enlaces.\n\tAsimismo, el Titular no responde de los links o enlaces ubicados en los sitios web vinculados a los que le proporciona acceso.\n<\/p>\n\n<p>\n\tEl establecimiento del enlace no implica en ning\u00fan caso la existencia de relaciones entre el Titular y el propietario del sitio en el que se establezca el enlace, ni la aceptaci\u00f3n o aprobaci\u00f3n por parte del Titular de sus contenidos o servicios.\n<\/p>\n\n<p>\t\n\tSi accede a un sitio web externo desde un enlace que encuentre en el Sitio Web usted deber\u00e1 leer la propia pol\u00edtica de privacidad del otro sitio web que puede ser diferente de la de este sitio Web.\n<\/p>\n\n\n\n<h2>Propiedad intelectual e industrial<\/h2>\n<p>\n\tTodos los derechos est\u00e1n reservados.\n<\/p>\n<p>\n\tTodo acceso a este Sitio Web est\u00e1 sujeto a las siguientes condiciones: la reproducci\u00f3n, almacenaje permanente y la difusi\u00f3n de los contenidos o cualquier otro uso que tenga finalidad p\u00fablica o comercial queda expresamente prohibida sin el consentimiento previo expreso y por escrito del Titular.\n<\/p>\n\n\n<h2>Limitaci\u00f3n de responsabilidad<\/h2>\n<p>\n\tEl Titular declina cualquier responsabilidad en caso de que existan interrupciones o un mal funcionamiento de los Servicios o contenidos ofrecidos en Internet, cualquiera que sea su causa. Asimismo, el Titular no se hace responsable por ca\u00eddas de la red, p\u00e9rdidas de negocio a consecuencia de dichas ca\u00eddas, suspensiones temporales de fluido el\u00e9ctrico o cualquier otro tipo de da\u00f1o indirecto que te pueda ser causado por causas ajenas a el Titular.\n<\/p>\n<p>\n\tAntes de tomar decisiones y\/o acciones con base a la informaci\u00f3n incluida en el Sitio Web, el Titular le recomienda comprobar y contrastar la informaci\u00f3n recibida con otras fuentes.\n<\/p>\n\n\n\n<h2>Jurisdicci\u00f3n<\/h2>\n<p>\t\n\tEste Aviso Legal se rige \u00edntegramente por la legislaci\u00f3n espa\u00f1ola.\n<\/p>\n\n\n<h2>Contacto<\/h2>\n<p>\t\n\tEn caso de que usted tenga cualquier duda acerca de este Aviso Legal o quiera realizar cualquier comentario sobre el Sitio Web, puede enviar un mensaje de correo electr\u00f3nico a la direcci\u00f3n: info@apsoluti.com\n<\/p>\n\t\t<div data-elementor-type=\"wp-page\" data-elementor-id=\"8\" class=\"elementor elementor-8\" data-elementor-post-type=\"page\">\n\t\t\t\t\t\t<section class=\"elementor-section elementor-top-section elementor-element elementor-element-ef4b84d elementor-section-boxed elementor-section-height-default elementor-section-height-default\" data-id=\"ef4b84d\" data-element_type=\"section\">\n\t\t\t\t\t\t<div class=\"elementor-container elementor-column-gap-default\">\n\t\t\t\t\t<div class=\"elementor-column elementor-col-33 elementor-top-column elementor-element elementor-element-f2d2618\" data-id=\"f2d2618\" data-element_type=\"column\">\n\t\t\t<div class=\"elementor-widget-wrap\">\n\t\t\t\t\t\t\t<\/div>\n\t\t<\/div>\n\t\t\t\t<div class=\"elementor-column elementor-col-33 elementor-top-column elementor-element elementor-element-1416856\" data-id=\"1416856\" data-element_type=\"column\">\n\t\t\t<div class=\"elementor-widget-wrap elementor-element-populated\">\n\t\t\t\t\t\t<div class=\"elementor-element elementor-element-0e558a3 elementor-widget elementor-widget-heading\" data-id=\"0e558a3\" data-element_type=\"widget\" data-widget_type=\"heading.default\">\n\t\t\t\t<div class=\"elementor-widget-container\">\n\t\t\t\t\t<h2 class=\"elementor-heading-title elementor-size-default\">AVISO LEGAL<\/h2>\t\t\t\t<\/div>\n\t\t\t\t<\/div>\n\t\t\t\t<div class=\"elementor-element elementor-element-f41b09e elementor-widget elementor-widget-text-editor\" data-id=\"f41b09e\" data-element_type=\"widget\" data-widget_type=\"text-editor.default\">\n\t\t\t\t<div class=\"elementor-widget-container\">\n\t\t\t\t\t\t\t\t\t<div><p>Estos t\u00e9rminos sirven proteger tus derechos. Contienen toda la informaci\u00f3n sobre la operaci\u00f3n de este sitio web y las leyes que aplican al comercio el\u00e9ctrico.<\/p><\/div><div><h2>Datos del titular de la p\u00e1gina web:<\/h2><\/div><div><p>Denominaci\u00f3n social: Apsoluti Business S.L..<\/p><\/div><div><p>NIF: B56285273<\/p><\/div><div><p>Domicilio: Brusi 23, 1-1. CP 08006 Barcelona, Spain<\/p><\/div><div><p>Web: academia-tpm.com\/plataforma<\/p><\/div><div><p>Contacto: info@academia-tpm.com<\/p><\/div><div><p>El objetivo de esta web<\/p><\/div><div><p>El objetivo de Academia TPM (The TPM Academy) es ayudar a sus suscriptores a conocer las buenas pr\u00e1cticas TPM y otras iniciativas World Class \u00fatiles para mejorar la productividad y el bienestar de los empleados de f\u00e1bricas y plantas industriales. Los contenidos son producidos en formato escrito, audio, video sobre cada uno de los temas presentados.<\/p><\/div><div><p>Esta web cumple con todo lo establecido la Ley Org\u00e1nica 3\/2018, de 5 de diciembre, de Protecci\u00f3n de Datos Personales y garant\u00eda de los derechos digitales (LOPDGDD). Cumple tambi\u00e9n con el Reglamento (UE) 2016\/679 del Parlamento Europeo y del Consejo de 27 de abril de 2016 relativo a la protecci\u00f3n de las personas f\u00edsicas (RGPD), as\u00ed como con la Ley 34\/2002, de 11 de julio, de Servicios de la Sociedad de la Informaci\u00f3n y Comercio Electr\u00f3nico (LSSICE o LSSI).<\/p><\/div><div><h2>Condiciones generales<\/h2><\/div><div><p>Las presentes Condiciones Generales tienen como finalidad regular el uso, incluyendo el acceso, de las p\u00e1ginas web que forman parte del sitio web de academia-tpm.com, as\u00ed como los contenidos y servicios que se ponen a disposici\u00f3n en ellas. Al acceder al sitio web academia-tpm.com, cualquier persona que lo haga (&#8220;usuario\/a&#8221;) acepta de forma expresa someterse a las Condiciones Generales vigentes en cada momento en el portal &#8220;noticias.emprendeaprendiendo.com&#8221;.<\/p><\/div><div><h2>Datos personales<\/h2><\/div><div><p>Si deseas conocer m\u00e1s sobre como tratamos tus datos personales, te invitamos a echarle un vistazo a la p\u00e1gina de\u00a0<a class=\"link\" href=\"https:\/\/noticias.emprendeaprendiendo.com\/c\/politicaprivacidad\" target=\"_blank\" rel=\"noopener noreferrer nofollow\">Pol\u00edtica de privacidad<\/a>.<\/p><\/div><div><h2>Cookies<\/h2><\/div><div><p>Kissmind usa algunas cookies en su sitio web. Si deseas conocer cuales y con qu\u00e9 finalidad, te invitamos a echarle un vistazo a la\u00a0<a class=\"link\" href=\"https:\/\/noticias.emprendeaprendiendo.com\/c\/cookies\" target=\"_blank\" rel=\"noopener noreferrer nofollow\">Pol\u00edtica de Cookies<\/a>.<\/p><\/div><div><h2>Responsabilidad<\/h2><\/div><div><p>El sitio web\u00a0<a class=\"link\" href=\"http:\/\/noticias.emprendeaprendiendo.com\/?utm_source=noticias.emprendeaprendiendo.com&amp;utm_medium=referral\" target=\"_blank\" rel=\"noopener noreferrer nofollow\">noticias.emprendeaprendiendo.com<\/a>\u00a0puede contener enlaces que redirijan a contenidos de otras p\u00e1ginas web, de los cuales Kissmind, Inc no es responsable. Dado que no es factible controlar siempre los contenidos introducidos por terceros en sus sitios web, Kissmind, Inc no asume ninguna responsabilidad respecto a dichos contenidos.<\/p><\/div><div><p>Kissmind, Inc tampoco se hace responsable de la informaci\u00f3n y contenidos almacenados, por ejemplo, en foros, chats, generadores de blogs, comentarios, redes sociales u otros medios que permitan a terceros publicar contenidos de forma independiente en la p\u00e1gina web del prestador. Sin embargo, en cumplimiento de lo establecido en el art. 11 y 16 de la LSSI-CE, Kissmind se encuentra disponible para todos los usuarios, autoridades y fuerzas de seguridad, colaborando activamente en la retirada o bloqueo de aquellos contenidos que pudieran afectar o contravenir la legislaci\u00f3n nacional o internacional, derechos de terceros, o la moral y el orden p\u00fablico.<\/p><\/div><div><p>En caso de que el usuario considere que existe en el sitio web alg\u00fan contenido que pudiera ser susceptible de esta clasificaci\u00f3n, se solicita notificarlo de forma inmediata al administrador del sitio web, a trav\u00e9s de la direcci\u00f3n de correo proporcionada al inicio de este aviso legal.<\/p><\/div><div><p>Asimismo, Kissmind, Inc no asume responsabilidad por las posibles descargas que terceros puedan realizar de las fotos\/videos que aparecen en esta p\u00e1gina web.<\/p><\/div><div><p>Se ha revisado y probado este sitio web para garantizar su correcto funcionamiento. En principio, se espera que funcione adecuadamente durante los 365 d\u00edas del a\u00f1o, las 24 horas del d\u00eda. No obstante, Kissmind, Inc no descarta la posibilidad de que puedan ocurrir ciertos errores de programaci\u00f3n o situaciones de fuerza mayor, como cat\u00e1strofes naturales, huelgas u otras circunstancias similares, que hagan imposible el acceso a la p\u00e1gina web.<\/p><\/div><div><h2>Compromisos y obligaciones<\/h2><\/div><div><p>Al navegar por este sitio web, es necesario establecer algunas normas b\u00e1sicas. Como usuario, debes entender y aceptar que el acceso a esta web no implica, bajo ninguna circunstancia, el inicio de una relaci\u00f3n comercial con Kissmind, Inc. Por lo tanto, al transitar por esta web, te comprometes a utilizar el sitio web, sus servicios y contenidos cumpliendo con la legislaci\u00f3n vigente, la buena fe y el orden p\u00fablico.<\/p><\/div><div><p>Queda terminantemente prohibido utilizar esta web con fines il\u00edcitos o da\u00f1inos, o de cualquier manera que pueda causar perjuicio o afectar el normal funcionamiento del sitio web. Adem\u00e1s, se proh\u00edbe:<\/p><\/div><div><p>\u2022 Reproducir, distribuir o modificar, total o parcialmente, los contenidos de esta web sin la autorizaci\u00f3n expresa de Kissmind como leg\u00edtimo titular.<\/p><\/div><div><p>\u2022 Cualquier vulneraci\u00f3n de los derechos del prestador o de nosotros como leg\u00edtimos titulares.<\/p><\/div><div><p>\u2022 Utilizar esta web con fines comerciales o publicitarios sin la autorizaci\u00f3n del responsable.<\/p><\/div><div><p>\u2022 Utilizar el Sitio Web y\/o los Contenidos, total o parcialmente, para promocionar, vender, contratar, divulgar publicidad o informaci\u00f3n propia o de terceras personas sin la autorizaci\u00f3n previa y por escrito de Kissmind o incluir hiperv\u00ednculos en sus p\u00e1ginas web particulares o comerciales hacia esta web y\/o las formaciones ofrecidas por Kissmind, salvo autorizaci\u00f3n expresa de Kissmind.<\/p><\/div><div><p>\u2022 Utilizar los servicios y materiales ofrecidos a trav\u00e9s de esta p\u00e1gina web y\/o las formaciones de manera contraria a las Condiciones Generales y\/o las Condiciones Particulares que regulen el uso de un determinado servicio y\/o formaci\u00f3n, y perjudicar o menoscabar los derechos del resto de los usuarios.<\/p><\/div><div><h2>Seguridad<\/h2><\/div><div><p>Los datos personales proporcionados por el usuario a Kissmind, ya sea almacenados en bases de datos automatizadas (cookies) o no, son de propiedad exclusiva de Kissmind, Inc. La empresa asume la responsabilidad de implementar todas las medidas t\u00e9cnicas, organizativas y de seguridad necesarias para garantizar la confidencialidad, integridad y calidad de la informaci\u00f3n contenida en dichas bases de datos, de acuerdo con lo establecido en la normativa vigente en protecci\u00f3n de datos.<\/p><\/div><div><p>Derechos de propiedad intelectual e industrial<\/p><\/div><div><p>En cumplimiento de los art\u00edculos 8 y 32.1, p\u00e1rrafo segundo, de la Ley de Propiedad Intelectual, se proh\u00edbe expresamente la reproducci\u00f3n, distribuci\u00f3n y comunicaci\u00f3n p\u00fablica, incluida la puesta a disposici\u00f3n, de manera total o parcial, de los contenidos de esta p\u00e1gina web con fines comerciales, en cualquier soporte y por cualquier medio t\u00e9cnico, sin la previa autorizaci\u00f3n de Kissmind.<\/p><\/div><div><p>El usuario se compromete a respetar los derechos de Propiedad Intelectual e Industrial titularidad de Kissmind. Cualquier referencia a nombres, marcas comerciales o registradas, logotipos u otros signos distintivos, ya sean de propiedad de Kissmind o de terceras empresas, implica la prohibici\u00f3n de su uso sin el consentimiento expreso de Kissmind o sus leg\u00edtimos propietarios. En ning\u00fan momento, salvo manifestaci\u00f3n expresa, el acceso o uso de esta web y\/o de los contenidos concede derechos al usuario sobre las marcas, logotipos y\/o signos distintivos protegidos por la ley.<\/p><\/div><div><p>Se reservan todos los derechos de propiedad intelectual e industrial, y especialmente se proh\u00edbe modificar, copiar, reutilizar, explotar de cualquier forma, reproducir, transformar, doblar, subtitular, ceder, vender, alquilar, prestar, comunicar p\u00fablicamente o permitir el acceso p\u00fablico a trav\u00e9s de cualquier modalidad de comunicaci\u00f3n, hacer segundas o posteriores publicaciones, cargar archivos, enviar por correo, transmitir, usar, tratar o distribuir de cualquier forma la totalidad o parte de los contenidos, elementos, materiales, informaci\u00f3n y productos en su caso, incluidos en esta web y\/o los contenidos con prop\u00f3sitos p\u00fablicos o comerciales, as\u00ed como incluirlos en otro sitio web distinto, sin la autorizaci\u00f3n expresa y por escrito de Kissmind, Inc.<\/p><\/div><div><p>El usuario reconoce y acepta que todo el sitio web, incluyendo, pero sin limitarse a, el texto, software, contenidos, fotograf\u00edas, material audiovisual y gr\u00e1ficos, est\u00e1 protegido por marcas, derechos de autor y otros derechos leg\u00edtimos, de acuerdo con los tratados internacionales en los que Espa\u00f1a es parte y otras leyes de propiedad y derechos de Espa\u00f1a.<\/p><\/div><div><p>Por lo tanto, est\u00e1 prohibido suprimir, eludir o manipular el aviso de derechos de autor (&#8220;copyright&#8221;) y cualquier otra identificaci\u00f3n de los derechos de Kissmind, o de sus respectivos titulares que se encuentren en los contenidos y\/o servicios, as\u00ed como los dispositivos t\u00e9cnicos de protecci\u00f3n o cualquier mecanismo de informaci\u00f3n y\/o identificaci\u00f3n que puedan estar presentes en los mismos.<\/p><\/div><div><h2>Ley aplicable y jurisdicci\u00f3n<\/h2><\/div><div><p>Estos t\u00e9rminos de uso y tu uso de nuestro sitio web est\u00e1n regidos por las leyes de Delaware, Estados Unidos, y cualquier disputa ser\u00e1 resuelta en los tribunales de Delaware, Estados Unidos.<\/p><\/div><div><p>Al acceder a nuestro sitio web, aceptas quedar vinculado por estos t\u00e9rminos de uso. Si no est\u00e1s de acuerdo con estos t\u00e9rminos, no est\u00e1s autorizado a utilizar nuestro sitio web.<\/p><\/div><div><h2>Contacto<\/h2><\/div><div><p>Si tienes cualquier duda sobre esta condiciones legales o deseas contactarnos por el motivo que sea, puedes hacerlo a trav\u00e9s del correo contacto@emprendeaprendiendo.com.<\/p><\/div>\t\t\t\t\t\t\t\t<\/div>\n\t\t\t\t<\/div>\n\t\t\t\t\t<\/div>\n\t\t<\/div>\n\t\t\t\t<div class=\"elementor-column elementor-col-33 elementor-top-column elementor-element elementor-element-848a002\" data-id=\"848a002\" data-element_type=\"column\">\n\t\t\t<div class=\"elementor-widget-wrap\">\n\t\t\t\t\t\t\t<\/div>\n\t\t<\/div>\n\t\t\t\t\t<\/div>\n\t\t<\/section>\n\t\t\t\t<\/div>\n\t\t","protected":false},"excerpt":{"rendered":"<p>Identificaci\u00f3n y Titularidad En cumplimiento del art\u00edculo 10 de la Ley 34\/2002, de 11 de [&hellip;]<\/p>\n","protected":false},"author":1,"featured_media":0,"parent":0,"menu_order":0,"comment_status":"closed","ping_status":"closed","template":"","meta":{"site-sidebar-layout":"no-sidebar","site-content-layout":"page-builder","ast-site-content-layout":"full-width-container","site-content-style":"default","site-sidebar-style":"default","ast-global-header-display":"","ast-banner-title-visibility":"","ast-main-header-display":"","ast-hfb-above-header-display":"","ast-hfb-below-header-display":"","ast-hfb-mobile-header-display":"","site-post-title":"disabled","ast-breadcrumbs-content":"","ast-featured-img":"disabled","footer-sml-layout":"","ast-disable-related-posts":"","theme-transparent-header-meta":"","adv-header-id-meta":"","stick-header-meta":"","header-above-stick-meta":"","header-main-stick-meta":"","header-below-stick-meta":"","astra-migrate-meta-layouts":"default","ast-page-background-enabled":"default","ast-page-background-meta":{"desktop":{"background-color":"","background-image":"","background-repeat":"repeat","background-position":"center center","background-size":"auto","background-attachment":"scroll","background-type":"","background-media":"","overlay-type":"","overlay-color":"","overlay-opacity":"","overlay-gradient":""},"tablet":{"background-color":"","background-image":"","background-repeat":"repeat","background-position":"center center","background-size":"auto","background-attachment":"scroll","background-type":"","background-media":"","overlay-type":"","overlay-color":"","overlay-opacity":"","overlay-gradient":""},"mobile":{"background-color":"","background-image":"","background-repeat":"repeat","background-position":"center center","background-size":"auto","background-attachment":"scroll","background-type":"","background-media":"","overlay-type":"","overlay-color":"","overlay-opacity":"","overlay-gradient":""}},"ast-content-background-meta":{"desktop":{"background-color":"var(--ast-global-color-5)","background-image":"","background-repeat":"repeat","background-position":"center center","background-size":"auto","background-attachment":"scroll","background-type":"","background-media":"","overlay-type":"","overlay-color":"","overlay-opacity":"","overlay-gradient":""},"tablet":{"background-color":"var(--ast-global-color-5)","background-image":"","background-repeat":"repeat","background-position":"center center","background-size":"auto","background-attachment":"scroll","background-type":"","background-media":"","overlay-type":"","overlay-color":"","overlay-opacity":"","overlay-gradient":""},"mobile":{"background-color":"var(--ast-global-color-5)","background-image":"","background-repeat":"repeat","background-position":"center center","background-size":"auto","background-attachment":"scroll","background-type":"","background-media":"","overlay-type":"","overlay-color":"","overlay-opacity":"","overlay-gradient":""}},"footnotes":""},"class_list":["post-8","page","type-page","status-publish","hentry"],"_links":{"self":[{"href":"https:\/\/academia-tpm.com\/plataforma\/wp-json\/wp\/v2\/pages\/8","targetHints":{"allow":["GET"]}}],"collection":[{"href":"https:\/\/academia-tpm.com\/plataforma\/wp-json\/wp\/v2\/pages"}],"about":[{"href":"https:\/\/academia-tpm.com\/plataforma\/wp-json\/wp\/v2\/types\/page"}],"author":[{"embeddable":true,"href":"https:\/\/academia-tpm.com\/plataforma\/wp-json\/wp\/v2\/users\/1"}],"replies":[{"embeddable":true,"href":"https:\/\/academia-tpm.com\/plataforma\/wp-json\/wp\/v2\/comments?post=8"}],"version-history":[{"count":9,"href":"https:\/\/academia-tpm.com\/plataforma\/wp-json\/wp\/v2\/pages\/8\/revisions"}],"predecessor-version":[{"id":7501,"href":"https:\/\/academia-tpm.com\/plataforma\/wp-json\/wp\/v2\/pages\/8\/revisions\/7501"}],"wp:attachment":[{"href":"https:\/\/academia-tpm.com\/plataforma\/wp-json\/wp\/v2\/media?parent=8"}],"curies":[{"name":"wp","href":"https:\/\/api.w.org\/{rel}","templated":true}]}}