{"id":5142,"date":"2023-07-26T05:23:00","date_gmt":"2023-07-26T04:23:00","guid":{"rendered":"https:\/\/academia-tpm.com\/plataforma\/?page_id=5142"},"modified":"2023-07-26T05:25:42","modified_gmt":"2023-07-26T04:25:42","slug":"cursos-de-valor","status":"publish","type":"page","link":"https:\/\/academia-tpm.com\/plataforma\/cursos-de-valor\/","title":{"rendered":"cursos de valor"},"content":{"rendered":"<ol class=\"text\">\n<li class=\"li1\">\n<div class=\"de1\"><div id=\"ld-course-list-content-6e052079cf162024857a5c173e1ab2b5\" class=\"ld-course-list-content\" data-shortcode-atts=\"{&quot;progress_bar&quot;:&quot;true&quot;}\">\n\t\t\t<div class=\"ld-course-list-items row\">\n\t<!-- LearnDash Course Grid v1 --><div class=\"ld_course_grid col-sm-8 col-md-4 \">\n\t<article id=\"post-19297\" class=\" thumbnail course post-19297 sfwd-courses type-sfwd-courses status-publish hentry\">\n\t\t\t\t\t\t\t\t<div class=\"ribbon\">\n\t\t\t\tFree\t\t\t<\/div>\n\t\t\t\n\t\t\t\t\t\t<a href=\"https:\/\/academia-tpm.com\/plataforma\/Gu\u00edas\/19297\/\" rel=\"bookmark\">\n\t\t\t\t<img decoding=\"async\" alt=\"\" src=\"https:\/\/academia-tpm.com\/plataforma\/wp-content\/plugins\/learndash-course-grid\/assets\/img\/thumbnail.jpg\"\/>\n\t\t\t<\/a>\n\t\t\t\t\t\n\t\t\t\t\t<div class=\"caption\">\n\t\t\t\t<h3 class=\"entry-title\">Untitled - #19297<\/h3>\n\t\t\t\t\t\t\t\t<div class=\"ld_course_grid_button\"><a class=\"btn btn-primary\" role=\"button\" href=\"https:\/\/academia-tpm.com\/plataforma\/Gu\u00edas\/19297\/\" rel=\"bookmark\">Enroll Now<\/a><\/div>\n\t\t\t\t\t\t\t\t\t\t\t\t\t\t\t\t\t\t\t\t\t\t\t\t\t\t\t<\/div><!-- .entry-header -->\n\t\t\t<\/article><!-- #post-## -->\n<\/div><!-- .ld_course_grid -->\n<!-- LearnDash Course Grid v1 --><div class=\"ld_course_grid col-sm-8 col-md-4 \">\n\t<article id=\"post-19103\" class=\" thumbnail course post-19103 sfwd-courses type-sfwd-courses status-publish hentry\">\n\t\t\t\t\t\t\t\t<div class=\"ribbon\">\n\t\t\t\tFree\t\t\t<\/div>\n\t\t\t\n\t\t\t\t\t\t<a href=\"https:\/\/academia-tpm.com\/plataforma\/Gu\u00edas\/estrategia-5s\/\" rel=\"bookmark\">\n\t\t\t\t<img decoding=\"async\" alt=\"\" src=\"https:\/\/academia-tpm.com\/plataforma\/wp-content\/plugins\/learndash-course-grid\/assets\/img\/thumbnail.jpg\"\/>\n\t\t\t<\/a>\n\t\t\t\t\t\n\t\t\t\t\t<div class=\"caption\">\n\t\t\t\t<h3 class=\"entry-title\">Estrategia 5S<\/h3>\n\t\t\t\t\t\t\t\t<div class=\"ld_course_grid_button\"><a class=\"btn btn-primary\" role=\"button\" href=\"https:\/\/academia-tpm.com\/plataforma\/Gu\u00edas\/estrategia-5s\/\" rel=\"bookmark\">Enroll Now<\/a><\/div>\n\t\t\t\t\t\t\t\t\t\t\t\t\t\t\t\t\t\t\t\t\t\t\t\t\t\t\t<\/div><!-- .entry-header -->\n\t\t\t<\/article><!-- #post-## -->\n<\/div><!-- .ld_course_grid -->\n<!-- LearnDash Course Grid v1 --><div class=\"ld_course_grid col-sm-8 col-md-4 \">\n\t<article id=\"post-18449\" class=\" thumbnail course post-18449 sfwd-courses type-sfwd-courses status-publish has-post-thumbnail hentry\">\n\t\t\t\t\t\t\t\t<div class=\"ribbon\">\n\t\t\t\tFree\t\t\t<\/div>\n\t\t\t\n\t\t\t\t\t\t<a href=\"https:\/\/academia-tpm.com\/plataforma\/Gu\u00edas\/sistema-cero-averias\/\" rel=\"bookmark\">\n\t\t\t\t<img fetchpriority=\"high\" decoding=\"async\" width=\"600\" height=\"400\" src=\"https:\/\/academia-tpm.com\/plataforma\/wp-content\/uploads\/2025\/04\/5s3-1-600x400.jpg\" class=\"attachment-medium size-medium wp-post-image\" alt=\"\" srcset=\"https:\/\/academia-tpm.com\/plataforma\/wp-content\/uploads\/2025\/04\/5s3-1-600x400.jpg 600w, https:\/\/academia-tpm.com\/plataforma\/wp-content\/uploads\/2025\/04\/5s3-1-768x512.jpg 768w, https:\/\/academia-tpm.com\/plataforma\/wp-content\/uploads\/2025\/04\/5s3-1.jpg 848w\" sizes=\"(max-width: 600px) 100vw, 600px\" \/>\t\t\t<\/a>\n\t\t\t\t\t\n\t\t\t\t\t<div class=\"caption\">\n\t\t\t\t<h3 class=\"entry-title\">Sistema Cero Aver\u00edas &#8211; M\u00e9todos de Ingenier\u00eda TPM<\/h3>\n\t\t\t\t\t\t\t\t<div class=\"ld_course_grid_button\"><a class=\"btn btn-primary\" role=\"button\" href=\"https:\/\/academia-tpm.com\/plataforma\/Gu\u00edas\/sistema-cero-averias\/\" rel=\"bookmark\">Enroll Now<\/a><\/div>\n\t\t\t\t\t\t\t\t\t\t\t\t\t\t\t\t\t\t\t\t\t\t\t\t\t\t\t<\/div><!-- .entry-header -->\n\t\t\t<\/article><!-- #post-## -->\n<\/div><!-- .ld_course_grid -->\n<!-- LearnDash Course Grid v1 --><div class=\"ld_course_grid col-sm-8 col-md-4 \">\n\t<article id=\"post-17271\" class=\" thumbnail course post-17271 sfwd-courses type-sfwd-courses status-publish hentry\">\n\t\t\t\t\t\t\t\t<div class=\"ribbon\">\n\t\t\t\tEssential\t\t\t<\/div>\n\t\t\t\n\t\t\t\t\t\t<a href=\"https:\/\/academia-tpm.com\/plataforma\/Gu\u00edas\/implementing-tpm-a-practical-guide-for-factory-leaders\/\" rel=\"bookmark\">\n\t\t\t\t<img decoding=\"async\" alt=\"\" src=\"https:\/\/academia-tpm.com\/plataforma\/wp-content\/plugins\/learndash-course-grid\/assets\/img\/thumbnail.jpg\"\/>\n\t\t\t<\/a>\n\t\t\t\t\t\n\t\t\t\t\t<div class=\"caption\">\n\t\t\t\t<h3 class=\"entry-title\">Implementing TPM: A Practical Guide for Factory Leaders<\/h3>\n\t\t\t\t\t\t\t\t<div class=\"entry-content\"><p>Unlock the full potential of your factory with this hands-on course designed for plant managers, supervisors, and team leaders. Learn how to implement Total Productive Maintenance (TPM) step-by-step, improve equipment reliability, and lead lasting operational change.<\/p>\n<\/div>\n\t\t\t\t\t\t\t\t<div class=\"ld_course_grid_button\"><a class=\"btn btn-primary\" role=\"button\" href=\"https:\/\/academia-tpm.com\/plataforma\/Gu\u00edas\/implementing-tpm-a-practical-guide-for-factory-leaders\/\" rel=\"bookmark\">Go to the programme ..<\/a><\/div>\n\t\t\t\t\t\t\t\t\t\t\t\t\t\t\t\t\t\t\t\t\t\t\t\t\t\t\t<\/div><!-- .entry-header -->\n\t\t\t<\/article><!-- #post-## -->\n<\/div><!-- .ld_course_grid -->\n<!-- LearnDash Course Grid v1 --><div class=\"ld_course_grid col-sm-8 col-md-4 \">\n\t<article id=\"post-13281\" class=\" thumbnail course post-13281 sfwd-courses type-sfwd-courses status-publish has-post-thumbnail hentry ld_course_category-metodos-de-fiabilidad\">\n\t\t\t\t\t\t\t\t<div class=\"ribbon\">\n\t\t\t\tMejora de la Fiabilidad\t\t\t<\/div>\n\t\t\t\n\t\t\t\t\t\t<a href=\"https:\/\/academia-tpm.com\/plataforma\/Gu\u00edas\/analisis-de-causa-raiz\/\" rel=\"bookmark\">\n\t\t\t\t<img decoding=\"async\" width=\"600\" height=\"400\" src=\"https:\/\/academia-tpm.com\/plataforma\/wp-content\/uploads\/2024\/04\/leanmaintenance-600x400.jpg\" class=\"attachment-medium size-medium wp-post-image\" alt=\"\" srcset=\"https:\/\/academia-tpm.com\/plataforma\/wp-content\/uploads\/2024\/04\/leanmaintenance-600x400.jpg 600w, https:\/\/academia-tpm.com\/plataforma\/wp-content\/uploads\/2024\/04\/leanmaintenance-1400x933.jpg 1400w, https:\/\/academia-tpm.com\/plataforma\/wp-content\/uploads\/2024\/04\/leanmaintenance-768x512.jpg 768w, https:\/\/academia-tpm.com\/plataforma\/wp-content\/uploads\/2024\/04\/leanmaintenance-1536x1024.jpg 1536w, https:\/\/academia-tpm.com\/plataforma\/wp-content\/uploads\/2024\/04\/leanmaintenance-2048x1365.jpg 2048w\" sizes=\"(max-width: 600px) 100vw, 600px\" \/>\t\t\t<\/a>\n\t\t\t\t\t\n\t\t\t\t\t<div class=\"caption\">\n\t\t\t\t<h3 class=\"entry-title\">An\u00e1lisis de Causa Ra\u00edz<\/h3>\n\t\t\t\t\t\t\t\t<div class=\"ld_course_grid_button\"><a class=\"btn btn-primary\" role=\"button\" href=\"https:\/\/academia-tpm.com\/plataforma\/Gu\u00edas\/analisis-de-causa-raiz\/\" rel=\"bookmark\">Ir al programa ...<\/a><\/div>\n\t\t\t\t\t\t\t\t\t\t\t\t\t\t\t\t\t\t\t\t\t\t\t\t\t\t\t<\/div><!-- .entry-header -->\n\t\t\t<\/article><!-- #post-## -->\n<\/div><!-- .ld_course_grid -->\n<!-- LearnDash Course Grid v1 --><div class=\"ld_course_grid col-sm-8 col-md-4 \">\n\t<article id=\"post-12565\" class=\" thumbnail course post-12565 sfwd-courses type-sfwd-courses status-publish has-post-thumbnail hentry ld_course_category-desarrollo-tpm\">\n\t\t\t\t\t\t\t\t<div class=\"ribbon\">\n\t\t\t\tDesarrollo TPM\t\t\t<\/div>\n\t\t\t\n\t\t\t\t\t\t<a href=\"https:\/\/academia-tpm.com\/plataforma\/Gu\u00edas\/5-preparacion-para-el-inicio-de-mantenimiento-autonomo\/\" rel=\"bookmark\">\n\t\t\t\t<img decoding=\"async\" width=\"600\" height=\"400\" src=\"https:\/\/academia-tpm.com\/plataforma\/wp-content\/uploads\/2024\/09\/mentoria_lideres-600x400.jpg\" class=\"attachment-medium size-medium wp-post-image\" alt=\"\" srcset=\"https:\/\/academia-tpm.com\/plataforma\/wp-content\/uploads\/2024\/09\/mentoria_lideres-600x400.jpg 600w, https:\/\/academia-tpm.com\/plataforma\/wp-content\/uploads\/2024\/09\/mentoria_lideres-1400x933.jpg 1400w, https:\/\/academia-tpm.com\/plataforma\/wp-content\/uploads\/2024\/09\/mentoria_lideres-768x512.jpg 768w, https:\/\/academia-tpm.com\/plataforma\/wp-content\/uploads\/2024\/09\/mentoria_lideres-1536x1024.jpg 1536w, https:\/\/academia-tpm.com\/plataforma\/wp-content\/uploads\/2024\/09\/mentoria_lideres-2048x1365.jpg 2048w\" sizes=\"(max-width: 600px) 100vw, 600px\" \/>\t\t\t<\/a>\n\t\t\t\t\t\n\t\t\t\t\t<div class=\"caption\">\n\t\t\t\t<h3 class=\"entry-title\">Paso Cero: Preparar la introducci\u00f3n de Mantenimiento Aut\u00f3nomo<\/h3>\n\t\t\t\t\t\t\t\t<div class=\"ld_course_grid_button\"><a class=\"btn btn-primary\" role=\"button\" href=\"https:\/\/academia-tpm.com\/plataforma\/Gu\u00edas\/5-preparacion-para-el-inicio-de-mantenimiento-autonomo\/\" rel=\"bookmark\">Ir al programa ...<\/a><\/div>\n\t\t\t\t\t\t\t\t\t\t\t\t\t\t\t\t\t\t\t\t\t\t\t\t\t\t\t<\/div><!-- .entry-header -->\n\t\t\t<\/article><!-- #post-## -->\n<\/div><!-- .ld_course_grid -->\n<!-- LearnDash Course Grid v1 --><div class=\"ld_course_grid col-sm-8 col-md-4 \">\n\t<article id=\"post-12389\" class=\" thumbnail course post-12389 sfwd-courses type-sfwd-courses status-publish has-post-thumbnail hentry ld_course_category-desarrollo-tpm ld_course_category-gestion-de-mantenimiento ld_course_category-liderazgo-y-desarrollo-de-equipos ld_course_category-metodos-de-fiabilidad\">\n\t\t\t\t\t\t\t\t<div class=\"ribbon\">\n\t\t\t\tL\u00edderes de F\u00e1brica\t\t\t<\/div>\n\t\t\t\n\t\t\t\t\t\t<a href=\"https:\/\/academia-tpm.com\/plataforma\/Gu\u00edas\/programa-tpm-para-lideres-de-fabrica\/\" rel=\"bookmark\">\n\t\t\t\t<img loading=\"lazy\" decoding=\"async\" width=\"600\" height=\"400\" src=\"https:\/\/academia-tpm.com\/plataforma\/wp-content\/uploads\/2025\/04\/early-600x400.jpg\" class=\"attachment-medium size-medium wp-post-image\" alt=\"\" srcset=\"https:\/\/academia-tpm.com\/plataforma\/wp-content\/uploads\/2025\/04\/early-600x400.jpg 600w, https:\/\/academia-tpm.com\/plataforma\/wp-content\/uploads\/2025\/04\/early-768x512.jpg 768w, https:\/\/academia-tpm.com\/plataforma\/wp-content\/uploads\/2025\/04\/early.jpg 847w\" sizes=\"(max-width: 600px) 100vw, 600px\" \/>\t\t\t<\/a>\n\t\t\t\t\t\n\t\t\t\t\t<div class=\"caption\">\n\t\t\t\t<h3 class=\"entry-title\">Implementar TPM &#8211; Gu\u00eda pr\u00e1ctica para l\u00edderes de f\u00e1brica<\/h3>\n\t\t\t\t\t\t\t\t<div class=\"ld_course_grid_button\"><a class=\"btn btn-primary\" role=\"button\" href=\"https:\/\/academia-tpm.com\/plataforma\/Gu\u00edas\/programa-tpm-para-lideres-de-fabrica\/\" rel=\"bookmark\">Ir al programa ...<\/a><\/div>\n\t\t\t\t\t\t\t\t\t\t\t\t\t\t\t\t\t\t\t\t\t\t\t\t\t\t\t<\/div><!-- .entry-header -->\n\t\t\t<\/article><!-- #post-## -->\n<\/div><!-- .ld_course_grid -->\n<!-- LearnDash Course Grid v1 --><div class=\"ld_course_grid col-sm-8 col-md-4 \">\n\t<article id=\"post-11916\" class=\" thumbnail course post-11916 sfwd-courses type-sfwd-courses status-publish has-post-thumbnail hentry ld_course_category-gestion-de-mantenimiento\">\n\t\t\t\t\t\t\t\t<div class=\"ribbon\">\n\t\t\t\tGesti\u00f3n de Mantenimiento\t\t\t<\/div>\n\t\t\t\n\t\t\t\t\t\t<a href=\"https:\/\/academia-tpm.com\/plataforma\/Gu\u00edas\/rcm\/\" rel=\"bookmark\">\n\t\t\t\t<img loading=\"lazy\" decoding=\"async\" width=\"600\" height=\"400\" src=\"https:\/\/academia-tpm.com\/plataforma\/wp-content\/uploads\/2024\/09\/preventivo-600x400.jpg\" class=\"attachment-medium size-medium wp-post-image\" alt=\"\" srcset=\"https:\/\/academia-tpm.com\/plataforma\/wp-content\/uploads\/2024\/09\/preventivo-600x400.jpg 600w, https:\/\/academia-tpm.com\/plataforma\/wp-content\/uploads\/2024\/09\/preventivo-768x512.jpg 768w, https:\/\/academia-tpm.com\/plataforma\/wp-content\/uploads\/2024\/09\/preventivo.jpg 847w\" sizes=\"(max-width: 600px) 100vw, 600px\" \/>\t\t\t<\/a>\n\t\t\t\t\t\n\t\t\t\t\t<div class=\"caption\">\n\t\t\t\t<h3 class=\"entry-title\">Programa de Desarrollo RCM<\/h3>\n\t\t\t\t\t\t\t\t<div class=\"ld_course_grid_button\"><a class=\"btn btn-primary\" role=\"button\" href=\"https:\/\/academia-tpm.com\/plataforma\/Gu\u00edas\/rcm\/\" rel=\"bookmark\">Ir al programa ...<\/a><\/div>\n\t\t\t\t\t\t\t\t\t\t\t\t\t\t\t\t\t\t\t\t\t\t\t\t\t\t\t<\/div><!-- .entry-header -->\n\t\t\t<\/article><!-- #post-## -->\n<\/div><!-- .ld_course_grid -->\n<!-- LearnDash Course Grid v1 --><div class=\"ld_course_grid col-sm-8 col-md-4 \">\n\t<article id=\"post-11744\" class=\" thumbnail course post-11744 sfwd-courses type-sfwd-courses status-publish has-post-thumbnail hentry ld_course_category-desarrollo-tpm\">\n\t\t\t\t\t\t\t\t<div class=\"ribbon\">\n\t\t\t\tDesarrollo TPM\t\t\t<\/div>\n\t\t\t\n\t\t\t\t\t\t<a href=\"https:\/\/academia-tpm.com\/plataforma\/Gu\u00edas\/formacion-avanzada-mantenimiento-autonomo-fase-uno\/\" rel=\"bookmark\">\n\t\t\t\t<img loading=\"lazy\" decoding=\"async\" width=\"600\" height=\"400\" src=\"https:\/\/academia-tpm.com\/plataforma\/wp-content\/uploads\/2024\/09\/gestion_autonoma-600x400.png\" class=\"attachment-medium size-medium wp-post-image\" alt=\"\" srcset=\"https:\/\/academia-tpm.com\/plataforma\/wp-content\/uploads\/2024\/09\/gestion_autonoma-600x400.png 600w, https:\/\/academia-tpm.com\/plataforma\/wp-content\/uploads\/2024\/09\/gestion_autonoma-768x512.png 768w, https:\/\/academia-tpm.com\/plataforma\/wp-content\/uploads\/2024\/09\/gestion_autonoma.png 848w\" sizes=\"(max-width: 600px) 100vw, 600px\" \/>\t\t\t<\/a>\n\t\t\t\t\t\n\t\t\t\t\t<div class=\"caption\">\n\t\t\t\t<h3 class=\"entry-title\">Desarrollo Mantenimiento Aut\u00f3nomo &#8211;<\/h3>\n\t\t\t\t\t\t\t\t<div class=\"ld_course_grid_button\"><a class=\"btn btn-primary\" role=\"button\" href=\"https:\/\/academia-tpm.com\/plataforma\/Gu\u00edas\/formacion-avanzada-mantenimiento-autonomo-fase-uno\/\" rel=\"bookmark\">Ir al programa ...<\/a><\/div>\n\t\t\t\t\t\t\t\t\t\t\t\t\t\t\t\t\t\t\t\t\t\t\t\t\t\t\t<\/div><!-- .entry-header -->\n\t\t\t<\/article><!-- #post-## -->\n<\/div><!-- .ld_course_grid -->\n<!-- LearnDash Course Grid v1 --><div class=\"ld_course_grid col-sm-8 col-md-4 \">\n\t<article id=\"post-10446\" class=\" thumbnail course post-10446 sfwd-courses type-sfwd-courses status-publish has-post-thumbnail hentry\">\n\t\t\t\t\t\t\t\t<div class=\"ribbon\">\n\t\t\t\tFundamental\t\t\t<\/div>\n\t\t\t\n\t\t\t\t\t\t<a href=\"https:\/\/academia-tpm.com\/plataforma\/Gu\u00edas\/tpm-for-operations-leaders\/\" rel=\"bookmark\">\n\t\t\t\t<img loading=\"lazy\" decoding=\"async\" width=\"397\" height=\"302\" src=\"https:\/\/academia-tpm.com\/plataforma\/wp-content\/uploads\/2024\/09\/lider.jpg\" class=\"attachment-medium size-medium wp-post-image\" alt=\"\" \/>\t\t\t<\/a>\n\t\t\t\t\t\n\t\t\t\t\t<div class=\"caption\">\n\t\t\t\t<h3 class=\"entry-title\">TPM Development Program<\/h3>\n\t\t\t\t\t\t\t\t<div class=\"ld_course_grid_button\"><a class=\"btn btn-primary\" role=\"button\" href=\"https:\/\/academia-tpm.com\/plataforma\/Gu\u00edas\/tpm-for-operations-leaders\/\" rel=\"bookmark\">Go to the programme ..<\/a><\/div>\n\t\t\t\t\t\t\t\t\t\t\t\t\t\t\t\t\t\t\t\t\t\t\t\t\t\t\t<\/div><!-- .entry-header -->\n\t\t\t<\/article><!-- #post-## -->\n<\/div><!-- .ld_course_grid -->\n<!-- LearnDash Course Grid v1 --><div class=\"ld_course_grid col-sm-8 col-md-4 \">\n\t<article id=\"post-8604\" class=\" thumbnail course post-8604 sfwd-courses type-sfwd-courses status-publish hentry\">\n\t\t\t\t\t\t\t\t<div class=\"ribbon\">\n\t\t\t\tMantenimiento Aut\u00f3nomo\t\t\t<\/div>\n\t\t\t\n\t\t\t\t\t\t<a href=\"https:\/\/academia-tpm.com\/plataforma\/Gu\u00edas\/desarrollo-paso-dos-ma\/\" rel=\"bookmark\">\n\t\t\t\t<img decoding=\"async\" alt=\"\" src=\"https:\/\/academia-tpm.com\/plataforma\/wp-content\/plugins\/learndash-course-grid\/assets\/img\/thumbnail.jpg\"\/>\n\t\t\t<\/a>\n\t\t\t\t\t\n\t\t\t\t\t<div class=\"caption\">\n\t\t\t\t<h3 class=\"entry-title\">Desarrollo Paso Dos MA<\/h3>\n\t\t\t\t\t\t\t\t<div class=\"ld_course_grid_button\"><a class=\"btn btn-primary\" role=\"button\" href=\"https:\/\/academia-tpm.com\/plataforma\/Gu\u00edas\/desarrollo-paso-dos-ma\/\" rel=\"bookmark\">Ir al programa ...<\/a><\/div>\n\t\t\t\t\t\t\t\t\t\t\t\t\t\t\t\t\t\t\t\t\t\t\t\t\t\t\t<\/div><!-- .entry-header -->\n\t\t\t<\/article><!-- #post-## -->\n<\/div><!-- .ld_course_grid -->\n<!-- LearnDash Course Grid v1 --><div class=\"ld_course_grid col-sm-8 col-md-4 \">\n\t<article id=\"post-6056\" class=\" thumbnail course post-6056 sfwd-courses type-sfwd-courses status-publish has-post-thumbnail hentry ld_course_category-gestion-de-mantenimiento\">\n\t\t\t\t\t\t\t\t<div class=\"ribbon\">\n\t\t\t\tGesti\u00f3n Mantenimiento\t\t\t<\/div>\n\t\t\t\n\t\t\t\t\t\t<a href=\"https:\/\/academia-tpm.com\/plataforma\/Gu\u00edas\/pilar-mantenimiento-preventivo\/\" rel=\"bookmark\">\n\t\t\t\t<img loading=\"lazy\" decoding=\"async\" width=\"591\" height=\"400\" src=\"https:\/\/academia-tpm.com\/plataforma\/wp-content\/uploads\/2024\/04\/preventivo44-591x400.jpg\" class=\"attachment-medium size-medium wp-post-image\" alt=\"\" srcset=\"https:\/\/academia-tpm.com\/plataforma\/wp-content\/uploads\/2024\/04\/preventivo44-591x400.jpg 591w, https:\/\/academia-tpm.com\/plataforma\/wp-content\/uploads\/2024\/04\/preventivo44-1400x948.jpg 1400w, https:\/\/academia-tpm.com\/plataforma\/wp-content\/uploads\/2024\/04\/preventivo44-768x520.jpg 768w, https:\/\/academia-tpm.com\/plataforma\/wp-content\/uploads\/2024\/04\/preventivo44-1536x1040.jpg 1536w, https:\/\/academia-tpm.com\/plataforma\/wp-content\/uploads\/2024\/04\/preventivo44-2048x1386.jpg 2048w, https:\/\/academia-tpm.com\/plataforma\/wp-content\/uploads\/2024\/04\/preventivo44-600x406.jpg 600w\" sizes=\"(max-width: 591px) 100vw, 591px\" \/>\t\t\t<\/a>\n\t\t\t\t\t\n\t\t\t\t\t<div class=\"caption\">\n\t\t\t\t<h3 class=\"entry-title\">Mejora del Mantenimiento Preventivo<\/h3>\n\t\t\t\t\t\t\t\t<div class=\"ld_course_grid_button\"><a class=\"btn btn-primary\" role=\"button\" href=\"https:\/\/academia-tpm.com\/plataforma\/Gu\u00edas\/pilar-mantenimiento-preventivo\/\" rel=\"bookmark\">Ir al programa ...<\/a><\/div>\n\t\t\t\t\t\t\t\t\t\t\t\t\t\t\t\t\t\t\t\t\t\t\t\t\t\t\t<\/div><!-- .entry-header -->\n\t\t\t<\/article><!-- #post-## -->\n<\/div><!-- .ld_course_grid -->\n<!-- LearnDash Course Grid v1 --><div class=\"ld_course_grid col-sm-8 col-md-4 \">\n\t<article id=\"post-4016\" class=\" thumbnail course post-4016 sfwd-courses type-sfwd-courses status-publish has-post-thumbnail hentry\">\n\t\t\t\t\t\t\t\t<div class=\"ribbon\">\n\t\t\t\tMentor\u00eda - II\t\t\t<\/div>\n\t\t\t\n\t\t\t\t\t\t<a href=\"https:\/\/academia-tpm.com\/plataforma\/Gu\u00edas\/tpm-avanzado-y-mejora-continua\/\" rel=\"bookmark\">\n\t\t\t\t<img loading=\"lazy\" decoding=\"async\" width=\"300\" height=\"200\" src=\"https:\/\/academia-tpm.com\/plataforma\/wp-content\/uploads\/2023\/02\/agile-300x200.png\" class=\"attachment-medium size-medium wp-post-image\" alt=\"\" srcset=\"https:\/\/academia-tpm.com\/plataforma\/wp-content\/uploads\/2023\/02\/agile-300x200.png 300w, https:\/\/academia-tpm.com\/plataforma\/wp-content\/uploads\/2023\/02\/agile-600x400.png 600w, https:\/\/academia-tpm.com\/plataforma\/wp-content\/uploads\/2023\/02\/agile-1024x683.png 1024w, https:\/\/academia-tpm.com\/plataforma\/wp-content\/uploads\/2023\/02\/agile-768x512.png 768w, https:\/\/academia-tpm.com\/plataforma\/wp-content\/uploads\/2023\/02\/agile.png 1215w\" sizes=\"(max-width: 300px) 100vw, 300px\" \/>\t\t\t<\/a>\n\t\t\t\t\t\n\t\t\t\t\t<div class=\"caption\">\n\t\t\t\t<h3 class=\"entry-title\">Certificado Profesional TPM &#8211; Parte Dos<\/h3>\n\t\t\t\t\t\t\t\t<div class=\"ld_course_grid_button\"><a class=\"btn btn-primary\" role=\"button\" href=\"https:\/\/academia-tpm.com\/plataforma\/Gu\u00edas\/tpm-avanzado-y-mejora-continua\/\" rel=\"bookmark\">Ir al programa ...<\/a><\/div>\n\t\t\t\t\t\t\t\t\t\t\t\t\t\t\t\t\t\t\t\t\t\t\t\t\t\t\t<\/div><!-- .entry-header -->\n\t\t\t<\/article><!-- #post-## -->\n<\/div><!-- .ld_course_grid -->\n<!-- LearnDash Course Grid v1 --><div class=\"ld_course_grid col-sm-8 col-md-4 \">\n\t<article id=\"post-4013\" class=\" thumbnail course post-4013 sfwd-courses type-sfwd-courses status-publish has-post-thumbnail hentry\">\n\t\t\t\t\t\t\t\t<div class=\"ribbon\">\n\t\t\t\tCoordinadores TPM\t\t\t<\/div>\n\t\t\t\n\t\t\t\t\t\t<a href=\"https:\/\/academia-tpm.com\/plataforma\/Gu\u00edas\/implementacion-y-metodologia-tpm\/\" rel=\"bookmark\">\n\t\t\t\t<img loading=\"lazy\" decoding=\"async\" width=\"599\" height=\"400\" src=\"https:\/\/academia-tpm.com\/plataforma\/wp-content\/uploads\/2024\/12\/small_topmanager-599x400.jpg\" class=\"attachment-medium size-medium wp-post-image\" alt=\"\" srcset=\"https:\/\/academia-tpm.com\/plataforma\/wp-content\/uploads\/2024\/12\/small_topmanager-599x400.jpg 599w, https:\/\/academia-tpm.com\/plataforma\/wp-content\/uploads\/2024\/12\/small_topmanager-768x513.jpg 768w, https:\/\/academia-tpm.com\/plataforma\/wp-content\/uploads\/2024\/12\/small_topmanager-600x401.jpg 600w, https:\/\/academia-tpm.com\/plataforma\/wp-content\/uploads\/2024\/12\/small_topmanager.jpg 1256w\" sizes=\"(max-width: 599px) 100vw, 599px\" \/>\t\t\t<\/a>\n\t\t\t\t\t\n\t\t\t\t\t<div class=\"caption\">\n\t\t\t\t<h3 class=\"entry-title\">Formaci\u00f3n Avanzada para Coordinadores TPM<\/h3>\n\t\t\t\t\t\t\t\t<div class=\"ld_course_grid_button\"><a class=\"btn btn-primary\" role=\"button\" href=\"https:\/\/academia-tpm.com\/plataforma\/Gu\u00edas\/implementacion-y-metodologia-tpm\/\" rel=\"bookmark\">Ir al programa ...<\/a><\/div>\n\t\t\t\t\t\t\t\t\t\t\t\t\t\t\t\t\t\t\t\t\t\t\t\t\t\t\t<\/div><!-- .entry-header -->\n\t\t\t<\/article><!-- #post-## -->\n<\/div><!-- .ld_course_grid -->\n\t<\/div>\n\t\t\t<\/div>\n\t\t<\/div>\n<\/li>\n<\/ol>\n","protected":false},"excerpt":{"rendered":"","protected":false},"author":1,"featured_media":0,"parent":0,"menu_order":0,"comment_status":"closed","ping_status":"closed","template":"","meta":{"site-sidebar-layout":"default","site-content-layout":"default","ast-site-content-layout":"default","site-content-style":"default","site-sidebar-style":"default","ast-global-header-display":"","ast-banner-title-visibility":"","ast-main-header-display":"","ast-hfb-above-header-display":"","ast-hfb-below-header-display":"","ast-hfb-mobile-header-display":"","site-post-title":"","ast-breadcrumbs-content":"","ast-featured-img":"","footer-sml-layout":"","ast-disable-related-posts":"","theme-transparent-header-meta":"default","adv-header-id-meta":"","stick-header-meta":"default","header-above-stick-meta":"","header-main-stick-meta":"","header-below-stick-meta":"","astra-migrate-meta-layouts":"default","ast-page-background-enabled":"default","ast-page-background-meta":{"desktop":{"background-color":"","background-image":"","background-repeat":"repeat","background-position":"center center","background-size":"auto","background-attachment":"scroll","background-type":"","background-media":"","overlay-type":"","overlay-color":"","overlay-opacity":"","overlay-gradient":""},"tablet":{"background-color":"","background-image":"","background-repeat":"repeat","background-position":"center center","background-size":"auto","background-attachment":"scroll","background-type":"","background-media":"","overlay-type":"","overlay-color":"","overlay-opacity":"","overlay-gradient":""},"mobile":{"background-color":"","background-image":"","background-repeat":"repeat","background-position":"center center","background-size":"auto","background-attachment":"scroll","background-type":"","background-media":"","overlay-type":"","overlay-color":"","overlay-opacity":"","overlay-gradient":""}},"ast-content-background-meta":{"desktop":{"background-color":"var(--ast-global-color-5)","background-image":"","background-repeat":"repeat","background-position":"center center","background-size":"auto","background-attachment":"scroll","background-type":"","background-media":"","overlay-type":"","overlay-color":"","overlay-opacity":"","overlay-gradient":""},"tablet":{"background-color":"var(--ast-global-color-5)","background-image":"","background-repeat":"repeat","background-position":"center center","background-size":"auto","background-attachment":"scroll","background-type":"","background-media":"","overlay-type":"","overlay-color":"","overlay-opacity":"","overlay-gradient":""},"mobile":{"background-color":"var(--ast-global-color-5)","background-image":"","background-repeat":"repeat","background-position":"center center","background-size":"auto","background-attachment":"scroll","background-type":"","background-media":"","overlay-type":"","overlay-color":"","overlay-opacity":"","overlay-gradient":""}},"footnotes":""},"class_list":["post-5142","page","type-page","status-publish","hentry"],"_links":{"self":[{"href":"https:\/\/academia-tpm.com\/plataforma\/wp-json\/wp\/v2\/pages\/5142","targetHints":{"allow":["GET"]}}],"collection":[{"href":"https:\/\/academia-tpm.com\/plataforma\/wp-json\/wp\/v2\/pages"}],"about":[{"href":"https:\/\/academia-tpm.com\/plataforma\/wp-json\/wp\/v2\/types\/page"}],"author":[{"embeddable":true,"href":"https:\/\/academia-tpm.com\/plataforma\/wp-json\/wp\/v2\/users\/1"}],"replies":[{"embeddable":true,"href":"https:\/\/academia-tpm.com\/plataforma\/wp-json\/wp\/v2\/comments?post=5142"}],"version-history":[{"count":2,"href":"https:\/\/academia-tpm.com\/plataforma\/wp-json\/wp\/v2\/pages\/5142\/revisions"}],"predecessor-version":[{"id":5145,"href":"https:\/\/academia-tpm.com\/plataforma\/wp-json\/wp\/v2\/pages\/5142\/revisions\/5145"}],"wp:attachment":[{"href":"https:\/\/academia-tpm.com\/plataforma\/wp-json\/wp\/v2\/media?parent=5142"}],"curies":[{"name":"wp","href":"https:\/\/api.w.org\/{rel}","templated":true}]}}