{"id":3782,"date":"2023-04-23T08:24:24","date_gmt":"2023-04-23T07:24:24","guid":{"rendered":"https:\/\/academia-tpm.com\/plataforma\/?page_id=3782"},"modified":"2023-04-23T08:48:10","modified_gmt":"2023-04-23T07:48:10","slug":"tecnologiatpm","status":"publish","type":"page","link":"https:\/\/academia-tpm.com\/plataforma\/tecnologiatpm\/","title":{"rendered":"Tecnologia&#038;TPM"},"content":{"rendered":"\t\t<div data-elementor-type=\"wp-page\" data-elementor-id=\"3782\" class=\"elementor elementor-3782\" data-elementor-post-type=\"page\">\n\t\t\t\t\t\t<section class=\"elementor-section elementor-top-section elementor-element elementor-element-6ab08a2 elementor-section-height-min-height elementor-section-boxed elementor-section-height-default elementor-section-items-middle\" data-id=\"6ab08a2\" data-element_type=\"section\" data-settings=\"{&quot;background_background&quot;:&quot;classic&quot;}\">\n\t\t\t\t\t\t<div class=\"elementor-container elementor-column-gap-default\">\n\t\t\t\t\t<div class=\"elementor-column elementor-col-33 elementor-top-column elementor-element elementor-element-cce0b95\" data-id=\"cce0b95\" data-element_type=\"column\">\n\t\t\t<div class=\"elementor-widget-wrap\">\n\t\t\t\t\t\t\t<\/div>\n\t\t<\/div>\n\t\t\t\t<div class=\"elementor-column elementor-col-33 elementor-top-column elementor-element elementor-element-8687482\" data-id=\"8687482\" data-element_type=\"column\">\n\t\t\t<div class=\"elementor-widget-wrap elementor-element-populated\">\n\t\t\t\t\t\t<div class=\"elementor-element elementor-element-b349a3a elementor-widget elementor-widget-heading\" data-id=\"b349a3a\" data-element_type=\"widget\" data-widget_type=\"heading.default\">\n\t\t\t\t<div class=\"elementor-widget-container\">\n\t\t\t\t\t<h2 class=\"elementor-heading-title elementor-size-default\">TPM &amp; Industria 4.0\/5.0<\/h2>\t\t\t\t<\/div>\n\t\t\t\t<\/div>\n\t\t\t\t<div class=\"elementor-element elementor-element-fe6d60f elementor-widget elementor-widget-heading\" data-id=\"fe6d60f\" data-element_type=\"widget\" data-widget_type=\"heading.default\">\n\t\t\t\t<div class=\"elementor-widget-container\">\n\t\t\t\t\t<h2 class=\"elementor-heading-title elementor-size-default\">El nuevo estado del arte del TPM para f\u00e1bricas avanzadas<\/h2>\t\t\t\t<\/div>\n\t\t\t\t<\/div>\n\t\t\t\t\t<\/div>\n\t\t<\/div>\n\t\t\t\t<div class=\"elementor-column elementor-col-33 elementor-top-column elementor-element elementor-element-12d74bc\" data-id=\"12d74bc\" data-element_type=\"column\">\n\t\t\t<div class=\"elementor-widget-wrap\">\n\t\t\t\t\t\t\t<\/div>\n\t\t<\/div>\n\t\t\t\t\t<\/div>\n\t\t<\/section>\n\t\t\t\t<section class=\"elementor-section elementor-top-section elementor-element elementor-element-b6e3cff elementor-section-height-min-height elementor-section-boxed elementor-section-height-default elementor-section-items-middle\" data-id=\"b6e3cff\" data-element_type=\"section\" data-settings=\"{&quot;background_background&quot;:&quot;classic&quot;}\">\n\t\t\t\t\t\t<div class=\"elementor-container elementor-column-gap-default\">\n\t\t\t\t\t<div class=\"elementor-column elementor-col-33 elementor-top-column elementor-element elementor-element-479b79a\" data-id=\"479b79a\" data-element_type=\"column\">\n\t\t\t<div class=\"elementor-widget-wrap\">\n\t\t\t\t\t\t\t<\/div>\n\t\t<\/div>\n\t\t\t\t<div class=\"elementor-column elementor-col-33 elementor-top-column elementor-element elementor-element-00b6b04\" data-id=\"00b6b04\" data-element_type=\"column\">\n\t\t\t<div class=\"elementor-widget-wrap elementor-element-populated\">\n\t\t\t\t\t\t<div class=\"elementor-element elementor-element-c5be373 elementor-widget elementor-widget-heading\" data-id=\"c5be373\" data-element_type=\"widget\" data-widget_type=\"heading.default\">\n\t\t\t\t<div class=\"elementor-widget-container\">\n\t\t\t\t\t<h2 class=\"elementor-heading-title elementor-size-default\">Adopci\u00f3n de las tecnolog\u00edas de Industria 4.0, pr\u00e1cticas TPM y creaci\u00f3n de la Industria 5.0<\/h2>\t\t\t\t<\/div>\n\t\t\t\t<\/div>\n\t\t\t\t\t<\/div>\n\t\t<\/div>\n\t\t\t\t<div class=\"elementor-column elementor-col-33 elementor-top-column elementor-element elementor-element-5a88108\" data-id=\"5a88108\" data-element_type=\"column\">\n\t\t\t<div class=\"elementor-widget-wrap\">\n\t\t\t\t\t\t\t<\/div>\n\t\t<\/div>\n\t\t\t\t\t<\/div>\n\t\t<\/section>\n\t\t\t\t<section class=\"elementor-section elementor-top-section elementor-element elementor-element-8d2f514 elementor-section-boxed elementor-section-height-default elementor-section-height-default\" data-id=\"8d2f514\" data-element_type=\"section\">\n\t\t\t\t\t\t<div class=\"elementor-container elementor-column-gap-default\">\n\t\t\t\t\t<div class=\"elementor-column elementor-col-25 elementor-top-column elementor-element elementor-element-258f91f\" data-id=\"258f91f\" data-element_type=\"column\">\n\t\t\t<div class=\"elementor-widget-wrap\">\n\t\t\t\t\t\t\t<\/div>\n\t\t<\/div>\n\t\t\t\t<div class=\"elementor-column elementor-col-25 elementor-top-column elementor-element elementor-element-fd5e668\" data-id=\"fd5e668\" data-element_type=\"column\">\n\t\t\t<div class=\"elementor-widget-wrap elementor-element-populated\">\n\t\t\t\t\t\t<div class=\"elementor-element elementor-element-c7b1309 elementor-widget elementor-widget-heading\" data-id=\"c7b1309\" data-element_type=\"widget\" data-widget_type=\"heading.default\">\n\t\t\t\t<div class=\"elementor-widget-container\">\n\t\t\t\t\t<h2 class=\"elementor-heading-title elementor-size-default\">Nuevo escenario para el desarrollo del TPM<\/h2>\t\t\t\t<\/div>\n\t\t\t\t<\/div>\n\t\t\t\t<div class=\"elementor-element elementor-element-5dc194e elementor-widget elementor-widget-text-editor\" data-id=\"5dc194e\" data-element_type=\"widget\" data-widget_type=\"text-editor.default\">\n\t\t\t\t<div class=\"elementor-widget-container\">\n\t\t\t\t\t\t\t\t\t<p>El TPM ha evolucionado desde su creaci\u00f3n en 1960 en la compa\u00f1\u00eda Nippon Denso. Claramente se identifican tres grandes etapas en su evoluci\u00f3n. La primera idea naci\u00f3n como una estrategia de mantenimiento para mejorar la productividad de los equipos. La segunda etapa en su desarrollo tuvo como objetivo integrar los procesos y \u00e1reas que intervienen en la efectividad global del sistema productivo. La tercera etapa se inici\u00f3 en la primera d\u00e9cada de este siglo, integrando oda la cadena de valor del negocio y su alcance corporativo como sistema de gesti\u00f3n de todas las operaciones de la empresa.<br \/><br \/>Hoy estamos ante una nueva revoluci\u00f3n industrial impulsada por las nuevas tecnolog\u00edas de comunicaci\u00f3n, aumento del poder de c\u00e1lculo y la sincronicidad de las operaciones. Ha pasado una d\u00e9cada de experiencias en el desarrollo de todo el conjunto de tecnolog\u00edas que integran la Industria 4.0. Son numerosos los proyectos exitosos en su aplicaci\u00f3n y continuar\u00e1 en el futuro su crecimiento en compa\u00f1\u00edas que ya se sienten m\u00e1s seguras para hacer inversiones en esta clase de tecnolog\u00edas digitales. Ahora, nace el reto de sostener y mantener las instalaciones avanzadas que cuentan con desarrollos extraordinarios t\u00e9cnicos, pero al ser elementos f\u00edsicos en buana parte, tambi\u00e9n requieren contar con estrategias de mantenimiento. Los m\u00e9todos de mantenimiento de esta clase de industrias se est\u00e1n denominando con el nombre de Mantenimiento 4.0.<br \/><br \/>En este sitio web intentamos tener una visi\u00f3n integral de estos desarrollos, sin alejarnos de las ideas originales del TPM como son: respeto a las personas, progreso de la sociedad y el desarrollo del tejido industrial. Estos valores siguen vigentes y por el contario, se refuerzan con las nuevas tendencias que ha tomado la Industria 4.0, cuando las soluciones t\u00e9cnicas ya se dominan. La Comisi\u00f3n Europea responsable de desarrollo industrial, ha publicado una nueva directriz, promoviendo una nueva idea de lo que debe ser la industria futura.<br \/><br \/>Nace el concepto de Industria 5.0, que se apoya en la tecnolog\u00eda, no solo para mejorar la rentabilidad y competitividad de los negocios, sino para generar bienestar para la sociedad creando empleo de m\u00e1s alta calidad, potenciando el crecimiento de las personas que trabajan en las industrias y la capacidad de mejorar e impactar positivamente el ambiente de nuestro planeta.<br \/><br \/>El prop\u00f3sito de este sitio web es publicar contenidos que aumenten el conocimiento sobre estos temas, compartir nuestros puntos de vista y de expertos internacionales, conclusiones de foros que tenemos oportunidad de asistir en Europa, junto con nuestra visi\u00f3n y pasi\u00f3n que tenemos por las pr\u00e1cticas TPM, como verdaderas palancas para la transformaci\u00f3n de la sociedad, mucho m\u00e1s all\u00e1 de considerar el TPM como una herramienta t\u00e9cnica de mantenimiento.<\/p>\t\t\t\t\t\t\t\t<\/div>\n\t\t\t\t<\/div>\n\t\t\t\t\t<\/div>\n\t\t<\/div>\n\t\t\t\t<div class=\"elementor-column elementor-col-25 elementor-top-column elementor-element elementor-element-25fec7b\" data-id=\"25fec7b\" data-element_type=\"column\">\n\t\t\t<div class=\"elementor-widget-wrap\">\n\t\t\t\t\t\t\t<\/div>\n\t\t<\/div>\n\t\t\t\t<div class=\"elementor-column elementor-col-25 elementor-top-column elementor-element elementor-element-ce3d598\" data-id=\"ce3d598\" data-element_type=\"column\">\n\t\t\t<div class=\"elementor-widget-wrap elementor-element-populated\">\n\t\t\t\t\t\t<div class=\"elementor-element elementor-element-6eebe8c elementor-widget elementor-widget-heading\" data-id=\"6eebe8c\" data-element_type=\"widget\" data-widget_type=\"heading.default\">\n\t\t\t\t<div class=\"elementor-widget-container\">\n\t\t\t\t\t<h2 class=\"elementor-heading-title elementor-size-default\">Art\u00edculos<\/h2>\t\t\t\t<\/div>\n\t\t\t\t<\/div>\n\t\t\t\t<div class=\"elementor-element elementor-element-b7d39d5 elementor-widget elementor-widget-heading\" data-id=\"b7d39d5\" data-element_type=\"widget\" data-widget_type=\"heading.default\">\n\t\t\t\t<div class=\"elementor-widget-container\">\n\t\t\t\t\t<h2 class=\"elementor-heading-title elementor-size-default\">Digitalizaci\u00f3n y tecnolog\u00edas IIOT en mantenimiento<\/h2>\t\t\t\t<\/div>\n\t\t\t\t<\/div>\n\t\t\t\t<div class=\"elementor-element elementor-element-90a39d3 elementor-widget elementor-widget-image\" data-id=\"90a39d3\" data-element_type=\"widget\" data-widget_type=\"image.default\">\n\t\t\t\t<div class=\"elementor-widget-container\">\n\t\t\t\t\t\t\t\t\t\t\t\t\t\t\t<img fetchpriority=\"high\" decoding=\"async\" width=\"848\" height=\"565\" src=\"https:\/\/academia-tpm.com\/plataforma\/wp-content\/uploads\/2023\/04\/44229957_s.jpg\" class=\"attachment-large size-large wp-image-3804\" alt=\"\" srcset=\"https:\/\/academia-tpm.com\/plataforma\/wp-content\/uploads\/2023\/04\/44229957_s.jpg 848w, https:\/\/academia-tpm.com\/plataforma\/wp-content\/uploads\/2023\/04\/44229957_s-300x200.jpg 300w, https:\/\/academia-tpm.com\/plataforma\/wp-content\/uploads\/2023\/04\/44229957_s-768x512.jpg 768w, https:\/\/academia-tpm.com\/plataforma\/wp-content\/uploads\/2023\/04\/44229957_s-600x400.jpg 600w\" sizes=\"(max-width: 848px) 100vw, 848px\" \/>\t\t\t\t\t\t\t\t\t\t\t\t\t\t\t<\/div>\n\t\t\t\t<\/div>\n\t\t\t\t<div class=\"elementor-element elementor-element-c01966f elementor-widget-divider--view-line elementor-widget elementor-widget-divider\" data-id=\"c01966f\" data-element_type=\"widget\" data-widget_type=\"divider.default\">\n\t\t\t\t<div class=\"elementor-widget-container\">\n\t\t\t\t\t\t\t<div class=\"elementor-divider\">\n\t\t\t<span class=\"elementor-divider-separator\">\n\t\t\t\t\t\t<\/span>\n\t\t<\/div>\n\t\t\t\t\t\t<\/div>\n\t\t\t\t<\/div>\n\t\t\t\t<div class=\"elementor-element elementor-element-50baa2f elementor-widget elementor-widget-heading\" data-id=\"50baa2f\" data-element_type=\"widget\" data-widget_type=\"heading.default\">\n\t\t\t\t<div class=\"elementor-widget-container\">\n\t\t\t\t\t<h2 class=\"elementor-heading-title elementor-size-default\">Integrando las pr\u00e1cticas TPM en Industrias Avanzadas<\/h2>\t\t\t\t<\/div>\n\t\t\t\t<\/div>\n\t\t\t\t<div class=\"elementor-element elementor-element-1c77655 elementor-widget elementor-widget-image\" data-id=\"1c77655\" data-element_type=\"widget\" data-widget_type=\"image.default\">\n\t\t\t\t<div class=\"elementor-widget-container\">\n\t\t\t\t\t\t\t\t\t\t\t\t\t\t\t<img decoding=\"async\" width=\"848\" height=\"565\" src=\"https:\/\/academia-tpm.com\/plataforma\/wp-content\/uploads\/2023\/04\/85978385_s.jpg\" class=\"attachment-large size-large wp-image-3811\" alt=\"\" srcset=\"https:\/\/academia-tpm.com\/plataforma\/wp-content\/uploads\/2023\/04\/85978385_s.jpg 848w, https:\/\/academia-tpm.com\/plataforma\/wp-content\/uploads\/2023\/04\/85978385_s-300x200.jpg 300w, https:\/\/academia-tpm.com\/plataforma\/wp-content\/uploads\/2023\/04\/85978385_s-768x512.jpg 768w, https:\/\/academia-tpm.com\/plataforma\/wp-content\/uploads\/2023\/04\/85978385_s-600x400.jpg 600w\" sizes=\"(max-width: 848px) 100vw, 848px\" \/>\t\t\t\t\t\t\t\t\t\t\t\t\t\t\t<\/div>\n\t\t\t\t<\/div>\n\t\t\t\t<div class=\"elementor-element elementor-element-f210780 elementor-widget-divider--view-line elementor-widget elementor-widget-divider\" data-id=\"f210780\" data-element_type=\"widget\" data-widget_type=\"divider.default\">\n\t\t\t\t<div class=\"elementor-widget-container\">\n\t\t\t\t\t\t\t<div class=\"elementor-divider\">\n\t\t\t<span class=\"elementor-divider-separator\">\n\t\t\t\t\t\t<\/span>\n\t\t<\/div>\n\t\t\t\t\t\t<\/div>\n\t\t\t\t<\/div>\n\t\t\t\t\t<\/div>\n\t\t<\/div>\n\t\t\t\t\t<\/div>\n\t\t<\/section>\n\t\t\t\t<section class=\"elementor-section elementor-top-section elementor-element elementor-element-12b843c elementor-section-height-min-height elementor-section-boxed elementor-section-height-default elementor-section-items-middle\" data-id=\"12b843c\" data-element_type=\"section\" data-settings=\"{&quot;background_background&quot;:&quot;classic&quot;}\">\n\t\t\t\t\t\t<div class=\"elementor-container elementor-column-gap-default\">\n\t\t\t\t\t<div class=\"elementor-column elementor-col-33 elementor-top-column elementor-element elementor-element-10372c6\" data-id=\"10372c6\" data-element_type=\"column\">\n\t\t\t<div class=\"elementor-widget-wrap\">\n\t\t\t\t\t\t\t<\/div>\n\t\t<\/div>\n\t\t\t\t<div class=\"elementor-column elementor-col-33 elementor-top-column elementor-element elementor-element-c57b378\" data-id=\"c57b378\" data-element_type=\"column\">\n\t\t\t<div class=\"elementor-widget-wrap elementor-element-populated\">\n\t\t\t\t\t\t<div class=\"elementor-element elementor-element-e5d976a elementor-widget elementor-widget-heading\" data-id=\"e5d976a\" data-element_type=\"widget\" data-widget_type=\"heading.default\">\n\t\t\t\t<div class=\"elementor-widget-container\">\n\t\t\t\t\t<h2 class=\"elementor-heading-title elementor-size-default\">Industry 5.0 - Poniendo el centro en el ser humano<\/h2>\t\t\t\t<\/div>\n\t\t\t\t<\/div>\n\t\t\t\t\t<\/div>\n\t\t<\/div>\n\t\t\t\t<div class=\"elementor-column elementor-col-33 elementor-top-column elementor-element elementor-element-ff0ae42\" data-id=\"ff0ae42\" data-element_type=\"column\">\n\t\t\t<div class=\"elementor-widget-wrap\">\n\t\t\t\t\t\t\t<\/div>\n\t\t<\/div>\n\t\t\t\t\t<\/div>\n\t\t<\/section>\n\t\t\t\t<\/div>\n\t\t","protected":false},"excerpt":{"rendered":"<p>TPM &#038; Industria 4.0\/5.0 El nuevo estado del arte del TPM para f\u00e1bricas avanzadas Adopci\u00f3n [&hellip;]<\/p>\n","protected":false},"author":1,"featured_media":0,"parent":0,"menu_order":0,"comment_status":"closed","ping_status":"closed","template":"","meta":{"site-sidebar-layout":"no-sidebar","site-content-layout":"page-builder","ast-site-content-layout":"default","site-content-style":"default","site-sidebar-style":"default","ast-global-header-display":"","ast-banner-title-visibility":"","ast-main-header-display":"","ast-hfb-above-header-display":"","ast-hfb-below-header-display":"","ast-hfb-mobile-header-display":"","site-post-title":"disabled","ast-breadcrumbs-content":"","ast-featured-img":"disabled","footer-sml-layout":"","ast-disable-related-posts":"","theme-transparent-header-meta":"default","adv-header-id-meta":"","stick-header-meta":"default","header-above-stick-meta":"","header-main-stick-meta":"","header-below-stick-meta":"","astra-migrate-meta-layouts":"default","ast-page-background-enabled":"default","ast-page-background-meta":{"desktop":{"background-color":"","background-image":"","background-repeat":"repeat","background-position":"center center","background-size":"auto","background-attachment":"scroll","background-type":"","background-media":"","overlay-type":"","overlay-color":"","overlay-opacity":"","overlay-gradient":""},"tablet":{"background-color":"","background-image":"","background-repeat":"repeat","background-position":"center center","background-size":"auto","background-attachment":"scroll","background-type":"","background-media":"","overlay-type":"","overlay-color":"","overlay-opacity":"","overlay-gradient":""},"mobile":{"background-color":"","background-image":"","background-repeat":"repeat","background-position":"center center","background-size":"auto","background-attachment":"scroll","background-type":"","background-media":"","overlay-type":"","overlay-color":"","overlay-opacity":"","overlay-gradient":""}},"ast-content-background-meta":{"desktop":{"background-color":"var(--ast-global-color-5)","background-image":"","background-repeat":"repeat","background-position":"center center","background-size":"auto","background-attachment":"scroll","background-type":"","background-media":"","overlay-type":"","overlay-color":"","overlay-opacity":"","overlay-gradient":""},"tablet":{"background-color":"var(--ast-global-color-5)","background-image":"","background-repeat":"repeat","background-position":"center center","background-size":"auto","background-attachment":"scroll","background-type":"","background-media":"","overlay-type":"","overlay-color":"","overlay-opacity":"","overlay-gradient":""},"mobile":{"background-color":"var(--ast-global-color-5)","background-image":"","background-repeat":"repeat","background-position":"center center","background-size":"auto","background-attachment":"scroll","background-type":"","background-media":"","overlay-type":"","overlay-color":"","overlay-opacity":"","overlay-gradient":""}},"footnotes":""},"class_list":["post-3782","page","type-page","status-publish","hentry"],"_links":{"self":[{"href":"https:\/\/academia-tpm.com\/plataforma\/wp-json\/wp\/v2\/pages\/3782","targetHints":{"allow":["GET"]}}],"collection":[{"href":"https:\/\/academia-tpm.com\/plataforma\/wp-json\/wp\/v2\/pages"}],"about":[{"href":"https:\/\/academia-tpm.com\/plataforma\/wp-json\/wp\/v2\/types\/page"}],"author":[{"embeddable":true,"href":"https:\/\/academia-tpm.com\/plataforma\/wp-json\/wp\/v2\/users\/1"}],"replies":[{"embeddable":true,"href":"https:\/\/academia-tpm.com\/plataforma\/wp-json\/wp\/v2\/comments?post=3782"}],"version-history":[{"count":40,"href":"https:\/\/academia-tpm.com\/plataforma\/wp-json\/wp\/v2\/pages\/3782\/revisions"}],"predecessor-version":[{"id":3827,"href":"https:\/\/academia-tpm.com\/plataforma\/wp-json\/wp\/v2\/pages\/3782\/revisions\/3827"}],"wp:attachment":[{"href":"https:\/\/academia-tpm.com\/plataforma\/wp-json\/wp\/v2\/media?parent=3782"}],"curies":[{"name":"wp","href":"https:\/\/api.w.org\/{rel}","templated":true}]}}