{"id":19129,"date":"2025-08-26T07:21:08","date_gmt":"2025-08-26T06:21:08","guid":{"rendered":"https:\/\/academia-tpm.com\/plataforma\/?page_id=19129"},"modified":"2025-08-27T08:51:45","modified_gmt":"2025-08-27T07:51:45","slug":"toyota_lean","status":"publish","type":"page","link":"https:\/\/academia-tpm.com\/plataforma\/toyota_lean\/","title":{"rendered":"toyota_lean"},"content":{"rendered":"\t\t<div data-elementor-type=\"wp-page\" data-elementor-id=\"19129\" class=\"elementor elementor-19129\" data-elementor-post-type=\"page\">\n\t\t\t\t\t\t<section class=\"elementor-section elementor-top-section elementor-element elementor-element-c53f95f elementor-section-boxed elementor-section-height-default elementor-section-height-default\" data-id=\"c53f95f\" data-element_type=\"section\" data-settings=\"{&quot;background_background&quot;:&quot;classic&quot;}\">\n\t\t\t\t\t\t<div class=\"elementor-container elementor-column-gap-default\">\n\t\t\t\t\t<div class=\"elementor-column elementor-col-33 elementor-top-column elementor-element elementor-element-8d5dda4\" data-id=\"8d5dda4\" data-element_type=\"column\">\n\t\t\t<div class=\"elementor-widget-wrap\">\n\t\t\t\t\t\t\t<\/div>\n\t\t<\/div>\n\t\t\t\t<div class=\"elementor-column elementor-col-33 elementor-top-column elementor-element elementor-element-ce566e6\" data-id=\"ce566e6\" data-element_type=\"column\">\n\t\t\t<div class=\"elementor-widget-wrap elementor-element-populated\">\n\t\t\t\t\t\t<div class=\"elementor-element elementor-element-b0f9143 elementor-widget elementor-widget-heading\" data-id=\"b0f9143\" data-element_type=\"widget\" data-widget_type=\"heading.default\">\n\t\t\t\t<div class=\"elementor-widget-container\">\n\t\t\t\t\t<h2 class=\"elementor-heading-title elementor-size-default\">\u00bfEs realmente japon\u00e9s el Sistema de Producci\u00f3n Toyota?<\/h2>\t\t\t\t<\/div>\n\t\t\t\t<\/div>\n\t\t\t\t\t<\/div>\n\t\t<\/div>\n\t\t\t\t<div class=\"elementor-column elementor-col-33 elementor-top-column elementor-element elementor-element-ad41bc6\" data-id=\"ad41bc6\" data-element_type=\"column\">\n\t\t\t<div class=\"elementor-widget-wrap\">\n\t\t\t\t\t\t\t<\/div>\n\t\t<\/div>\n\t\t\t\t\t<\/div>\n\t\t<\/section>\n\t\t\t\t<section class=\"elementor-section elementor-top-section elementor-element elementor-element-b11a7fb elementor-section-boxed elementor-section-height-default elementor-section-height-default\" data-id=\"b11a7fb\" data-element_type=\"section\">\n\t\t\t\t\t\t<div class=\"elementor-container elementor-column-gap-default\">\n\t\t\t\t\t<div class=\"elementor-column elementor-col-33 elementor-top-column elementor-element elementor-element-d82b951\" data-id=\"d82b951\" data-element_type=\"column\">\n\t\t\t<div class=\"elementor-widget-wrap\">\n\t\t\t\t\t\t\t<\/div>\n\t\t<\/div>\n\t\t\t\t<div class=\"elementor-column elementor-col-33 elementor-top-column elementor-element elementor-element-e576bf0\" data-id=\"e576bf0\" data-element_type=\"column\">\n\t\t\t<div class=\"elementor-widget-wrap elementor-element-populated\">\n\t\t\t\t\t\t<div class=\"elementor-element elementor-element-0debc08 elementor-widget elementor-widget-heading\" data-id=\"0debc08\" data-element_type=\"widget\" data-widget_type=\"heading.default\">\n\t\t\t\t<div class=\"elementor-widget-container\">\n\t\t\t\t\t<h2 class=\"elementor-heading-title elementor-size-default\">Por:Humberto Alvarez Laverde<\/h2>\t\t\t\t<\/div>\n\t\t\t\t<\/div>\n\t\t\t\t\t<\/div>\n\t\t<\/div>\n\t\t\t\t<div class=\"elementor-column elementor-col-33 elementor-top-column elementor-element elementor-element-d46cbdc\" data-id=\"d46cbdc\" data-element_type=\"column\">\n\t\t\t<div class=\"elementor-widget-wrap\">\n\t\t\t\t\t\t\t<\/div>\n\t\t<\/div>\n\t\t\t\t\t<\/div>\n\t\t<\/section>\n\t\t\t\t<section class=\"elementor-section elementor-top-section elementor-element elementor-element-1ebf849 elementor-section-boxed elementor-section-height-default elementor-section-height-default\" data-id=\"1ebf849\" data-element_type=\"section\">\n\t\t\t\t\t\t<div class=\"elementor-container elementor-column-gap-default\">\n\t\t\t\t\t<div class=\"elementor-column elementor-col-33 elementor-top-column elementor-element elementor-element-4676b8a\" data-id=\"4676b8a\" data-element_type=\"column\">\n\t\t\t<div class=\"elementor-widget-wrap\">\n\t\t\t\t\t\t\t<\/div>\n\t\t<\/div>\n\t\t\t\t<div class=\"elementor-column elementor-col-33 elementor-top-column elementor-element elementor-element-780c5a0\" data-id=\"780c5a0\" data-element_type=\"column\">\n\t\t\t<div class=\"elementor-widget-wrap elementor-element-populated\">\n\t\t\t\t\t\t<div class=\"elementor-element elementor-element-3f26f1b elementor-widget elementor-widget-text-editor\" data-id=\"3f26f1b\" data-element_type=\"widget\" data-widget_type=\"text-editor.default\">\n\t\t\t\t<div class=\"elementor-widget-container\">\n\t\t\t\t\t\t\t\t\t<p data-start=\"145\" data-end=\"429\">El sistema de producci\u00f3n que hoy llamamos \u201cjapon\u00e9s\u201d no naci\u00f3 de la nada en Jap\u00f3n: sus ra\u00edces provienen de Occidente, con aportes de Taylor, Ford, los Gilbreth, Shewhart, Deming, Juran y el programa TWI. La genialidad japonesa estuvo en adaptar esas ideas a su realidad de escasez y baja demanda, transform\u00e1ndolas en un modelo propio basado en <em>Just in Time<\/em>, <em>jidoka<\/em> y <em>kaizen<\/em>. Por eso, aunque sus fundamentos son occidentales, la forma integrada y efectiva del Toyota Production System es aut\u00e9nticamente japonesa.<\/p>\n<p data-start=\"145\" data-end=\"429\">A continuaci\u00f3n presento un an\u00e1lisis exploratorio realizado por Conrad Soltero y Patrice Boutier sobre el TWI (<em data-start=\"323\" data-end=\"349\">Training Within Industry<\/em>), un programa de entrenamiento impulsado y financiado por el gobierno de los Estados Unidos durante la Segunda Guerra Mundial para fortalecer la capacidad productiva de su industria. El TWI se estructur\u00f3 en torno a tres m\u00f3dulos principales: <strong data-start=\"591\" data-end=\"669\">Instrucci\u00f3n de Trabajo (Job Instruction), M\u00e9todos de Trabajo (Job Methods)<\/strong> y <strong data-start=\"672\" data-end=\"713\" data-is-only-node=\"\">Relaciones de Trabajo (Job Relations)<\/strong>, a los que m\u00e1s tarde se sum\u00f3 el de <strong data-start=\"749\" data-end=\"775\">Seguridad (Job Safety)<\/strong>. Estos programas buscaban estandarizar la manera de ense\u00f1ar, mejorar la eficiencia de los procesos y desarrollar habilidades de liderazgo en supervisores y mandos intermedios. Posteriormente, este enfoque se transfiri\u00f3 a Jap\u00f3n, donde aport\u00f3 la formaci\u00f3n necesaria para la reconstrucci\u00f3n de su industria. Muchas de las ideas que hoy forman parte del <em data-start=\"1125\" data-end=\"1151\">Toyota Production System<\/em> (TPS) se encuentran registradas en los cientos de manuales producidos por TWI, los cuales fueron utilizados para capacitar a los empleados japoneses durante la \u00e9poca de posguerra.<\/p>\n<p><em>(1893 \u2013 1984)<\/em><\/p>\n<ul>\n<li><strong>1893<\/strong>: Frederick W. Taylor comienza a trabajar como ingeniero.<\/li>\n<li><strong>1894<\/strong>: Karl Benz produce el primer autom\u00f3vil de serie, el <em>Victoria<\/em>.<\/li>\n<li><strong>1896<\/strong>: Frederick W. Taylor publica <em>A Piece-Rate System<\/em>.<\/li>\n<li><strong>1900<\/strong>: Max Weber plantea la \u201cburocracia ideal\u201d basada en autoridad absoluta, l\u00f3gica y orden.<\/li>\n<li><strong>1901<\/strong>:\n<ul>\n<li>Se establece la <em>National Bureau of Standards<\/em> (antecesor de NIST).<\/li>\n<li>Ransom E. Olds introduce la primera l\u00ednea de ensamblaje de autom\u00f3viles en EE. UU.<\/li>\n<\/ul>\n<\/li>\n<li><strong>1902<\/strong>: Sakichi Toyoda desarrolla el concepto de <em>jidoka<\/em>.<\/li>\n<li><strong>1903<\/strong>:\n<ul>\n<li>Henry Ford produce el primer autom\u00f3vil <em>Model A<\/em>.<\/li>\n<li>Frederick W. Taylor publica <em>Shop Management<\/em>.<\/li>\n<\/ul>\n<\/li>\n<li><strong>1906<\/strong>: Vilfredo Pareto formula matem\u00e1ticamente la regla 80\/20 para describir la distribuci\u00f3n de la riqueza.<\/li>\n<li><strong>1907<\/strong>: Frank B. Gilbreth aplica estudios de tiempos en la construcci\u00f3n.<\/li>\n<li><strong>1908<\/strong>: Henry Ford produce el <em>Model T<\/em> con piezas intercambiables.<\/li>\n<li><strong>1910<\/strong>: Ford se traslada a la planta de Highland Park.<\/li>\n<li><strong>1911<\/strong>: Taylor publica <em>The Principles of Scientific Management<\/em>.<\/li>\n<li><strong>1913<\/strong>: Henry Ford implementa la l\u00ednea de ensamblaje en movimiento.<\/li>\n<li><strong>1914<\/strong>:\n<ul>\n<li>Clarence B. Thompson edita <em>Scientific Management<\/em>, recopilaci\u00f3n de los trabajos de Taylor.<\/li>\n<li>Lillian Gilbreth publica <em>The Psychology of Management<\/em>.<\/li>\n<\/ul>\n<\/li>\n<li><strong>1915<\/strong>: El sistema de Taylor se aplica en la planta Kamata de Niigata (Jap\u00f3n).<\/li>\n<li><strong>1916<\/strong>: EE. UU. crea el <em>Council of National Defense<\/em> para coordinar industrias y recursos.<\/li>\n<li><strong>1917<\/strong>:\n<ul>\n<li>Henry L. Gantt desarrolla el diagrama de Gantt.<\/li>\n<li>Charles R. Allen y Mike J. Kane desarrollan m\u00e9todos de instrucci\u00f3n en la <em>Emergency Fleet Corporation<\/em>, base del futuro TWI.<\/li>\n<\/ul>\n<\/li>\n<li><strong>1919<\/strong>: Charles R. Allen publica <em>The Instructor, the Man, and the Job<\/em>.<\/li>\n<li><strong>1920<\/strong>: Clarence Irving Lewis publica <em>Mind and the World Order<\/em>, influyendo en Shewhart y Deming.<\/li>\n<li><strong>1921<\/strong>: Frank y Lillian Gilbreth presentan s\u00edmbolos de an\u00e1lisis de procesos en la ASME.<\/li>\n<li><strong>1922<\/strong>:\n<ul>\n<li>George S. Radford publica <em>The Control of Quality in Manufacturing<\/em>.<\/li>\n<li>Sakichi Toyoda inventa el telar autom\u00e1tico.<\/li>\n<li>Charles Allen publica <em>The Foreman and His Job<\/em>.<\/li>\n<li>John Dewey publica <em>Human Nature and Conduct<\/em>.<\/li>\n<\/ul>\n<\/li>\n<li><strong>1924-1932<\/strong>: Experimentos de Hawthorne en Western Electric (Chicago), dirigidos por Elton Mayo. Shewhart desarrolla la idea de las gr\u00e1ficas de control.<\/li>\n<li><strong>1925<\/strong>: Toshiro Ikeda traduce al japon\u00e9s la obra de Taylor <em>Secrets of Eliminating Unprofitable Efforts<\/em>.<\/li>\n<li><strong>1927-1928<\/strong>:\n<ul>\n<li>Ford abre la planta Rouge en Dearborn (Michigan).<\/li>\n<li>Guy Via difunde los 4 pasos de Allen: preparaci\u00f3n, presentaci\u00f3n, aplicaci\u00f3n y prueba.<\/li>\n<\/ul>\n<\/li>\n<li><strong>1928<\/strong>: Chrysler inicia la producci\u00f3n de DeSoto y Plymouth.<\/li>\n<li><strong>1929<\/strong>:\n<ul>\n<li>Kiichiro Toyoda visita la planta Rouge de Ford.<\/li>\n<li>Dewey publica <em>The Quest for Certainty<\/em>.<\/li>\n<\/ul>\n<\/li>\n<li><strong>1930<\/strong>: W. A. Shewhart desarrolla la carta de control estad\u00edstico (SPC).<\/li>\n<li><strong>1931<\/strong>: <em>Handbook of Business Administration<\/em> incluye m\u00faltiples referencias a los pasos de instrucci\u00f3n.<\/li>\n<li><strong>1932<\/strong>:\n<ul>\n<li>Taiichi Ohno se incorpora a Toyoda.<\/li>\n<li>Fundaci\u00f3n de la <em>ASTME<\/em>.<\/li>\n<\/ul>\n<\/li>\n<li><strong>1933<\/strong>: Elton Mayo publica <em>The Human Problems of an Industrialized Civilization<\/em>.<\/li>\n<li><strong>1936<\/strong>: Estreno de la pel\u00edcula <em>Modern Times<\/em>, de Chaplin.<\/li>\n<li><strong>1937<\/strong>:\n<ul>\n<li>Ralph M. Barnes publica <em>Motion and Time Study<\/em>.<\/li>\n<li>Se funda Toyota Motor Company, presidida por Kiichiro Toyoda.<\/li>\n<li>Juran desarrolla la aplicaci\u00f3n pr\u00e1ctica del Principio de Pareto.<\/li>\n<li>La industria aeron\u00e1utica alemana introduce el <em>takt time<\/em>, transmitido luego a Toyota v\u00eda Mitsubishi.<\/li>\n<\/ul>\n<\/li>\n<li><strong>1938<\/strong>: Kiichiro Toyoda establece el concepto <em>Just-in-Time<\/em> en la planta de Koromo\/Honsha.<\/li>\n<li><strong>1939<\/strong>:\n<ul>\n<li>Shewhart presenta el primer \u201cciclo de Shewhart\u201d (especificaci\u00f3n, producci\u00f3n, inspecci\u00f3n).<\/li>\n<li>Publica <em>Statistical Method from the Viewpoint of Quality Control<\/em>, editado por Deming.<\/li>\n<\/ul>\n<\/li>\n<li><strong>1940-1945<\/strong>: Desarrollo del programa <strong>TWI (Training Within Industry)<\/strong> en EE. UU. durante la guerra. Entrenan a millones de supervisores y se exporta a numerosos pa\u00edses.<\/li>\n<li><strong>1946<\/strong>: Fundaci\u00f3n de la <em>American Society for Quality Control<\/em>. Peter Drucker publica <em>Concept of the Corporation<\/em>.<\/li>\n<li><strong>1947-1949<\/strong>: Taiichi Ohno es promovido a jefe de taller. Inicia conceptos de eliminaci\u00f3n de desperdicios, reducci\u00f3n de inventarios en proceso y autoridad para detener la l\u00ednea.<\/li>\n<li><strong>1950<\/strong>:\n<ul>\n<li>Shingo desarrolla el SMED.<\/li>\n<li>Ishikawa crea el diagrama causa-efecto (Ishikawa o espina de pescado).<\/li>\n<li>Deming modifica el ciclo de Shewhart en Jap\u00f3n (origen del PDCA).<\/li>\n<\/ul>\n<\/li>\n<li><strong>1951<\/strong>:\n<ul>\n<li>TWI se ense\u00f1a en Jap\u00f3n a m\u00e1s de 400 supervisores.<\/li>\n<li>Deming y Juran inician la formaci\u00f3n en control de calidad en Jap\u00f3n.<\/li>\n<li>Se crea el Premio Deming.<\/li>\n<\/ul>\n<\/li>\n<li><strong>1955<\/strong>: Shingo inicia conferencias en Toyota: \u201cSeparaci\u00f3n de hombre y m\u00e1quina\u201d.<\/li>\n<li><strong>1956-1957<\/strong>:\n<ul>\n<li>TWI Inc. introduce la capacitaci\u00f3n en resoluci\u00f3n de problemas con PDCA en Jap\u00f3n.<\/li>\n<li>Shingo ense\u00f1a el curso P en Toyota e introduce mecanismos de pensamiento cient\u00edfico.<\/li>\n<\/ul>\n<\/li>\n<li><strong>1960-1962<\/strong>:\n<ul>\n<li>Deming recibe la Orden del Sagrado Tesoro en Jap\u00f3n.<\/li>\n<li>Shingo formula <em>poka-yoke<\/em> y <em>cero defectos<\/em>.<\/li>\n<li>Se inician los <em>c\u00edrculos de calidad<\/em> en Toyota.<\/li>\n<li>Masaaki Imai funda el Instituto Kaizen.<\/li>\n<\/ul>\n<\/li>\n<li><strong>1965<\/strong>: Toyota gana el Premio Deming a la Calidad.<\/li>\n<li><strong>1971<\/strong>: Taiichi Ohno completa el <strong>Toyota Production System (TPS)<\/strong>.<\/li>\n<li><strong>1973<\/strong>: Crisis del petr\u00f3leo: Toyota logra beneficios aplicando TPS.<\/li>\n<li><strong>1979<\/strong>: Ford adquiere 25% de Mazda para aprender del sistema japon\u00e9s.<\/li>\n<li><strong>1980<\/strong>: Shingo publica <em>Estudio del Sistema de Producci\u00f3n de Toyota desde la Ingenier\u00eda Industrial<\/em>.<\/li>\n<li><strong>1982<\/strong>: Taiichi Ohno publica <em>Genba Keiei<\/em> (<em>Workplace Management<\/em>).<\/li>\n<li><strong>1984<\/strong>:\n<ul>\n<li>Eliyahu Goldratt publica <em>The Goal<\/em>.<\/li>\n<li>Se establece la alianza Toyota\u2013General Motors con NUMMI en EE. UU.<\/li>\n<\/ul>\n<\/li>\n<\/ul>\t\t\t\t\t\t\t\t<\/div>\n\t\t\t\t<\/div>\n\t\t\t\t\t<\/div>\n\t\t<\/div>\n\t\t\t\t<div class=\"elementor-column elementor-col-33 elementor-top-column elementor-element elementor-element-e1f3d5d\" data-id=\"e1f3d5d\" data-element_type=\"column\">\n\t\t\t<div class=\"elementor-widget-wrap\">\n\t\t\t\t\t\t\t<\/div>\n\t\t<\/div>\n\t\t\t\t\t<\/div>\n\t\t<\/section>\n\t\t\t\t<section class=\"elementor-section elementor-top-section elementor-element elementor-element-38827e0 elementor-section-boxed elementor-section-height-default elementor-section-height-default\" data-id=\"38827e0\" data-element_type=\"section\">\n\t\t\t\t\t\t<div class=\"elementor-container elementor-column-gap-default\">\n\t\t\t\t\t<div class=\"elementor-column elementor-col-33 elementor-top-column elementor-element elementor-element-164943f\" data-id=\"164943f\" data-element_type=\"column\">\n\t\t\t<div class=\"elementor-widget-wrap\">\n\t\t\t\t\t\t\t<\/div>\n\t\t<\/div>\n\t\t\t\t<div class=\"elementor-column elementor-col-33 elementor-top-column elementor-element elementor-element-5075835\" data-id=\"5075835\" data-element_type=\"column\">\n\t\t\t<div class=\"elementor-widget-wrap elementor-element-populated\">\n\t\t\t\t\t\t<div class=\"elementor-element elementor-element-7ad1392 elementor-widget elementor-widget-heading\" data-id=\"7ad1392\" data-element_type=\"widget\" data-widget_type=\"heading.default\">\n\t\t\t\t<div class=\"elementor-widget-container\">\n\t\t\t\t\t<h2 class=\"elementor-heading-title elementor-size-default\">Conclusi\u00f3n:\n<\/h2>\t\t\t\t<\/div>\n\t\t\t\t<\/div>\n\t\t\t\t<div class=\"elementor-element elementor-element-021133c elementor-widget elementor-widget-text-editor\" data-id=\"021133c\" data-element_type=\"widget\" data-widget_type=\"text-editor.default\">\n\t\t\t\t<div class=\"elementor-widget-container\">\n\t\t\t\t\t\t\t\t\t<p>Como conclusi\u00f3n, puedo afirmar que la industria estadounidense y europea configuraron una base de conocimiento esencial que no se puede desconocer y que forj\u00f3 los sistemas modernos de producci\u00f3n. Iniciativas como <em data-start=\"439\" data-end=\"454\">Industria 4.0<\/em>, que hoy est\u00e1n revolucionando el mundo, surgieron en Europa a partir de la propuesta estrat\u00e9gica impulsada por la canciller alemana Angela Merkel. A ello se suma el aporte latinoamericano, en particular de la escuela chilena (Flores, Maturana, Varela, Olalla, Echevarria, Bloch, Hax, Mailuj y otros) , que plantea que es posible avanzar trabajando en el funcionamiento de la organizaci\u00f3n al concebir la empresa como una red de conversaciones. Asimismo, en Europa comienzan a consolidarse nuevos desarrollos en torno a una directriz emergente denominada <em data-start=\"932\" data-end=\"947\">Industria 5.0<\/em>.<\/p><p data-start=\"122\" data-end=\"487\">Todo ello nos lleva a concluir que en la <strong data-start=\"163\" data-end=\"214\">gesti\u00f3n industrial no hay espacio para el dogma<\/strong>, sino para la <strong data-start=\"229\" data-end=\"285\">integraci\u00f3n cr\u00edtica y creativa de distintos enfoques<\/strong>. As\u00ed como la industria japonesa aprendi\u00f3 de Occidente y perfeccion\u00f3 sus sistemas, nuestra realidad latina <strong data-start=\"392\" data-end=\"442\">no debe limitarse a copiar modelos extranjeros<\/strong>, ya sean japoneses, americanos o europeos.<\/p><p data-start=\"489\" data-end=\"567\">Nuestra <strong data-start=\"497\" data-end=\"524\">cultura latinoamericana<\/strong> nos ofrece ventajas competitivas \u00fanicas:<\/p><ul data-start=\"568\" data-end=\"1016\"><li data-start=\"568\" data-end=\"655\"><p data-start=\"570\" data-end=\"655\"><strong data-start=\"570\" data-end=\"599\">Creatividad e imaginaci\u00f3n<\/strong>, que nos permite adaptar sistemas a nuestra realidad.<\/p><\/li><li data-start=\"656\" data-end=\"740\"><p data-start=\"658\" data-end=\"740\"><strong data-start=\"658\" data-end=\"688\">Flexibilidad y resiliencia<\/strong>, para responder a cambios y desaf\u00edos del mercado.<\/p><\/li><li data-start=\"741\" data-end=\"827\"><p data-start=\"743\" data-end=\"827\"><strong data-start=\"743\" data-end=\"772\">Capacidad de colaboraci\u00f3n<\/strong>, fortaleciendo la cooperaci\u00f3n entre equipos y \u00e1reas.<\/p><\/li><li data-start=\"828\" data-end=\"922\"><p data-start=\"830\" data-end=\"922\"><strong data-start=\"830\" data-end=\"868\">Orientaci\u00f3n a resultados pr\u00e1cticos<\/strong>, enfoc\u00e1ndonos en soluciones que generan valor real.<\/p><\/li><li data-start=\"923\" data-end=\"1016\"><p data-start=\"925\" data-end=\"1016\"><strong data-start=\"925\" data-end=\"960\">Resiliencia frente a la escasez<\/strong>, optimizando recursos y procesos de manera eficiente.<\/p><\/li><\/ul><p data-start=\"1018\" data-end=\"1330\">Estas fortalezas nos permiten <strong data-start=\"1048\" data-end=\"1121\">mejorar, enriquecer y personalizar los sistemas de gesti\u00f3n industrial<\/strong>, convirti\u00e9ndolos en herramientas vivas y efectivas, adaptadas a nuestra forma de trabajar, pensar y relacionarnos. As\u00ed, podemos construir una <strong data-start=\"1264\" data-end=\"1327\">industria m\u00e1s eficiente, innovadora y aut\u00e9nticamente latina<\/strong>.<\/p><p data-start=\"1332\" data-end=\"1375\">Un saludo,<br data-start=\"1342\" data-end=\"1345\" \/><strong data-start=\"1345\" data-end=\"1373\">Humberto \u00c1lvarez Laverde<\/strong><\/p>\t\t\t\t\t\t\t\t<\/div>\n\t\t\t\t<\/div>\n\t\t\t\t\t<\/div>\n\t\t<\/div>\n\t\t\t\t<div class=\"elementor-column elementor-col-33 elementor-top-column elementor-element elementor-element-628479a\" data-id=\"628479a\" data-element_type=\"column\">\n\t\t\t<div class=\"elementor-widget-wrap\">\n\t\t\t\t\t\t\t<\/div>\n\t\t<\/div>\n\t\t\t\t\t<\/div>\n\t\t<\/section>\n\t\t\t\t<section class=\"elementor-section elementor-top-section elementor-element elementor-element-92ea7ae elementor-section-boxed elementor-section-height-default elementor-section-height-default\" data-id=\"92ea7ae\" data-element_type=\"section\">\n\t\t\t\t\t\t<div class=\"elementor-container elementor-column-gap-default\">\n\t\t\t\t\t<div class=\"elementor-column elementor-col-33 elementor-top-column elementor-element elementor-element-640b6c4\" data-id=\"640b6c4\" data-element_type=\"column\">\n\t\t\t<div class=\"elementor-widget-wrap\">\n\t\t\t\t\t\t\t<\/div>\n\t\t<\/div>\n\t\t\t\t<div class=\"elementor-column elementor-col-33 elementor-top-column elementor-element elementor-element-d60a5d3\" data-id=\"d60a5d3\" data-element_type=\"column\">\n\t\t\t<div class=\"elementor-widget-wrap\">\n\t\t\t\t\t\t\t<\/div>\n\t\t<\/div>\n\t\t\t\t<div class=\"elementor-column elementor-col-33 elementor-top-column elementor-element elementor-element-de4e1d1\" data-id=\"de4e1d1\" data-element_type=\"column\">\n\t\t\t<div class=\"elementor-widget-wrap\">\n\t\t\t\t\t\t\t<\/div>\n\t\t<\/div>\n\t\t\t\t\t<\/div>\n\t\t<\/section>\n\t\t\t\t<\/div>\n\t\t","protected":false},"excerpt":{"rendered":"<p>\u00bfEs realmente japon\u00e9s el Sistema de Producci\u00f3n Toyota? Por:Humberto Alvarez Laverde El sistema de producci\u00f3n [&hellip;]<\/p>\n","protected":false},"author":1,"featured_media":0,"parent":0,"menu_order":0,"comment_status":"closed","ping_status":"closed","template":"","meta":{"site-sidebar-layout":"no-sidebar","site-content-layout":"page-builder","ast-site-content-layout":"full-width-container","site-content-style":"default","site-sidebar-style":"default","ast-global-header-display":"","ast-banner-title-visibility":"","ast-main-header-display":"","ast-hfb-above-header-display":"","ast-hfb-below-header-display":"","ast-hfb-mobile-header-display":"","site-post-title":"disabled","ast-breadcrumbs-content":"","ast-featured-img":"disabled","footer-sml-layout":"","ast-disable-related-posts":"","theme-transparent-header-meta":"default","adv-header-id-meta":"","stick-header-meta":"","header-above-stick-meta":"","header-main-stick-meta":"","header-below-stick-meta":"","astra-migrate-meta-layouts":"set","ast-page-background-enabled":"default","ast-page-background-meta":{"desktop":{"background-color":"","background-image":"","background-repeat":"repeat","background-position":"center center","background-size":"auto","background-attachment":"scroll","background-type":"","background-media":"","overlay-type":"","overlay-color":"","overlay-opacity":"","overlay-gradient":""},"tablet":{"background-color":"","background-image":"","background-repeat":"repeat","background-position":"center center","background-size":"auto","background-attachment":"scroll","background-type":"","background-media":"","overlay-type":"","overlay-color":"","overlay-opacity":"","overlay-gradient":""},"mobile":{"background-color":"","background-image":"","background-repeat":"repeat","background-position":"center center","background-size":"auto","background-attachment":"scroll","background-type":"","background-media":"","overlay-type":"","overlay-color":"","overlay-opacity":"","overlay-gradient":""}},"ast-content-background-meta":{"desktop":{"background-color":"var(--ast-global-color-5)","background-image":"","background-repeat":"repeat","background-position":"center center","background-size":"auto","background-attachment":"scroll","background-type":"","background-media":"","overlay-type":"","overlay-color":"","overlay-opacity":"","overlay-gradient":""},"tablet":{"background-color":"var(--ast-global-color-5)","background-image":"","background-repeat":"repeat","background-position":"center center","background-size":"auto","background-attachment":"scroll","background-type":"","background-media":"","overlay-type":"","overlay-color":"","overlay-opacity":"","overlay-gradient":""},"mobile":{"background-color":"var(--ast-global-color-5)","background-image":"","background-repeat":"repeat","background-position":"center center","background-size":"auto","background-attachment":"scroll","background-type":"","background-media":"","overlay-type":"","overlay-color":"","overlay-opacity":"","overlay-gradient":""}},"footnotes":""},"class_list":["post-19129","page","type-page","status-publish","hentry"],"_links":{"self":[{"href":"https:\/\/academia-tpm.com\/plataforma\/wp-json\/wp\/v2\/pages\/19129","targetHints":{"allow":["GET"]}}],"collection":[{"href":"https:\/\/academia-tpm.com\/plataforma\/wp-json\/wp\/v2\/pages"}],"about":[{"href":"https:\/\/academia-tpm.com\/plataforma\/wp-json\/wp\/v2\/types\/page"}],"author":[{"embeddable":true,"href":"https:\/\/academia-tpm.com\/plataforma\/wp-json\/wp\/v2\/users\/1"}],"replies":[{"embeddable":true,"href":"https:\/\/academia-tpm.com\/plataforma\/wp-json\/wp\/v2\/comments?post=19129"}],"version-history":[{"count":34,"href":"https:\/\/academia-tpm.com\/plataforma\/wp-json\/wp\/v2\/pages\/19129\/revisions"}],"predecessor-version":[{"id":19168,"href":"https:\/\/academia-tpm.com\/plataforma\/wp-json\/wp\/v2\/pages\/19129\/revisions\/19168"}],"wp:attachment":[{"href":"https:\/\/academia-tpm.com\/plataforma\/wp-json\/wp\/v2\/media?parent=19129"}],"curies":[{"name":"wp","href":"https:\/\/api.w.org\/{rel}","templated":true}]}}