{"id":18735,"date":"2025-08-20T08:02:23","date_gmt":"2025-08-20T07:02:23","guid":{"rendered":"https:\/\/academia-tpm.com\/plataforma\/?page_id=18735"},"modified":"2025-08-20T08:13:41","modified_gmt":"2025-08-20T07:13:41","slug":"leanglobal","status":"publish","type":"page","link":"https:\/\/academia-tpm.com\/plataforma\/leanglobal\/","title":{"rendered":"leanglobal"},"content":{"rendered":"\t\t<div data-elementor-type=\"wp-page\" data-elementor-id=\"18735\" class=\"elementor elementor-18735\" data-elementor-post-type=\"page\">\n\t\t\t\t\t\t<section class=\"elementor-section elementor-top-section elementor-element elementor-element-a6d5910 elementor-section-height-min-height elementor-section-boxed elementor-section-height-default elementor-section-items-middle\" data-id=\"a6d5910\" data-element_type=\"section\" data-settings=\"{&quot;background_background&quot;:&quot;classic&quot;}\">\n\t\t\t\t\t\t<div class=\"elementor-container elementor-column-gap-wide\">\n\t\t\t\t\t<div class=\"elementor-column elementor-col-25 elementor-top-column elementor-element elementor-element-22472ef\" data-id=\"22472ef\" data-element_type=\"column\">\n\t\t\t<div class=\"elementor-widget-wrap elementor-element-populated\">\n\t\t\t\t\t\t<div class=\"elementor-element elementor-element-a76c9c9 elementor-widget elementor-widget-heading\" data-id=\"a76c9c9\" data-element_type=\"widget\" data-widget_type=\"heading.default\">\n\t\t\t\t<div class=\"elementor-widget-container\">\n\t\t\t\t\t<h2 class=\"elementor-heading-title elementor-size-default\">Lean: adaptando la excelencia a tu entorno<\/h2>\t\t\t\t<\/div>\n\t\t\t\t<\/div>\n\t\t\t\t\t<\/div>\n\t\t<\/div>\n\t\t\t\t<div class=\"elementor-column elementor-col-50 elementor-top-column elementor-element elementor-element-7c05e7d\" data-id=\"7c05e7d\" data-element_type=\"column\">\n\t\t\t<div class=\"elementor-widget-wrap\">\n\t\t\t\t\t\t\t<\/div>\n\t\t<\/div>\n\t\t\t\t<div class=\"elementor-column elementor-col-25 elementor-top-column elementor-element elementor-element-25240de\" data-id=\"25240de\" data-element_type=\"column\">\n\t\t\t<div class=\"elementor-widget-wrap\">\n\t\t\t\t\t\t\t<\/div>\n\t\t<\/div>\n\t\t\t\t\t<\/div>\n\t\t<\/section>\n\t\t\t\t<section class=\"elementor-section elementor-top-section elementor-element elementor-element-fe2f38b elementor-section-boxed elementor-section-height-default elementor-section-height-default\" data-id=\"fe2f38b\" data-element_type=\"section\">\n\t\t\t\t\t\t<div class=\"elementor-container elementor-column-gap-default\">\n\t\t\t\t\t<div class=\"elementor-column elementor-col-25 elementor-top-column elementor-element elementor-element-7ac4044\" data-id=\"7ac4044\" data-element_type=\"column\">\n\t\t\t<div class=\"elementor-widget-wrap\">\n\t\t\t\t\t\t\t<\/div>\n\t\t<\/div>\n\t\t\t\t<div class=\"elementor-column elementor-col-50 elementor-top-column elementor-element elementor-element-7d70ac9\" data-id=\"7d70ac9\" data-element_type=\"column\">\n\t\t\t<div class=\"elementor-widget-wrap elementor-element-populated\">\n\t\t\t\t\t\t<div class=\"elementor-element elementor-element-e4d65e1 elementor-widget elementor-widget-text-editor\" data-id=\"e4d65e1\" data-element_type=\"widget\" data-widget_type=\"text-editor.default\">\n\t\t\t\t<div class=\"elementor-widget-container\">\n\t\t\t\t\t\t\t\t\t<p><strong>Lean en USA, Jap\u00f3n, Latinoam\u00e9rica y Europa: adaptando enfoques seg\u00fan el contexto<\/strong><\/p><p>Gran parte de Latinoam\u00e9rica, la implementaci\u00f3n de Lean ha generado debates sobre qu\u00e9 enfoque es \u201caut\u00e9ntico\u201d y cu\u00e1l es el m\u00e1s eficaz. Una corriente sostiene que la \u00fanica forma correcta de aplicar Lean es siguiendo estrictamente los principios del <strong>Toyota Production System (TPS)<\/strong>, ahora tambi\u00e9n llamado <strong>Nippon Production System<\/strong>. Los seguidores de esta visi\u00f3n emplean terminolog\u00eda japonesa (utilizando kanjis de los que desconocen sus radicales) \u00a0y conceptos originales, a veces buscando impresionar a los aprendices. Este enfoque, aunque s\u00f3lido en fundamentos y muy eficaz, tiende a ser <strong>riguroso en la metodolog\u00eda<\/strong>, considerando que TPS es el \u00fanico modelo leg\u00edtimo.<\/p><p>Frente a esta perspectiva, otro grupo de expertos sostiene que Lean naci\u00f3 en Jap\u00f3n. Se\u00f1alan que Lean se desarroll\u00f3 y adapt\u00f3 en <strong>Toyota NUMMI (California, EE.<\/strong><strong>\u202fUU.)<\/strong>, donde ingenieros y posterior autores como <strong>Mike Rother<\/strong> trabajaron para simplificar pr\u00e1cticas japonesas y trasladarlas a un contexto estadounidense, logrando una excelente divulgaci\u00f3n. Seg\u00fan ellos, el <strong>Premio Shingo<\/strong> perfeccion\u00f3 estas ideas, generando un Lean m\u00e1s <strong>pragm\u00e1tico y orientado a resultados r\u00e1pidos<\/strong>, caracter\u00edsticos de la cultura norteamericana, con menos foco en transformaci\u00f3n cultural profunda, pero con alta <strong>rentabilidad<\/strong>. Esta visi\u00f3n enfatiza la eficiencia y la obtenci\u00f3n de resultados visibles a corto plazo.<\/p><p>En Latinoam\u00e9rica, la situaci\u00f3n es diversa. Existen numerosos consultores que promueven su versi\u00f3n como \u201cLean verdadero\u201d o \u201csuperior\u201d, bas\u00e1ndose en su experiencia dentro de empresas que implementaron Lean y en consultor\u00edas propias. En general, este enfoque se centra en la aplicaci\u00f3n de herramientas y en lograr resultados r\u00e1pidos, aunque la <strong>profundizaci\u00f3n en la cultura de mejora continua<\/strong> a\u00fan es limitada.<\/p><p>En contraste, la industria alemana ofrece otra perspectiva. All\u00ed, Lean se incorpor\u00f3 m\u00e1s tarde, pero dentro de un <strong>entorno de ingenier\u00eda avanzada, procesos complejos y tecnolog\u00eda de producci\u00f3n de primer nivel<\/strong>, donde la precisi\u00f3n, los est\u00e1ndares rigurosos y la disciplina son esenciales. A diferencia de Latinoam\u00e9rica, <strong>la industria alemana no depende de consultores externos con experiencia previa en otras empresas<\/strong>, sino que <strong>la formaci\u00f3n Lean se lleva a cabo en la \u201cHochschulen\u201d (universidades de ciencias aplicadas) y escuelas t\u00e9cnicas<\/strong>, gracias a la eficaz pol\u00edtica de estrecha cooperaci\u00f3n entre industria y academia. Las universidades forman a ingenieros y t\u00e9cnicos profundamente en metodolog\u00edas Lean, quienes luego se integran en las empresas con sistemas de trabajo consolidados, integrandose en sistemas de trabajo de fabricaci\u00f3n de productos de <strong>primera calidad creados durante d\u00e9cadas<\/strong>. Por ejemplo, la <strong>Universidad de Ciencias Aplicadas de Ansbach<\/strong> cuenta con laboratorios avanzados donde los alumnos aprenden Lean aplicado a procesos casi reales, exploran alternativas y mejoran o adaptan los m\u00e9todos ense\u00f1ados.<\/p><p>Adem\u00e1s, en Europa existe un <strong>enfoque sistem\u00e1tico de evaluaci\u00f3n de la excelencia industrial<\/strong>, similar al Premio Shingo en EE.\u202fUU. Cada a\u00f1o, las mejores f\u00e1bricas son evaluadas por un modelo avanzado dise\u00f1ado por las mejores <strong>escuelas de negocios de Europa y seguramente qu del mundo<\/strong>, donde aproximadamente el <strong>50% de los puntos de evaluaci\u00f3n se centran en el management y la calidad del liderazgo<\/strong>, m\u00e1s all\u00e1 de la aplicaci\u00f3n de herramientas espec\u00edficas. Esto refleja que en Europa, Lean no es solo una colecci\u00f3n de t\u00e9cnicas, sino un <strong>sistema de gesti\u00f3n integrado a largo plazo<\/strong>, que busca sostenibilidad y perfecci\u00f3n t\u00e9cnica.<\/p><p>Estas diferencias muestran que no existe un Lean universalmente \u201cmejor\u201d. Cada enfoque responde a un <strong>entorno, cultura organizacional y objetivos distintos<\/strong>:<\/p><ul><li>En Jap\u00f3n, la disciplina cultural y la mejora continua son la base.<\/li><li>En EE.\u202fUU., Lean se enfoca en resultados r\u00e1pidos, simplificaci\u00f3n y rentabilidad inmediata.<\/li><li>En Alemania, el foco est\u00e1 en precisi\u00f3n, ingenier\u00eda avanzada, procesos tecnol\u00f3gicos complejos y sostenibilidad, con formaci\u00f3n acad\u00e9mica s\u00f3lida y evaluaci\u00f3n sistem\u00e1tica de la excelencia industrial.<\/li><li>En Latinoam\u00e9rica, el potencial radica en la <strong>creatividad y motivaci\u00f3n de las personas<\/strong>, aunque los procesos tecnol\u00f3gicos y la cultura de mejora continua a\u00fan est\u00e1n en desarrollo.<\/li><\/ul><p>El aprendizaje clave es que <strong>insistir en una sola forma de aplicar Lean limita su evoluci\u00f3n<\/strong>. Lean, como filosof\u00eda de gesti\u00f3n, <strong>evoluciona gradualmente lo mismo que el TPS, KPS (Kawasaki Production System)<\/strong>, etc., incorpora nuevas soluciones y se adapta a cada contexto. La implementaci\u00f3n exitosa requiere <strong>sensibilidad cultural, flexibilidad metodol\u00f3gica y comprensi\u00f3n del entorno<\/strong>.<\/p><p>En resumen, la pregunta no es cu\u00e1l Lean es el \u201cverdadero\u201d o \u201cmejor\u201d, sino <strong>cu\u00e1l es el Lean m\u00e1s adecuado para tu organizaci\u00f3n y su cultura<\/strong>. Cada enfoque aporta <strong>herramientas, aprendizajes y estrategias valiosas<\/strong>, y el verdadero desaf\u00edo est\u00e1 en <strong>adaptarlas de manera inteligente, flexible y sin rigidez metodol\u00f3gica<\/strong>.<\/p><p>Por Humberto Alvarez Laverde<\/p>\t\t\t\t\t\t\t\t<\/div>\n\t\t\t\t<\/div>\n\t\t\t\t\t<\/div>\n\t\t<\/div>\n\t\t\t\t<div class=\"elementor-column elementor-col-25 elementor-top-column elementor-element elementor-element-6b0f8a2\" data-id=\"6b0f8a2\" data-element_type=\"column\">\n\t\t\t<div class=\"elementor-widget-wrap\">\n\t\t\t\t\t\t\t<\/div>\n\t\t<\/div>\n\t\t\t\t\t<\/div>\n\t\t<\/section>\n\t\t\t\t<section class=\"elementor-section elementor-top-section elementor-element elementor-element-0483326 elementor-section-boxed elementor-section-height-default elementor-section-height-default\" data-id=\"0483326\" data-element_type=\"section\">\n\t\t\t\t\t\t<div class=\"elementor-container elementor-column-gap-default\">\n\t\t\t\t\t<div class=\"elementor-column elementor-col-33 elementor-top-column elementor-element elementor-element-61c86b4\" data-id=\"61c86b4\" data-element_type=\"column\">\n\t\t\t<div class=\"elementor-widget-wrap\">\n\t\t\t\t\t\t\t<\/div>\n\t\t<\/div>\n\t\t\t\t<div class=\"elementor-column elementor-col-33 elementor-top-column elementor-element elementor-element-a8e6848\" data-id=\"a8e6848\" data-element_type=\"column\">\n\t\t\t<div class=\"elementor-widget-wrap\">\n\t\t\t\t\t\t\t<\/div>\n\t\t<\/div>\n\t\t\t\t<div class=\"elementor-column elementor-col-33 elementor-top-column elementor-element elementor-element-70524d8\" data-id=\"70524d8\" data-element_type=\"column\">\n\t\t\t<div class=\"elementor-widget-wrap\">\n\t\t\t\t\t\t\t<\/div>\n\t\t<\/div>\n\t\t\t\t\t<\/div>\n\t\t<\/section>\n\t\t\t\t<\/div>\n\t\t","protected":false},"excerpt":{"rendered":"<p>Lean: adaptando la excelencia a tu entorno Lean en USA, Jap\u00f3n, Latinoam\u00e9rica y Europa: adaptando [&hellip;]<\/p>\n","protected":false},"author":1,"featured_media":0,"parent":0,"menu_order":0,"comment_status":"closed","ping_status":"closed","template":"","meta":{"site-sidebar-layout":"no-sidebar","site-content-layout":"page-builder","ast-site-content-layout":"full-width-container","site-content-style":"default","site-sidebar-style":"default","ast-global-header-display":"","ast-banner-title-visibility":"","ast-main-header-display":"","ast-hfb-above-header-display":"","ast-hfb-below-header-display":"","ast-hfb-mobile-header-display":"","site-post-title":"disabled","ast-breadcrumbs-content":"","ast-featured-img":"disabled","footer-sml-layout":"","ast-disable-related-posts":"","theme-transparent-header-meta":"default","adv-header-id-meta":"","stick-header-meta":"","header-above-stick-meta":"","header-main-stick-meta":"","header-below-stick-meta":"","astra-migrate-meta-layouts":"set","ast-page-background-enabled":"default","ast-page-background-meta":{"desktop":{"background-color":"","background-image":"","background-repeat":"repeat","background-position":"center center","background-size":"auto","background-attachment":"scroll","background-type":"","background-media":"","overlay-type":"","overlay-color":"","overlay-opacity":"","overlay-gradient":""},"tablet":{"background-color":"","background-image":"","background-repeat":"repeat","background-position":"center center","background-size":"auto","background-attachment":"scroll","background-type":"","background-media":"","overlay-type":"","overlay-color":"","overlay-opacity":"","overlay-gradient":""},"mobile":{"background-color":"","background-image":"","background-repeat":"repeat","background-position":"center center","background-size":"auto","background-attachment":"scroll","background-type":"","background-media":"","overlay-type":"","overlay-color":"","overlay-opacity":"","overlay-gradient":""}},"ast-content-background-meta":{"desktop":{"background-color":"var(--ast-global-color-5)","background-image":"","background-repeat":"repeat","background-position":"center center","background-size":"auto","background-attachment":"scroll","background-type":"","background-media":"","overlay-type":"","overlay-color":"","overlay-opacity":"","overlay-gradient":""},"tablet":{"background-color":"var(--ast-global-color-5)","background-image":"","background-repeat":"repeat","background-position":"center center","background-size":"auto","background-attachment":"scroll","background-type":"","background-media":"","overlay-type":"","overlay-color":"","overlay-opacity":"","overlay-gradient":""},"mobile":{"background-color":"var(--ast-global-color-5)","background-image":"","background-repeat":"repeat","background-position":"center center","background-size":"auto","background-attachment":"scroll","background-type":"","background-media":"","overlay-type":"","overlay-color":"","overlay-opacity":"","overlay-gradient":""}},"footnotes":""},"class_list":["post-18735","page","type-page","status-publish","hentry"],"_links":{"self":[{"href":"https:\/\/academia-tpm.com\/plataforma\/wp-json\/wp\/v2\/pages\/18735","targetHints":{"allow":["GET"]}}],"collection":[{"href":"https:\/\/academia-tpm.com\/plataforma\/wp-json\/wp\/v2\/pages"}],"about":[{"href":"https:\/\/academia-tpm.com\/plataforma\/wp-json\/wp\/v2\/types\/page"}],"author":[{"embeddable":true,"href":"https:\/\/academia-tpm.com\/plataforma\/wp-json\/wp\/v2\/users\/1"}],"replies":[{"embeddable":true,"href":"https:\/\/academia-tpm.com\/plataforma\/wp-json\/wp\/v2\/comments?post=18735"}],"version-history":[{"count":10,"href":"https:\/\/academia-tpm.com\/plataforma\/wp-json\/wp\/v2\/pages\/18735\/revisions"}],"predecessor-version":[{"id":18746,"href":"https:\/\/academia-tpm.com\/plataforma\/wp-json\/wp\/v2\/pages\/18735\/revisions\/18746"}],"wp:attachment":[{"href":"https:\/\/academia-tpm.com\/plataforma\/wp-json\/wp\/v2\/media?parent=18735"}],"curies":[{"name":"wp","href":"https:\/\/api.w.org\/{rel}","templated":true}]}}