{"id":18000,"date":"2025-07-23T10:29:11","date_gmt":"2025-07-23T09:29:11","guid":{"rendered":"https:\/\/academia-tpm.com\/plataforma\/?page_id=18000"},"modified":"2025-07-23T10:44:16","modified_gmt":"2025-07-23T09:44:16","slug":"memawashi","status":"publish","type":"page","link":"https:\/\/academia-tpm.com\/plataforma\/memawashi\/","title":{"rendered":"memawashi"},"content":{"rendered":"\t\t<div data-elementor-type=\"wp-page\" data-elementor-id=\"18000\" class=\"elementor elementor-18000\" data-elementor-post-type=\"page\">\n\t\t\t\t\t\t<section class=\"elementor-section elementor-top-section elementor-element elementor-element-02fee35 elementor-section-height-min-height elementor-section-boxed elementor-section-height-default elementor-section-items-middle\" data-id=\"02fee35\" data-element_type=\"section\" data-settings=\"{&quot;background_background&quot;:&quot;classic&quot;}\">\n\t\t\t\t\t\t<div class=\"elementor-container elementor-column-gap-default\">\n\t\t\t\t\t<div class=\"elementor-column elementor-col-33 elementor-top-column elementor-element elementor-element-7345840\" data-id=\"7345840\" data-element_type=\"column\">\n\t\t\t<div class=\"elementor-widget-wrap\">\n\t\t\t\t\t\t\t<\/div>\n\t\t<\/div>\n\t\t\t\t<div class=\"elementor-column elementor-col-33 elementor-top-column elementor-element elementor-element-e2e8d95\" data-id=\"e2e8d95\" data-element_type=\"column\">\n\t\t\t<div class=\"elementor-widget-wrap elementor-element-populated\">\n\t\t\t\t\t\t<div class=\"elementor-element elementor-element-04ae8fa elementor-widget__width-initial elementor-widget elementor-widget-heading\" data-id=\"04ae8fa\" data-element_type=\"widget\" data-widget_type=\"heading.default\">\n\t\t\t\t<div class=\"elementor-widget-container\">\n\t\t\t\t\t<h2 class=\"elementor-heading-title elementor-size-default\">Hoshin Kanri y Nemawashi: Direcci\u00f3n estrat\u00e9gica con acuerdos reales<\/h2>\t\t\t\t<\/div>\n\t\t\t\t<\/div>\n\t\t\t\t\t<\/div>\n\t\t<\/div>\n\t\t\t\t<div class=\"elementor-column elementor-col-33 elementor-top-column elementor-element elementor-element-d0d9ac2\" data-id=\"d0d9ac2\" data-element_type=\"column\">\n\t\t\t<div class=\"elementor-widget-wrap\">\n\t\t\t\t\t\t\t<\/div>\n\t\t<\/div>\n\t\t\t\t\t<\/div>\n\t\t<\/section>\n\t\t\t\t<section class=\"elementor-section elementor-top-section elementor-element elementor-element-6c6404f elementor-section-boxed elementor-section-height-default elementor-section-height-default\" data-id=\"6c6404f\" data-element_type=\"section\">\n\t\t\t\t\t\t<div class=\"elementor-container elementor-column-gap-default\">\n\t\t\t\t\t<div class=\"elementor-column elementor-col-33 elementor-top-column elementor-element elementor-element-7900a17\" data-id=\"7900a17\" data-element_type=\"column\">\n\t\t\t<div class=\"elementor-widget-wrap\">\n\t\t\t\t\t\t\t<\/div>\n\t\t<\/div>\n\t\t\t\t<div class=\"elementor-column elementor-col-33 elementor-top-column elementor-element elementor-element-66cabda\" data-id=\"66cabda\" data-element_type=\"column\">\n\t\t\t<div class=\"elementor-widget-wrap elementor-element-populated\">\n\t\t\t\t\t\t<div class=\"elementor-element elementor-element-f1d8a78 elementor-widget elementor-widget-heading\" data-id=\"f1d8a78\" data-element_type=\"widget\" data-widget_type=\"heading.default\">\n\t\t\t\t<div class=\"elementor-widget-container\">\n\t\t\t\t\t<h2 class=\"elementor-heading-title elementor-size-default\">Por: Humberto Alvarez Laverde <\/h2>\t\t\t\t<\/div>\n\t\t\t\t<\/div>\n\t\t\t\t<div class=\"elementor-element elementor-element-6395645 elementor-widget elementor-widget-heading\" data-id=\"6395645\" data-element_type=\"widget\" data-widget_type=\"heading.default\">\n\t\t\t\t<div class=\"elementor-widget-container\">\n\t\t\t\t\t<h2 class=\"elementor-heading-title elementor-size-default\">MBA por el IESE Business School<\/h2>\t\t\t\t<\/div>\n\t\t\t\t<\/div>\n\t\t\t\t\t<\/div>\n\t\t<\/div>\n\t\t\t\t<div class=\"elementor-column elementor-col-33 elementor-top-column elementor-element elementor-element-db48c6c\" data-id=\"db48c6c\" data-element_type=\"column\">\n\t\t\t<div class=\"elementor-widget-wrap\">\n\t\t\t\t\t\t\t<\/div>\n\t\t<\/div>\n\t\t\t\t\t<\/div>\n\t\t<\/section>\n\t\t\t\t<section class=\"elementor-section elementor-top-section elementor-element elementor-element-cbf6255 elementor-section-boxed elementor-section-height-default elementor-section-height-default\" data-id=\"cbf6255\" data-element_type=\"section\">\n\t\t\t\t\t\t<div class=\"elementor-container elementor-column-gap-default\">\n\t\t\t\t\t<div class=\"elementor-column elementor-col-33 elementor-top-column elementor-element elementor-element-472791d\" data-id=\"472791d\" data-element_type=\"column\">\n\t\t\t<div class=\"elementor-widget-wrap\">\n\t\t\t\t\t\t\t<\/div>\n\t\t<\/div>\n\t\t\t\t<div class=\"elementor-column elementor-col-33 elementor-top-column elementor-element elementor-element-670a033\" data-id=\"670a033\" data-element_type=\"column\">\n\t\t\t<div class=\"elementor-widget-wrap elementor-element-populated\">\n\t\t\t\t\t\t<div class=\"elementor-element elementor-element-7945a5d elementor-widget elementor-widget-text-editor\" data-id=\"7945a5d\" data-element_type=\"widget\" data-widget_type=\"text-editor.default\">\n\t\t\t\t<div class=\"elementor-widget-container\">\n\t\t\t\t\t\t\t\t\t<p>En el mundo industrial, muchas estrategias fracasan no por falta de ideas, sino por falta de alineamiento. Las decisiones no bajan al terreno, los equipos no se comprometen, y lo que se plane\u00f3 en una sala de reuniones no se convierte en acci\u00f3n coordinada. Para cerrar esa brecha, existen herramientas poderosas como <strong>Hoshin Kanri<\/strong> y <strong>Nemawashi<\/strong>, que sin ser f\u00f3rmulas m\u00e1gicas, ofrecen un marco pr\u00e1ctico nuevo para dirigir con coherencia.<\/p><p>En este art\u00edculo no propongo imitar modelos culturales ajenos, sino usar lo \u00fatil con inteligencia local. No se trata de \u201cjaponizar\u201d nuestras organizaciones, sino de incorporar buenas pr\u00e1cticas que nos permitan lograr resultados sostenibles.<\/p><p><strong>Hoshin Kanri: de la estrategia al terreno<\/strong><\/p><p><strong>Hoshin Kanri (<\/strong><strong>\u65b9\u91dd\u7ba1\u7406)<\/strong>, tambi\u00e9n conocido como \u201cdespliegue de pol\u00edticas\u201d, es una metodolog\u00eda japonesa desarrollada para asegurar que toda la organizaci\u00f3n avance en la misma direcci\u00f3n estrat\u00e9gica. Su funci\u00f3n principal no es dise\u00f1ar la estrategia, sino <strong>implant\u00e1rla en el sistema organizacional<\/strong>, asegurando que cada nivel y cada \u00e1rea tenga claridad sobre qu\u00e9 debe hacer, c\u00f3mo debe contribuir y con qu\u00e9 indicadores.<\/p><p>Este despliegue se realiza a trav\u00e9s de procesos como el <strong>\u201ccatchball\u201d<\/strong>, un intercambio iterativo entre niveles de la organizaci\u00f3n donde se definen objetivos, se negocian metas y se alinean recursos. As\u00ed se evitan los dos grandes males de muchas empresas: <strong>la cascada autoritaria sin compromiso y la dispersi\u00f3n de esfuerzos por falta de foco<\/strong>.<\/p><p><strong>Nemawashi: acuerdos para un alineamiento real<\/strong><\/p><p>Pero Hoshin Kanri no es un simple ejercicio de planificaci\u00f3n en cascada. Su \u00e9xito depende de algo menos visible, pero m\u00e1s profundo: <strong>la existencia de acuerdos previos antes de decidir<\/strong>. Esto es lo que en la pr\u00e1ctica japonesa se llama <strong>Nemawashi (<\/strong><strong>\u6839\u56de\u3057)<\/strong>, que puede traducirse como <em>\u201cpreparar el terreno\u201d<\/em>.<\/p><p>Nemawashi no son reuniones ni presentaciones. Son <strong>conversaciones uno a uno, informales pero estructuradas<\/strong>, en las que se consulta, se escucha, se recoge feedback, se ajustan propuestas y se construye aceptaci\u00f3n antes de oficializar una decisi\u00f3n. El resultado: cuando se toma la decisi\u00f3n formal, ya est\u00e1 acordada. <strong>No hay sorpresas. Hay compromiso.<\/strong><\/p><p>Practicar Nemawashi no es simplemente \u201cavisar\u201d antes de decidir, ni \u201cvender\u201d una idea en los pasillos. Es <strong>cultivar un estilo de liderazgo que se anticipa al conflicto<\/strong>, que escucha activamente a los implicados y que construye decisiones colectivas desde el respeto por las perspectivas diversas.<\/p><p>En este enfoque, el rol del l\u00edder no es imponer su visi\u00f3n, sino <strong>tejer una red de entendimiento antes de avanzar<\/strong>. Esto requiere tiempo, sensibilidad pol\u00edtica y madurez conversacional. A veces implica ajustar el propio punto de vista o postergar una decisi\u00f3n hasta que madure el consenso. Pero lo que se gana en profundidad de acuerdo compensa con creces la aparente lentitud del proceso. Es aqu\u00ed donde se destaca la importancia del desarrollo de nuevas competencias conversacionales, tema este olvidado o no considerado en las pr\u00e1cticas tradicionales de management. Cuando el Dr. Fernando Flores propone una nueva visi\u00f3n de la organizaci\u00f3n como una red de conversaciones, en lugar de un dise\u00f1o de jerarqu\u00edas y roles, nace una nueva alternativa de estructurar las empresas posibilitadas por los grandes avances de las comunicaciones y tecnolog\u00eda.<\/p><p>En culturas m\u00e1s orientadas a la acci\u00f3n r\u00e1pida o al liderazgo vertical, Nemawashi puede parecer una p\u00e9rdida de tiempo. Sin embargo, cuando se introduce con claridad y prop\u00f3sito, demuestra su potencia: <strong>menos resistencia, menos retrabajo, m\u00e1s compromiso genuino<\/strong>. El equipo no solo \u201cejecuta\u201d una decisi\u00f3n, sino que <strong>la hace suya<\/strong>.<\/p><p>Por eso decimos que Nemawashi es una forma <strong>silenciosa pero poderosa de liderar<\/strong>. Un liderazgo que no brilla en los discursos p\u00fablicos, pero que se nota en los resultados sostenibles, en la estabilidad de las transformaciones y en la calidad de las relaciones internas.<\/p><p><strong>Conversaciones para la acci\u00f3n: la base operativa de la gesti\u00f3n<\/strong><\/p><p>En nuestro contexto, esta l\u00f3gica encuentra un soporte metodol\u00f3gico en el <strong>modelo de conversaciones para la acci\u00f3n<\/strong>, desarrollado por Fernando Flores y aplicado ampliamente en gesti\u00f3n de compromisos organizacionales.<\/p><p>Toda acci\u00f3n efectiva surge de un tipo de conversaci\u00f3n: <strong>un pedido, una promesa, una oferta, una aceptaci\u00f3n o un rechazo<\/strong>. Las organizaciones no fallan por la falta de procesos, sino por la falta de conversaciones claras sobre qui\u00e9n har\u00e1 qu\u00e9, cu\u00e1ndo, c\u00f3mo y bajo qu\u00e9 condiciones.<\/p><p>Incorporar esta l\u00f3gica conversacional a la pr\u00e1ctica de Nemawashi permite <strong>transformar la toma de decisiones en un acto consciente de coordinaci\u00f3n<\/strong>, no en un ejercicio de poder o imposici\u00f3n. Y cuando estas conversaciones se vinculan con el despliegue estructurado de Hoshin, se genera un <strong>sistema robusto de direcci\u00f3n<\/strong>.<\/p><p><strong>Ni rituales, ni decretos: direcci\u00f3n con sentido y prop\u00f3sito<\/strong><\/p><p>Es importante decirlo claramente: <strong>no se trata de copiar Jap\u00f3n<\/strong>, ni de adoptar palabras ex\u00f3ticas para decorar presentaciones. Se trata de <strong>entender la l\u00f3gica detr\u00e1s de estas herramientas y aplicarlas con sentido com\u00fan<\/strong>, adaptadas a nuestra cultura, a nuestro ritmo y a nuestros desaf\u00edos.<\/p><p>Lo que hace valioso a Hoshin Kanri no es el nombre japon\u00e9s, sino su capacidad para <strong>alinear, desplegar y comprometer<\/strong>. Lo que hace \u00fatil a Nemawashi no es su origen cultural, sino su capacidad para <strong>construir acuerdos reales<\/strong>. Y lo que hace potente al modelo de conversaciones para la acci\u00f3n es que <strong>nos devuelve la responsabilidad de conversar bien para gestionar bien<\/strong>.<\/p><p><strong>Direcci\u00f3n efectiva se entrena: nuestra propuesta desde Apsoluti<\/strong><\/p><p>Estos m\u00e9todos no son teor\u00eda ni patrimonio exclusivo de una cultura. Son <strong>habilidades entrenables<\/strong>, que cualquier equipo directivo puede desarrollar con pr\u00e1ctica, m\u00e9todo y acompa\u00f1amiento adecuado.<\/p><p>Desde <strong>Apsoluti<\/strong>, nuestra compa\u00f1\u00eda matriz liderada por la coach MCC Sra. Yolanda Acosta, dise\u00f1amos <strong>programas de formaci\u00f3n directiva centrados en competencias conversacionales<\/strong>, integrando herramientas como <strong>Hoshin Kanri, Nemawashi y conversaciones para la acci\u00f3n<\/strong> con la realidad operativa de cada empresa. El objetivo es claro: <strong>lograr resultados superiores a trav\u00e9s de una direcci\u00f3n m\u00e1s humana, alineada y efectiva<\/strong>.\u00a0<\/p><p><em>Nota: agradecemos a Ishiro Kuratomi sus aportes para desarrollar este documento.<\/em><\/p>\t\t\t\t\t\t\t\t<\/div>\n\t\t\t\t<\/div>\n\t\t\t\t\t<\/div>\n\t\t<\/div>\n\t\t\t\t<div class=\"elementor-column elementor-col-33 elementor-top-column elementor-element elementor-element-1852b1f\" data-id=\"1852b1f\" data-element_type=\"column\">\n\t\t\t<div class=\"elementor-widget-wrap\">\n\t\t\t\t\t\t\t<\/div>\n\t\t<\/div>\n\t\t\t\t\t<\/div>\n\t\t<\/section>\n\t\t\t\t<section class=\"elementor-section elementor-top-section elementor-element elementor-element-615ae2d elementor-section-boxed elementor-section-height-default elementor-section-height-default\" data-id=\"615ae2d\" data-element_type=\"section\">\n\t\t\t\t\t\t<div class=\"elementor-container elementor-column-gap-default\">\n\t\t\t\t\t<div class=\"elementor-column elementor-col-33 elementor-top-column elementor-element elementor-element-bac7d16\" data-id=\"bac7d16\" data-element_type=\"column\">\n\t\t\t<div class=\"elementor-widget-wrap\">\n\t\t\t\t\t\t\t<\/div>\n\t\t<\/div>\n\t\t\t\t<div class=\"elementor-column elementor-col-33 elementor-top-column elementor-element elementor-element-6852e48\" data-id=\"6852e48\" data-element_type=\"column\">\n\t\t\t<div class=\"elementor-widget-wrap\">\n\t\t\t\t\t\t\t<\/div>\n\t\t<\/div>\n\t\t\t\t<div class=\"elementor-column elementor-col-33 elementor-top-column elementor-element elementor-element-8ae4a6d\" data-id=\"8ae4a6d\" data-element_type=\"column\">\n\t\t\t<div class=\"elementor-widget-wrap\">\n\t\t\t\t\t\t\t<\/div>\n\t\t<\/div>\n\t\t\t\t\t<\/div>\n\t\t<\/section>\n\t\t\t\t<\/div>\n\t\t","protected":false},"excerpt":{"rendered":"<p>Hoshin Kanri y Nemawashi: Direcci\u00f3n estrat\u00e9gica con acuerdos reales Por: Humberto Alvarez Laverde MBA por [&hellip;]<\/p>\n","protected":false},"author":1,"featured_media":0,"parent":0,"menu_order":0,"comment_status":"closed","ping_status":"closed","template":"","meta":{"site-sidebar-layout":"no-sidebar","site-content-layout":"page-builder","ast-site-content-layout":"full-width-container","site-content-style":"default","site-sidebar-style":"default","ast-global-header-display":"","ast-banner-title-visibility":"","ast-main-header-display":"","ast-hfb-above-header-display":"","ast-hfb-below-header-display":"","ast-hfb-mobile-header-display":"","site-post-title":"disabled","ast-breadcrumbs-content":"","ast-featured-img":"disabled","footer-sml-layout":"","ast-disable-related-posts":"","theme-transparent-header-meta":"default","adv-header-id-meta":"","stick-header-meta":"","header-above-stick-meta":"","header-main-stick-meta":"","header-below-stick-meta":"","astra-migrate-meta-layouts":"set","ast-page-background-enabled":"default","ast-page-background-meta":{"desktop":{"background-color":"","background-image":"","background-repeat":"repeat","background-position":"center center","background-size":"auto","background-attachment":"scroll","background-type":"","background-media":"","overlay-type":"","overlay-color":"","overlay-opacity":"","overlay-gradient":""},"tablet":{"background-color":"","background-image":"","background-repeat":"repeat","background-position":"center center","background-size":"auto","background-attachment":"scroll","background-type":"","background-media":"","overlay-type":"","overlay-color":"","overlay-opacity":"","overlay-gradient":""},"mobile":{"background-color":"","background-image":"","background-repeat":"repeat","background-position":"center center","background-size":"auto","background-attachment":"scroll","background-type":"","background-media":"","overlay-type":"","overlay-color":"","overlay-opacity":"","overlay-gradient":""}},"ast-content-background-meta":{"desktop":{"background-color":"var(--ast-global-color-5)","background-image":"","background-repeat":"repeat","background-position":"center center","background-size":"auto","background-attachment":"scroll","background-type":"","background-media":"","overlay-type":"","overlay-color":"","overlay-opacity":"","overlay-gradient":""},"tablet":{"background-color":"var(--ast-global-color-5)","background-image":"","background-repeat":"repeat","background-position":"center center","background-size":"auto","background-attachment":"scroll","background-type":"","background-media":"","overlay-type":"","overlay-color":"","overlay-opacity":"","overlay-gradient":""},"mobile":{"background-color":"var(--ast-global-color-5)","background-image":"","background-repeat":"repeat","background-position":"center center","background-size":"auto","background-attachment":"scroll","background-type":"","background-media":"","overlay-type":"","overlay-color":"","overlay-opacity":"","overlay-gradient":""}},"footnotes":""},"class_list":["post-18000","page","type-page","status-publish","hentry"],"_links":{"self":[{"href":"https:\/\/academia-tpm.com\/plataforma\/wp-json\/wp\/v2\/pages\/18000","targetHints":{"allow":["GET"]}}],"collection":[{"href":"https:\/\/academia-tpm.com\/plataforma\/wp-json\/wp\/v2\/pages"}],"about":[{"href":"https:\/\/academia-tpm.com\/plataforma\/wp-json\/wp\/v2\/types\/page"}],"author":[{"embeddable":true,"href":"https:\/\/academia-tpm.com\/plataforma\/wp-json\/wp\/v2\/users\/1"}],"replies":[{"embeddable":true,"href":"https:\/\/academia-tpm.com\/plataforma\/wp-json\/wp\/v2\/comments?post=18000"}],"version-history":[{"count":19,"href":"https:\/\/academia-tpm.com\/plataforma\/wp-json\/wp\/v2\/pages\/18000\/revisions"}],"predecessor-version":[{"id":18020,"href":"https:\/\/academia-tpm.com\/plataforma\/wp-json\/wp\/v2\/pages\/18000\/revisions\/18020"}],"wp:attachment":[{"href":"https:\/\/academia-tpm.com\/plataforma\/wp-json\/wp\/v2\/media?parent=18000"}],"curies":[{"name":"wp","href":"https:\/\/api.w.org\/{rel}","templated":true}]}}