{"id":17910,"date":"2025-07-09T15:24:01","date_gmt":"2025-07-09T14:24:01","guid":{"rendered":"https:\/\/academia-tpm.com\/plataforma\/?page_id=17910"},"modified":"2025-07-09T16:00:52","modified_gmt":"2025-07-09T15:00:52","slug":"001_reinventar_estrategia","status":"publish","type":"page","link":"https:\/\/academia-tpm.com\/plataforma\/001_reinventar_estrategia\/","title":{"rendered":"001_reinventar_estrategia"},"content":{"rendered":"\t\t<div data-elementor-type=\"wp-page\" data-elementor-id=\"17910\" class=\"elementor elementor-17910\" data-elementor-post-type=\"page\">\n\t\t\t\t\t\t<section class=\"elementor-section elementor-top-section elementor-element elementor-element-6d64afc elementor-section-boxed elementor-section-height-default elementor-section-height-default\" data-id=\"6d64afc\" data-element_type=\"section\">\n\t\t\t\t\t\t<div class=\"elementor-container elementor-column-gap-default\">\n\t\t\t\t\t<div class=\"elementor-column elementor-col-33 elementor-top-column elementor-element elementor-element-04305a2\" data-id=\"04305a2\" data-element_type=\"column\">\n\t\t\t<div class=\"elementor-widget-wrap elementor-element-populated\">\n\t\t\t\t\t\t<div class=\"elementor-element elementor-element-a65c642 elementor-widget elementor-widget-image\" data-id=\"a65c642\" data-element_type=\"widget\" data-widget_type=\"image.default\">\n\t\t\t\t<div class=\"elementor-widget-container\">\n\t\t\t\t\t\t\t\t\t\t\t\t\t\t\t<img fetchpriority=\"high\" decoding=\"async\" width=\"1200\" height=\"800\" src=\"https:\/\/academia-tpm.com\/plataforma\/wp-content\/uploads\/2025\/07\/analitica11-1400x933.jpg\" class=\"attachment-large size-large wp-image-17912\" alt=\"\" srcset=\"https:\/\/academia-tpm.com\/plataforma\/wp-content\/uploads\/2025\/07\/analitica11-1400x933.jpg 1400w, https:\/\/academia-tpm.com\/plataforma\/wp-content\/uploads\/2025\/07\/analitica11-600x400.jpg 600w, https:\/\/academia-tpm.com\/plataforma\/wp-content\/uploads\/2025\/07\/analitica11-768x512.jpg 768w, https:\/\/academia-tpm.com\/plataforma\/wp-content\/uploads\/2025\/07\/analitica11-1536x1024.jpg 1536w, https:\/\/academia-tpm.com\/plataforma\/wp-content\/uploads\/2025\/07\/analitica11.jpg 1688w\" sizes=\"(max-width: 1200px) 100vw, 1200px\" \/>\t\t\t\t\t\t\t\t\t\t\t\t\t\t\t<\/div>\n\t\t\t\t<\/div>\n\t\t\t\t\t<\/div>\n\t\t<\/div>\n\t\t\t\t<div class=\"elementor-column elementor-col-33 elementor-top-column elementor-element elementor-element-0a800d8\" data-id=\"0a800d8\" data-element_type=\"column\">\n\t\t\t<div class=\"elementor-widget-wrap elementor-element-populated\">\n\t\t\t\t\t\t<div class=\"elementor-element elementor-element-22c52db elementor-widget elementor-widget-heading\" data-id=\"22c52db\" data-element_type=\"widget\" data-widget_type=\"heading.default\">\n\t\t\t\t<div class=\"elementor-widget-container\">\n\t\t\t\t\t<h2 class=\"elementor-heading-title elementor-size-default\">Reinventar la Estrategia de Mantenimiento<\/h2>\t\t\t\t<\/div>\n\t\t\t\t<\/div>\n\t\t\t\t<div class=\"elementor-element elementor-element-89390ed elementor-widget elementor-widget-text-editor\" data-id=\"89390ed\" data-element_type=\"widget\" data-widget_type=\"text-editor.default\">\n\t\t\t\t<div class=\"elementor-widget-container\">\n\t\t\t\t\t\t\t\t\t<p><strong data-start=\"403\" data-end=\"435\">Workshop de un d\u00eda<\/strong> orientado a l\u00edderes de mantenimiento, ingenier\u00eda y operaciones que buscan actualizar su enfoque estrat\u00e9gico, incorporar tecnolog\u00edas emergentes con criterio t\u00e9cnico y alinear su gesti\u00f3n con los desaf\u00edos actuales de la industria.<\/p>\t\t\t\t\t\t\t\t<\/div>\n\t\t\t\t<\/div>\n\t\t\t\t\t<\/div>\n\t\t<\/div>\n\t\t\t\t<div class=\"elementor-column elementor-col-33 elementor-top-column elementor-element elementor-element-60dc4af\" data-id=\"60dc4af\" data-element_type=\"column\">\n\t\t\t<div class=\"elementor-widget-wrap\">\n\t\t\t\t\t\t\t<\/div>\n\t\t<\/div>\n\t\t\t\t\t<\/div>\n\t\t<\/section>\n\t\t\t\t<section class=\"elementor-section elementor-top-section elementor-element elementor-element-346d9f0 elementor-section-boxed elementor-section-height-default elementor-section-height-default\" data-id=\"346d9f0\" data-element_type=\"section\">\n\t\t\t\t\t\t<div class=\"elementor-container elementor-column-gap-default\">\n\t\t\t\t\t<div class=\"elementor-column elementor-col-33 elementor-top-column elementor-element elementor-element-6e0b4e2\" data-id=\"6e0b4e2\" data-element_type=\"column\">\n\t\t\t<div class=\"elementor-widget-wrap\">\n\t\t\t\t\t\t\t<\/div>\n\t\t<\/div>\n\t\t\t\t<div class=\"elementor-column elementor-col-33 elementor-top-column elementor-element elementor-element-9c0f411\" data-id=\"9c0f411\" data-element_type=\"column\">\n\t\t\t<div class=\"elementor-widget-wrap elementor-element-populated\">\n\t\t\t\t\t\t<div class=\"elementor-element elementor-element-09b637a elementor-widget elementor-widget-text-editor\" data-id=\"09b637a\" data-element_type=\"widget\" data-widget_type=\"text-editor.default\">\n\t\t\t\t<div class=\"elementor-widget-container\">\n\t\t\t\t\t\t\t\t\t<h1><strong data-start=\"673\" data-end=\"751\">\u00bfSu modelo de mantenimiento sigue respondiendo a las necesidades actuales?<\/strong><\/h1><p data-start=\"753\" data-end=\"1118\">Muchas organizaciones operan con estrategias de mantenimiento que fueron efectivas en otro contexto, pero que hoy resultan insuficientes frente a la digitalizaci\u00f3n, la presi\u00f3n sobre costos, la rotaci\u00f3n de personal t\u00e9cnico y la necesidad creciente de fiabilidad operativa. La industria ha evolucionado, y con ella tambi\u00e9n deben evolucionar los modelos de gesti\u00f3n.<\/p>\t\t\t\t\t\t\t\t<\/div>\n\t\t\t\t<\/div>\n\t\t\t\t\t<\/div>\n\t\t<\/div>\n\t\t\t\t<div class=\"elementor-column elementor-col-33 elementor-top-column elementor-element elementor-element-809429b\" data-id=\"809429b\" data-element_type=\"column\">\n\t\t\t<div class=\"elementor-widget-wrap\">\n\t\t\t\t\t\t\t<\/div>\n\t\t<\/div>\n\t\t\t\t\t<\/div>\n\t\t<\/section>\n\t\t\t\t<section class=\"elementor-section elementor-top-section elementor-element elementor-element-cc7972a elementor-section-boxed elementor-section-height-default elementor-section-height-default\" data-id=\"cc7972a\" data-element_type=\"section\">\n\t\t\t\t\t\t<div class=\"elementor-container elementor-column-gap-default\">\n\t\t\t\t\t<div class=\"elementor-column elementor-col-33 elementor-top-column elementor-element elementor-element-c888716\" data-id=\"c888716\" data-element_type=\"column\">\n\t\t\t<div class=\"elementor-widget-wrap elementor-element-populated\">\n\t\t\t\t\t\t<div class=\"elementor-element elementor-element-a161cdc elementor-widget elementor-widget-image\" data-id=\"a161cdc\" data-element_type=\"widget\" data-widget_type=\"image.default\">\n\t\t\t\t<div class=\"elementor-widget-container\">\n\t\t\t\t\t\t\t\t\t\t\t\t\t\t\t<img decoding=\"async\" width=\"847\" height=\"565\" src=\"https:\/\/academia-tpm.com\/plataforma\/wp-content\/uploads\/2025\/05\/manto2.jpg\" class=\"attachment-large size-large wp-image-17508\" alt=\"\" srcset=\"https:\/\/academia-tpm.com\/plataforma\/wp-content\/uploads\/2025\/05\/manto2.jpg 847w, https:\/\/academia-tpm.com\/plataforma\/wp-content\/uploads\/2025\/05\/manto2-600x400.jpg 600w, https:\/\/academia-tpm.com\/plataforma\/wp-content\/uploads\/2025\/05\/manto2-768x512.jpg 768w\" sizes=\"(max-width: 847px) 100vw, 847px\" \/>\t\t\t\t\t\t\t\t\t\t\t\t\t\t\t<\/div>\n\t\t\t\t<\/div>\n\t\t\t\t\t<\/div>\n\t\t<\/div>\n\t\t\t\t<div class=\"elementor-column elementor-col-33 elementor-top-column elementor-element elementor-element-020c967\" data-id=\"020c967\" data-element_type=\"column\">\n\t\t\t<div class=\"elementor-widget-wrap elementor-element-populated\">\n\t\t\t\t\t\t<div class=\"elementor-element elementor-element-fa36779 elementor-widget elementor-widget-text-editor\" data-id=\"fa36779\" data-element_type=\"widget\" data-widget_type=\"text-editor.default\">\n\t\t\t\t<div class=\"elementor-widget-container\">\n\t\t\t\t\t\t\t\t\t<p>Muchas organizaciones operan con estrategias de mantenimiento que fueron efectivas en otro contexto, pero que hoy resultan insuficientes frente a la digitalizaci\u00f3n, la presi\u00f3n sobre costos, la rotaci\u00f3n de personal t\u00e9cnico y la necesidad creciente de confiabilidad operativa. La industria ha evolucionado, y con ella tambi\u00e9n deben evolucionar los modelos de gesti\u00f3n.<\/p>\t\t\t\t\t\t\t\t<\/div>\n\t\t\t\t<\/div>\n\t\t\t\t\t<\/div>\n\t\t<\/div>\n\t\t\t\t<div class=\"elementor-column elementor-col-33 elementor-top-column elementor-element elementor-element-066294a\" data-id=\"066294a\" data-element_type=\"column\">\n\t\t\t<div class=\"elementor-widget-wrap\">\n\t\t\t\t\t\t\t<\/div>\n\t\t<\/div>\n\t\t\t\t\t<\/div>\n\t\t<\/section>\n\t\t\t\t<section class=\"elementor-section elementor-top-section elementor-element elementor-element-448af34 elementor-section-boxed elementor-section-height-default elementor-section-height-default\" data-id=\"448af34\" data-element_type=\"section\">\n\t\t\t\t\t\t<div class=\"elementor-container elementor-column-gap-default\">\n\t\t\t\t\t<div class=\"elementor-column elementor-col-33 elementor-top-column elementor-element elementor-element-1e2675c\" data-id=\"1e2675c\" data-element_type=\"column\">\n\t\t\t<div class=\"elementor-widget-wrap\">\n\t\t\t\t\t\t\t<\/div>\n\t\t<\/div>\n\t\t\t\t<div class=\"elementor-column elementor-col-33 elementor-top-column elementor-element elementor-element-ac5e6c0\" data-id=\"ac5e6c0\" data-element_type=\"column\">\n\t\t\t<div class=\"elementor-widget-wrap elementor-element-populated\">\n\t\t\t\t\t\t<div class=\"elementor-element elementor-element-0484497 elementor-widget elementor-widget-text-editor\" data-id=\"0484497\" data-element_type=\"widget\" data-widget_type=\"text-editor.default\">\n\t\t\t\t<div class=\"elementor-widget-container\">\n\t\t\t\t\t\t\t\t\t<h1 data-start=\"1125\" data-end=\"1202\"><strong data-start=\"1128\" data-end=\"1202\">El cambio ya est\u00e1 ocurriendo. Y no esperar es una ventaja competitiva.<\/strong><\/h1><p data-start=\"1204\" data-end=\"1542\">Las empresas m\u00e1s avanzadas est\u00e1n adoptando modelos integrados que combinan t\u00e9cnicas probadas de confiabilidad, gesti\u00f3n por datos, automatizaci\u00f3n y una visi\u00f3n estrat\u00e9gica del mantenimiento como funci\u00f3n cr\u00edtica de negocio. Este cambio no depende de grandes inversiones, sino de un redise\u00f1o inteligente del modelo operativo y organizacional.<\/p>\t\t\t\t\t\t\t\t<\/div>\n\t\t\t\t<\/div>\n\t\t\t\t\t<\/div>\n\t\t<\/div>\n\t\t\t\t<div class=\"elementor-column elementor-col-33 elementor-top-column elementor-element elementor-element-613d37c\" data-id=\"613d37c\" data-element_type=\"column\">\n\t\t\t<div class=\"elementor-widget-wrap elementor-element-populated\">\n\t\t\t\t\t\t<div class=\"elementor-element elementor-element-e5e8bcf elementor-widget__width-initial elementor-widget elementor-widget-image\" data-id=\"e5e8bcf\" data-element_type=\"widget\" data-widget_type=\"image.default\">\n\t\t\t\t<div class=\"elementor-widget-container\">\n\t\t\t\t\t\t\t\t\t\t\t\t\t\t\t<img decoding=\"async\" width=\"374\" height=\"322\" src=\"https:\/\/academia-tpm.com\/plataforma\/wp-content\/uploads\/2025\/07\/modelotres.jpg\" class=\"attachment-large size-large wp-image-17926\" alt=\"\" \/>\t\t\t\t\t\t\t\t\t\t\t\t\t\t\t<\/div>\n\t\t\t\t<\/div>\n\t\t\t\t\t<\/div>\n\t\t<\/div>\n\t\t\t\t\t<\/div>\n\t\t<\/section>\n\t\t\t\t<section class=\"elementor-section elementor-top-section elementor-element elementor-element-845d86a elementor-section-boxed elementor-section-height-default elementor-section-height-default\" data-id=\"845d86a\" data-element_type=\"section\">\n\t\t\t\t\t\t<div class=\"elementor-container elementor-column-gap-default\">\n\t\t\t\t\t<div class=\"elementor-column elementor-col-33 elementor-top-column elementor-element elementor-element-1cc6d5a\" data-id=\"1cc6d5a\" data-element_type=\"column\">\n\t\t\t<div class=\"elementor-widget-wrap\">\n\t\t\t\t\t\t\t<\/div>\n\t\t<\/div>\n\t\t\t\t<div class=\"elementor-column elementor-col-33 elementor-top-column elementor-element elementor-element-c16699e\" data-id=\"c16699e\" data-element_type=\"column\">\n\t\t\t<div class=\"elementor-widget-wrap elementor-element-populated\">\n\t\t\t\t\t\t<div class=\"elementor-element elementor-element-0435ef1 elementor-widget elementor-widget-text-editor\" data-id=\"0435ef1\" data-element_type=\"widget\" data-widget_type=\"text-editor.default\">\n\t\t\t\t<div class=\"elementor-widget-container\">\n\t\t\t\t\t\t\t\t\t<h1 data-start=\"1549\" data-end=\"1624\"><strong data-start=\"1552\" data-end=\"1624\">Un taller pr\u00e1ctico para redise\u00f1ar su estrategia con visi\u00f3n de futuro<\/strong><\/h1><p data-start=\"1626\" data-end=\"2006\">Durante este workshop intensivo se analizar\u00e1 la situaci\u00f3n actual de su organizaci\u00f3n, se presentar\u00e1n modelos de referencia internacionales y se construir\u00e1 una hoja de ruta pr\u00e1ctica y realista para transformar su enfoque de mantenimiento. La sesi\u00f3n combina conceptos estrat\u00e9gicos, herramientas aplicables y reflexi\u00f3n t\u00e9cnica, con orientaci\u00f3n directa a resultados medibles en planta.<\/p>\t\t\t\t\t\t\t\t<\/div>\n\t\t\t\t<\/div>\n\t\t\t\t<div class=\"elementor-element elementor-element-9ad83f8 elementor-widget elementor-widget-text-editor\" data-id=\"9ad83f8\" data-element_type=\"widget\" data-widget_type=\"text-editor.default\">\n\t\t\t\t<div class=\"elementor-widget-container\">\n\t\t\t\t\t\t\t\t\t<h1 data-start=\"2996\" data-end=\"3030\"><strong data-start=\"2999\" data-end=\"3030\">Modalidad y caracter\u00edsticas<\/strong><\/h1><p data-start=\"3032\" data-end=\"3447\">Este workshop se realiza en formato presencial (en planta) o remoto (en l\u00ednea, en vivo), con una duraci\u00f3n de 8 horas. Est\u00e1 dise\u00f1ado para equipos t\u00e9cnicos y responsables de mantenimiento, ingenier\u00eda y operaciones. Al finalizar, cada participante recibe un certificado de participaci\u00f3n, herramientas aplicadas durante la jornada y una hoja de ruta estrat\u00e9gica alineada con los desaf\u00edos espec\u00edficos de su organizaci\u00f3n.<\/p><h1 data-start=\"3032\" data-end=\"3447\">Contenido:<\/h1>\t\t\t\t\t\t\t\t<\/div>\n\t\t\t\t<\/div>\n\t\t\t\t\t<\/div>\n\t\t<\/div>\n\t\t\t\t<div class=\"elementor-column elementor-col-33 elementor-top-column elementor-element elementor-element-b7e84b8\" data-id=\"b7e84b8\" data-element_type=\"column\">\n\t\t\t<div class=\"elementor-widget-wrap\">\n\t\t\t\t\t\t\t<\/div>\n\t\t<\/div>\n\t\t\t\t\t<\/div>\n\t\t<\/section>\n\t\t\t\t<section class=\"elementor-section elementor-top-section elementor-element elementor-element-5539f43 elementor-section-boxed elementor-section-height-default elementor-section-height-default\" data-id=\"5539f43\" data-element_type=\"section\">\n\t\t\t\t\t\t<div class=\"elementor-container elementor-column-gap-default\">\n\t\t\t\t\t<div class=\"elementor-column elementor-col-33 elementor-top-column elementor-element elementor-element-f9793a4\" data-id=\"f9793a4\" data-element_type=\"column\">\n\t\t\t<div class=\"elementor-widget-wrap\">\n\t\t\t\t\t\t\t<\/div>\n\t\t<\/div>\n\t\t\t\t<div class=\"elementor-column elementor-col-33 elementor-top-column elementor-element elementor-element-584464a\" data-id=\"584464a\" data-element_type=\"column\">\n\t\t\t<div class=\"elementor-widget-wrap elementor-element-populated\">\n\t\t\t\t\t\t<div class=\"elementor-element elementor-element-4d7d4c4 elementor-icon-list--layout-traditional elementor-list-item-link-full_width elementor-widget elementor-widget-icon-list\" data-id=\"4d7d4c4\" data-element_type=\"widget\" data-widget_type=\"icon-list.default\">\n\t\t\t\t<div class=\"elementor-widget-container\">\n\t\t\t\t\t\t\t<ul class=\"elementor-icon-list-items\">\n\t\t\t\t\t\t\t<li class=\"elementor-icon-list-item\">\n\t\t\t\t\t\t\t\t\t\t\t<span class=\"elementor-icon-list-icon\">\n\t\t\t\t\t\t\t<i aria-hidden=\"true\" class=\"fas fa-chevron-circle-right\"><\/i>\t\t\t\t\t\t<\/span>\n\t\t\t\t\t\t\t\t\t\t<span class=\"elementor-icon-list-text\"><b>Diagn\u00f3stico estrat\u00e9gico del modelo actual.<\/b> Se analiza el estado real del sistema de mantenimiento en la organizaci\u00f3n, identificando fortalezas, brechas y oportunidades de mejora mediante un marco de madurez internacional. Esta etapa permite establecer una base objetiva sobre la cual construir una estrategia efectiva.<\/span>\n\t\t\t\t\t\t\t\t\t<\/li>\n\t\t\t\t\t\t\t\t<li class=\"elementor-icon-list-item\">\n\t\t\t\t\t\t\t\t\t\t\t<span class=\"elementor-icon-list-icon\">\n\t\t\t\t\t\t\t<i aria-hidden=\"true\" class=\"fas fa-chevron-circle-right\"><\/i>\t\t\t\t\t\t<\/span>\n\t\t\t\t\t\t\t\t\t\t<span class=\"elementor-icon-list-text\"><b>Tendencias y modelos de referencia para la nueva era.<\/b>  Se presentan enfoques actualizados de mantenimiento adoptados por empresas l\u00edderes a nivel mundial. Se revisan marcos como TPM evolutivo, PAS 1918, SMRP y Smart Maintenance, y se eval\u00faa el impacto real de las nuevas tecnolog\u00edas en la gesti\u00f3n del mantenimiento.<\/span>\n\t\t\t\t\t\t\t\t\t<\/li>\n\t\t\t\t\t\t\t\t<li class=\"elementor-icon-list-item\">\n\t\t\t\t\t\t\t\t\t\t\t<span class=\"elementor-icon-list-icon\">\n\t\t\t\t\t\t\t<i aria-hidden=\"true\" class=\"fas fa-chevron-circle-right\"><\/i>\t\t\t\t\t\t<\/span>\n\t\t\t\t\t\t\t\t\t\t<span class=\"elementor-icon-list-text\"><b>Redise\u00f1o del modelo operativo y organizativo.<\/b>  A partir del diagn\u00f3stico y las tendencias analizadas, se gu\u00eda a los participantes en la redefinici\u00f3n del modelo de mantenimiento: procesos, roles, estructura, indicadores clave, relaci\u00f3n con otras \u00e1reas y criterios de priorizaci\u00f3n. Todo enfocado en lograr una gesti\u00f3n m\u00e1s \u00e1gil, fiable y alineada al negocio.<\/span>\n\t\t\t\t\t\t\t\t\t<\/li>\n\t\t\t\t\t\t\t\t<li class=\"elementor-icon-list-item\">\n\t\t\t\t\t\t\t\t\t\t\t<span class=\"elementor-icon-list-icon\">\n\t\t\t\t\t\t\t<i aria-hidden=\"true\" class=\"fas fa-chevron-circle-right\"><\/i>\t\t\t\t\t\t<\/span>\n\t\t\t\t\t\t\t\t\t\t<span class=\"elementor-icon-list-text\"><b>Construcci\u00f3n de la hoja de ruta estrat\u00e9gica.<\/b>  Se dise\u00f1a un plan de acci\u00f3n realista y progresivo que permita implementar el nuevo enfoque sin afectar la operaci\u00f3n actual. Se priorizan acciones, se definen responsables y se establecen etapas de corto, mediano y largo plazo, con criterios claros de seguimiento y \u00e9xito.<\/span>\n\t\t\t\t\t\t\t\t\t<\/li>\n\t\t\t\t\t\t<\/ul>\n\t\t\t\t\t\t<\/div>\n\t\t\t\t<\/div>\n\t\t\t\t\t<\/div>\n\t\t<\/div>\n\t\t\t\t<div class=\"elementor-column elementor-col-33 elementor-top-column elementor-element elementor-element-ff3b3fe\" data-id=\"ff3b3fe\" data-element_type=\"column\">\n\t\t\t<div class=\"elementor-widget-wrap\">\n\t\t\t\t\t\t\t<\/div>\n\t\t<\/div>\n\t\t\t\t\t<\/div>\n\t\t<\/section>\n\t\t\t\t<section class=\"elementor-section elementor-top-section elementor-element elementor-element-d0ab2fd elementor-section-boxed elementor-section-height-default elementor-section-height-default\" data-id=\"d0ab2fd\" data-element_type=\"section\">\n\t\t\t\t\t\t<div class=\"elementor-container elementor-column-gap-default\">\n\t\t\t\t\t<div class=\"elementor-column elementor-col-33 elementor-top-column elementor-element elementor-element-aecc5cd\" data-id=\"aecc5cd\" data-element_type=\"column\">\n\t\t\t<div class=\"elementor-widget-wrap\">\n\t\t\t\t\t\t\t<\/div>\n\t\t<\/div>\n\t\t\t\t<div class=\"elementor-column elementor-col-33 elementor-top-column elementor-element elementor-element-7db9c71\" data-id=\"7db9c71\" data-element_type=\"column\">\n\t\t\t<div class=\"elementor-widget-wrap elementor-element-populated\">\n\t\t\t\t\t\t<div class=\"elementor-element elementor-element-5c3b7b8 elementor-align-center elementor-widget elementor-widget-button\" data-id=\"5c3b7b8\" data-element_type=\"widget\" data-widget_type=\"button.default\">\n\t\t\t\t<div class=\"elementor-widget-container\">\n\t\t\t\t\t\t\t\t\t<div class=\"elementor-button-wrapper\">\n\t\t\t\t\t<a class=\"elementor-button elementor-button-link elementor-size-sm\" href=\"https:\/\/academia-tpm.com\/plataforma\/contactos\/\" target=\"_blank\">\n\t\t\t\t\t\t<span class=\"elementor-button-content-wrapper\">\n\t\t\t\t\t\t\t\t\t<span class=\"elementor-button-text\">Solicitar informaci\u00f3n ...<\/span>\n\t\t\t\t\t<\/span>\n\t\t\t\t\t<\/a>\n\t\t\t\t<\/div>\n\t\t\t\t\t\t\t\t<\/div>\n\t\t\t\t<\/div>\n\t\t\t\t\t<\/div>\n\t\t<\/div>\n\t\t\t\t<div class=\"elementor-column elementor-col-33 elementor-top-column elementor-element elementor-element-c883196\" data-id=\"c883196\" data-element_type=\"column\">\n\t\t\t<div class=\"elementor-widget-wrap\">\n\t\t\t\t\t\t\t<\/div>\n\t\t<\/div>\n\t\t\t\t\t<\/div>\n\t\t<\/section>\n\t\t\t\t<section class=\"elementor-section elementor-top-section elementor-element elementor-element-5a05f50 elementor-section-boxed elementor-section-height-default elementor-section-height-default\" data-id=\"5a05f50\" data-element_type=\"section\">\n\t\t\t\t\t\t<div class=\"elementor-container elementor-column-gap-default\">\n\t\t\t\t\t<div class=\"elementor-column elementor-col-33 elementor-top-column elementor-element elementor-element-d022a6d\" data-id=\"d022a6d\" data-element_type=\"column\">\n\t\t\t<div class=\"elementor-widget-wrap\">\n\t\t\t\t\t\t\t<\/div>\n\t\t<\/div>\n\t\t\t\t<div class=\"elementor-column elementor-col-33 elementor-top-column elementor-element elementor-element-72132d4\" data-id=\"72132d4\" data-element_type=\"column\">\n\t\t\t<div class=\"elementor-widget-wrap\">\n\t\t\t\t\t\t\t<\/div>\n\t\t<\/div>\n\t\t\t\t<div class=\"elementor-column elementor-col-33 elementor-top-column elementor-element elementor-element-bba42cf\" data-id=\"bba42cf\" data-element_type=\"column\">\n\t\t\t<div class=\"elementor-widget-wrap\">\n\t\t\t\t\t\t\t<\/div>\n\t\t<\/div>\n\t\t\t\t\t<\/div>\n\t\t<\/section>\n\t\t\t\t<\/div>\n\t\t","protected":false},"excerpt":{"rendered":"<p>Reinventar la Estrategia de Mantenimiento Workshop de un d\u00eda orientado a l\u00edderes de mantenimiento, ingenier\u00eda [&hellip;]<\/p>\n","protected":false},"author":1,"featured_media":0,"parent":0,"menu_order":0,"comment_status":"closed","ping_status":"closed","template":"","meta":{"site-sidebar-layout":"no-sidebar","site-content-layout":"page-builder","ast-site-content-layout":"full-width-container","site-content-style":"default","site-sidebar-style":"default","ast-global-header-display":"","ast-banner-title-visibility":"","ast-main-header-display":"","ast-hfb-above-header-display":"","ast-hfb-below-header-display":"","ast-hfb-mobile-header-display":"","site-post-title":"disabled","ast-breadcrumbs-content":"","ast-featured-img":"disabled","footer-sml-layout":"","ast-disable-related-posts":"","theme-transparent-header-meta":"default","adv-header-id-meta":"","stick-header-meta":"","header-above-stick-meta":"","header-main-stick-meta":"","header-below-stick-meta":"","astra-migrate-meta-layouts":"set","ast-page-background-enabled":"default","ast-page-background-meta":{"desktop":{"background-color":"","background-image":"","background-repeat":"repeat","background-position":"center center","background-size":"auto","background-attachment":"scroll","background-type":"","background-media":"","overlay-type":"","overlay-color":"","overlay-opacity":"","overlay-gradient":""},"tablet":{"background-color":"","background-image":"","background-repeat":"repeat","background-position":"center center","background-size":"auto","background-attachment":"scroll","background-type":"","background-media":"","overlay-type":"","overlay-color":"","overlay-opacity":"","overlay-gradient":""},"mobile":{"background-color":"","background-image":"","background-repeat":"repeat","background-position":"center center","background-size":"auto","background-attachment":"scroll","background-type":"","background-media":"","overlay-type":"","overlay-color":"","overlay-opacity":"","overlay-gradient":""}},"ast-content-background-meta":{"desktop":{"background-color":"var(--ast-global-color-5)","background-image":"","background-repeat":"repeat","background-position":"center center","background-size":"auto","background-attachment":"scroll","background-type":"","background-media":"","overlay-type":"","overlay-color":"","overlay-opacity":"","overlay-gradient":""},"tablet":{"background-color":"var(--ast-global-color-5)","background-image":"","background-repeat":"repeat","background-position":"center center","background-size":"auto","background-attachment":"scroll","background-type":"","background-media":"","overlay-type":"","overlay-color":"","overlay-opacity":"","overlay-gradient":""},"mobile":{"background-color":"var(--ast-global-color-5)","background-image":"","background-repeat":"repeat","background-position":"center center","background-size":"auto","background-attachment":"scroll","background-type":"","background-media":"","overlay-type":"","overlay-color":"","overlay-opacity":"","overlay-gradient":""}},"footnotes":""},"class_list":["post-17910","page","type-page","status-publish","hentry"],"_links":{"self":[{"href":"https:\/\/academia-tpm.com\/plataforma\/wp-json\/wp\/v2\/pages\/17910","targetHints":{"allow":["GET"]}}],"collection":[{"href":"https:\/\/academia-tpm.com\/plataforma\/wp-json\/wp\/v2\/pages"}],"about":[{"href":"https:\/\/academia-tpm.com\/plataforma\/wp-json\/wp\/v2\/types\/page"}],"author":[{"embeddable":true,"href":"https:\/\/academia-tpm.com\/plataforma\/wp-json\/wp\/v2\/users\/1"}],"replies":[{"embeddable":true,"href":"https:\/\/academia-tpm.com\/plataforma\/wp-json\/wp\/v2\/comments?post=17910"}],"version-history":[{"count":37,"href":"https:\/\/academia-tpm.com\/plataforma\/wp-json\/wp\/v2\/pages\/17910\/revisions"}],"predecessor-version":[{"id":17951,"href":"https:\/\/academia-tpm.com\/plataforma\/wp-json\/wp\/v2\/pages\/17910\/revisions\/17951"}],"wp:attachment":[{"href":"https:\/\/academia-tpm.com\/plataforma\/wp-json\/wp\/v2\/media?parent=17910"}],"curies":[{"name":"wp","href":"https:\/\/api.w.org\/{rel}","templated":true}]}}