{"id":17343,"date":"2025-05-06T11:25:20","date_gmt":"2025-05-06T10:25:20","guid":{"rendered":"https:\/\/academia-tpm.com\/plataforma\/?page_id=17343"},"modified":"2025-05-06T11:29:45","modified_gmt":"2025-05-06T10:29:45","slug":"vsm_articulo","status":"publish","type":"page","link":"https:\/\/academia-tpm.com\/plataforma\/vsm_articulo\/","title":{"rendered":"vsm_articulo"},"content":{"rendered":"\t\t<div data-elementor-type=\"wp-page\" data-elementor-id=\"17343\" class=\"elementor elementor-17343\" data-elementor-post-type=\"page\">\n\t\t\t\t\t\t<section class=\"elementor-section elementor-top-section elementor-element elementor-element-f925b62 elementor-section-height-min-height elementor-section-items-top elementor-section-content-middle elementor-section-boxed elementor-section-height-default\" data-id=\"f925b62\" data-element_type=\"section\" data-settings=\"{&quot;background_background&quot;:&quot;classic&quot;}\">\n\t\t\t\t\t\t<div class=\"elementor-container elementor-column-gap-default\">\n\t\t\t\t\t<div class=\"elementor-column elementor-col-33 elementor-top-column elementor-element elementor-element-6f61b0f\" data-id=\"6f61b0f\" data-element_type=\"column\">\n\t\t\t<div class=\"elementor-widget-wrap\">\n\t\t\t\t\t\t\t<\/div>\n\t\t<\/div>\n\t\t\t\t<div class=\"elementor-column elementor-col-33 elementor-top-column elementor-element elementor-element-627c7e2\" data-id=\"627c7e2\" data-element_type=\"column\">\n\t\t\t<div class=\"elementor-widget-wrap\">\n\t\t\t\t\t\t\t<\/div>\n\t\t<\/div>\n\t\t\t\t<div class=\"elementor-column elementor-col-33 elementor-top-column elementor-element elementor-element-f30cffe\" data-id=\"f30cffe\" data-element_type=\"column\">\n\t\t\t<div class=\"elementor-widget-wrap\">\n\t\t\t\t\t\t\t<\/div>\n\t\t<\/div>\n\t\t\t\t\t<\/div>\n\t\t<\/section>\n\t\t\t\t<section class=\"elementor-section elementor-top-section elementor-element elementor-element-3915410 elementor-section-boxed elementor-section-height-default elementor-section-height-default\" data-id=\"3915410\" data-element_type=\"section\">\n\t\t\t\t\t\t<div class=\"elementor-container elementor-column-gap-default\">\n\t\t\t\t\t<div class=\"elementor-column elementor-col-33 elementor-top-column elementor-element elementor-element-4e9c402\" data-id=\"4e9c402\" data-element_type=\"column\">\n\t\t\t<div class=\"elementor-widget-wrap\">\n\t\t\t\t\t\t\t<\/div>\n\t\t<\/div>\n\t\t\t\t<div class=\"elementor-column elementor-col-33 elementor-top-column elementor-element elementor-element-64d0940\" data-id=\"64d0940\" data-element_type=\"column\">\n\t\t\t<div class=\"elementor-widget-wrap elementor-element-populated\">\n\t\t\t\t\t\t<div class=\"elementor-element elementor-element-dbfda67 elementor-widget elementor-widget-heading\" data-id=\"dbfda67\" data-element_type=\"widget\" data-widget_type=\"heading.default\">\n\t\t\t\t<div class=\"elementor-widget-container\">\n\t\t\t\t\t<h2 class=\"elementor-heading-title elementor-size-default\">La (In)completa visi\u00f3n del Value Stream Mapping (VSM): \u00bfQu\u00e9 ocultan los flujos invisibles?<\/h2>\t\t\t\t<\/div>\n\t\t\t\t<\/div>\n\t\t\t\t\t<\/div>\n\t\t<\/div>\n\t\t\t\t<div class=\"elementor-column elementor-col-33 elementor-top-column elementor-element elementor-element-6458a9a\" data-id=\"6458a9a\" data-element_type=\"column\">\n\t\t\t<div class=\"elementor-widget-wrap\">\n\t\t\t\t\t\t\t<\/div>\n\t\t<\/div>\n\t\t\t\t\t<\/div>\n\t\t<\/section>\n\t\t\t\t<section class=\"elementor-section elementor-top-section elementor-element elementor-element-aab605d elementor-section-boxed elementor-section-height-default elementor-section-height-default\" data-id=\"aab605d\" data-element_type=\"section\">\n\t\t\t\t\t\t<div class=\"elementor-container elementor-column-gap-default\">\n\t\t\t\t\t<div class=\"elementor-column elementor-col-33 elementor-top-column elementor-element elementor-element-1e83afa\" data-id=\"1e83afa\" data-element_type=\"column\">\n\t\t\t<div class=\"elementor-widget-wrap\">\n\t\t\t\t\t\t\t<\/div>\n\t\t<\/div>\n\t\t\t\t<div class=\"elementor-column elementor-col-33 elementor-top-column elementor-element elementor-element-f79d40d\" data-id=\"f79d40d\" data-element_type=\"column\">\n\t\t\t<div class=\"elementor-widget-wrap elementor-element-populated\">\n\t\t\t\t\t\t<div class=\"elementor-element elementor-element-e2311d6 elementor-widget elementor-widget-heading\" data-id=\"e2311d6\" data-element_type=\"widget\" data-widget_type=\"heading.default\">\n\t\t\t\t<div class=\"elementor-widget-container\">\n\t\t\t\t\t<h2 class=\"elementor-heading-title elementor-size-default\">Por: Humberto Alvarez Laverde<\/h2>\t\t\t\t<\/div>\n\t\t\t\t<\/div>\n\t\t\t\t\t<\/div>\n\t\t<\/div>\n\t\t\t\t<div class=\"elementor-column elementor-col-33 elementor-top-column elementor-element elementor-element-54093a4\" data-id=\"54093a4\" data-element_type=\"column\">\n\t\t\t<div class=\"elementor-widget-wrap\">\n\t\t\t\t\t\t\t<\/div>\n\t\t<\/div>\n\t\t\t\t\t<\/div>\n\t\t<\/section>\n\t\t\t\t<section class=\"elementor-section elementor-top-section elementor-element elementor-element-ad52c1f elementor-section-boxed elementor-section-height-default elementor-section-height-default\" data-id=\"ad52c1f\" data-element_type=\"section\">\n\t\t\t\t\t\t<div class=\"elementor-container elementor-column-gap-default\">\n\t\t\t\t\t<div class=\"elementor-column elementor-col-33 elementor-top-column elementor-element elementor-element-9e837da\" data-id=\"9e837da\" data-element_type=\"column\">\n\t\t\t<div class=\"elementor-widget-wrap\">\n\t\t\t\t\t\t\t<\/div>\n\t\t<\/div>\n\t\t\t\t<div class=\"elementor-column elementor-col-33 elementor-top-column elementor-element elementor-element-faaa870\" data-id=\"faaa870\" data-element_type=\"column\">\n\t\t\t<div class=\"elementor-widget-wrap elementor-element-populated\">\n\t\t\t\t\t\t<div class=\"elementor-element elementor-element-a6da648 elementor-widget elementor-widget-text-editor\" data-id=\"a6da648\" data-element_type=\"widget\" data-widget_type=\"text-editor.default\">\n\t\t\t\t<div class=\"elementor-widget-container\">\n\t\t\t\t\t\t\t\t\t<p>El Value Stream Mapping (VSM), nacido de la experiencia japonesa y consolidado como pr\u00e1ctica clave en el pensamiento Lean, ha sido durante d\u00e9cadas una herramienta confiable para visualizar procesos, detectar desperdicios y planear mejoras. Su enfoque es claro y aparentemente completo: representar el flujo de materiales e informaci\u00f3n que atraviesa una organizaci\u00f3n para entregar valor al cliente. Sin embargo, a pesar de su apariencia de exhaustividad, el VSM deja fuera un componente esencial que, parad\u00f3jicamente, sostiene todos los dem\u00e1s: las conversaciones humanas.<\/p><p>En toda organizaci\u00f3n, cada pedido, entrega, error o ajuste no se mueve por s\u00ed solo. Se activa, se frena, se transforma y se acuerda a trav\u00e9s de palabras: conversaciones que abren posibilidades, compromisos que se adquieren o que se evaden, aclaraciones que salvan o arruinan plazos. Y sin embargo, rara vez estas din\u00e1micas conversacionales se visualizan, analizan o gestionan con el mismo rigor que se aplica a las m\u00e1quinas, los inventarios o los tiempos de ciclo. \u00bfQu\u00e9 tan impecable puede ser una coordinaci\u00f3n si no se pone atenci\u00f3n a c\u00f3mo se conversa?<\/p><p>Los mapas de flujo tradicionales como el VSM nos muestran lo que ocurre <em>cuando todo funciona<\/em>, pero no lo que sucede <em>cuando las personas no se entienden<\/em>. No retratan esa llamada que no se hizo, ese corre de una solicitud mal elaborada, esa promesa que no se explicit\u00f3. Y mucho menos revelan la calidad de las conversaciones que s\u00ed se dieron: si fueron claras, oportunas, completas, con condiciones de satisfacci\u00f3n, tiempos, renegociaciones, adelanto de \u201cquiebres\u201d, etc.. Cuando la calidad de estas interacciones baja, los procesos tambi\u00e9n lo hacen, aunque el VSM siga mostrando un camino limpio y racional.<\/p><p>Aqu\u00ed es donde herramientas como las conversaciones para la acci\u00f3n analizadas a trav\u00e9s de un \u201cConversational Flow Mapping\u201d \u00a0o mapa Makigami ofrecen un respiro y una oportunidad. A diferencia del VSM, el Makigami pone el foco en las tareas y responsabilidades entre actores, permitiendo identificar no solo los pasos formales del proceso, sino tambi\u00e9n las <em>zonas de silencio<\/em>\u2014esos lugares donde no hay conversaci\u00f3n, o donde la conversaci\u00f3n ocurre pero de forma d\u00e9bil, tard\u00eda o mal canalizada. A trav\u00e9s de esta mirada, emerge la pregunta fundamental: \u00bftenemos claro la estructura de ls conversaciones que permiten coordinar en forma impecable?<\/p><p>Esta pregunta revela que muchas veces los cuellos de botella no est\u00e1n en una m\u00e1quina ni en un software, sino en la ausencia de una conversaci\u00f3n o en una coordinaci\u00f3n mal estructurada. La falta de pedidos expl\u00edcitos, los compromisos no declarados, la falta de condiciones de satisfacci\u00f3n en el acuerdo, las promesas impl\u00edcitas no verificadas: todos estos son puntos de fallo que el flujo tradicional ignora, pero que el desempe\u00f1o real de la empresa no puede permitirse obviar.<\/p><p>De fondo, lo que est\u00e1 en juego es una forma de mirar el trabajo organizacional que reconozca que los procesos no son solo secuencias de tareas, sino espacios de coordinaci\u00f3n entre personas. Donde hay personas, hay lenguaje, hay emociones tambi\u00e9n. Y donde hay lenguaje, hay posibilidad de acci\u00f3n\u2026 o de inacci\u00f3n.<\/p><p>Poner atenci\u00f3n a las rutinas conversacionales\u2014no como formalismo, sino como base estructural del hacer colectivo\u2014implica enriquecer el mapa operativo de la empresa con una capa viva, humana, cambiante. Significa entender que no basta con hacer fluir bien los materiales: hay que hacer fluir las palabras, con la misma conciencia, intenci\u00f3n y mejora continua.<\/p><p>Por eso, integrar la observaci\u00f3n de las conversaciones dentro del an\u00e1lisis de procesos no es un lujo ni una filosof\u00eda blanda: es una necesidad urgente para quienes quieren resultados sostenibles y relaciones laborales m\u00e1s sanas. Las conversaciones de coordinaci\u00f3n puede ser una puerta de entrada, pero el verdadero cambio ocurre cuando las organizaciones se permiten escuchar lo que hasta ahora no hab\u00edan sabido ver.<\/p><p>\u00a0<\/p>\t\t\t\t\t\t\t\t<\/div>\n\t\t\t\t<\/div>\n\t\t\t\t\t<\/div>\n\t\t<\/div>\n\t\t\t\t<div class=\"elementor-column elementor-col-33 elementor-top-column elementor-element elementor-element-a2d9773\" data-id=\"a2d9773\" data-element_type=\"column\">\n\t\t\t<div class=\"elementor-widget-wrap\">\n\t\t\t\t\t\t\t<\/div>\n\t\t<\/div>\n\t\t\t\t\t<\/div>\n\t\t<\/section>\n\t\t\t\t<section class=\"elementor-section elementor-top-section elementor-element elementor-element-28ee0d8 elementor-section-boxed elementor-section-height-default elementor-section-height-default\" data-id=\"28ee0d8\" data-element_type=\"section\">\n\t\t\t\t\t\t<div class=\"elementor-container elementor-column-gap-default\">\n\t\t\t\t\t<div class=\"elementor-column elementor-col-33 elementor-top-column elementor-element elementor-element-40c0d4d\" data-id=\"40c0d4d\" data-element_type=\"column\">\n\t\t\t<div class=\"elementor-widget-wrap\">\n\t\t\t\t\t\t\t<\/div>\n\t\t<\/div>\n\t\t\t\t<div class=\"elementor-column elementor-col-33 elementor-top-column elementor-element elementor-element-25b883e\" data-id=\"25b883e\" data-element_type=\"column\">\n\t\t\t<div class=\"elementor-widget-wrap\">\n\t\t\t\t\t\t\t<\/div>\n\t\t<\/div>\n\t\t\t\t<div class=\"elementor-column elementor-col-33 elementor-top-column elementor-element elementor-element-fbc626a\" data-id=\"fbc626a\" data-element_type=\"column\">\n\t\t\t<div class=\"elementor-widget-wrap\">\n\t\t\t\t\t\t\t<\/div>\n\t\t<\/div>\n\t\t\t\t\t<\/div>\n\t\t<\/section>\n\t\t\t\t<\/div>\n\t\t","protected":false},"excerpt":{"rendered":"<p>La (In)completa visi\u00f3n del Value Stream Mapping (VSM): \u00bfQu\u00e9 ocultan los flujos invisibles? Por: Humberto [&hellip;]<\/p>\n","protected":false},"author":1,"featured_media":0,"parent":0,"menu_order":0,"comment_status":"closed","ping_status":"closed","template":"","meta":{"site-sidebar-layout":"no-sidebar","site-content-layout":"page-builder","ast-site-content-layout":"full-width-container","site-content-style":"default","site-sidebar-style":"default","ast-global-header-display":"","ast-banner-title-visibility":"","ast-main-header-display":"","ast-hfb-above-header-display":"","ast-hfb-below-header-display":"","ast-hfb-mobile-header-display":"","site-post-title":"disabled","ast-breadcrumbs-content":"","ast-featured-img":"disabled","footer-sml-layout":"","ast-disable-related-posts":"","theme-transparent-header-meta":"default","adv-header-id-meta":"","stick-header-meta":"","header-above-stick-meta":"","header-main-stick-meta":"","header-below-stick-meta":"","astra-migrate-meta-layouts":"set","ast-page-background-enabled":"default","ast-page-background-meta":{"desktop":{"background-color":"","background-image":"","background-repeat":"repeat","background-position":"center center","background-size":"auto","background-attachment":"scroll","background-type":"","background-media":"","overlay-type":"","overlay-color":"","overlay-opacity":"","overlay-gradient":""},"tablet":{"background-color":"","background-image":"","background-repeat":"repeat","background-position":"center center","background-size":"auto","background-attachment":"scroll","background-type":"","background-media":"","overlay-type":"","overlay-color":"","overlay-opacity":"","overlay-gradient":""},"mobile":{"background-color":"","background-image":"","background-repeat":"repeat","background-position":"center center","background-size":"auto","background-attachment":"scroll","background-type":"","background-media":"","overlay-type":"","overlay-color":"","overlay-opacity":"","overlay-gradient":""}},"ast-content-background-meta":{"desktop":{"background-color":"var(--ast-global-color-5)","background-image":"","background-repeat":"repeat","background-position":"center center","background-size":"auto","background-attachment":"scroll","background-type":"","background-media":"","overlay-type":"","overlay-color":"","overlay-opacity":"","overlay-gradient":""},"tablet":{"background-color":"var(--ast-global-color-5)","background-image":"","background-repeat":"repeat","background-position":"center center","background-size":"auto","background-attachment":"scroll","background-type":"","background-media":"","overlay-type":"","overlay-color":"","overlay-opacity":"","overlay-gradient":""},"mobile":{"background-color":"var(--ast-global-color-5)","background-image":"","background-repeat":"repeat","background-position":"center center","background-size":"auto","background-attachment":"scroll","background-type":"","background-media":"","overlay-type":"","overlay-color":"","overlay-opacity":"","overlay-gradient":""}},"footnotes":""},"class_list":["post-17343","page","type-page","status-publish","hentry"],"_links":{"self":[{"href":"https:\/\/academia-tpm.com\/plataforma\/wp-json\/wp\/v2\/pages\/17343","targetHints":{"allow":["GET"]}}],"collection":[{"href":"https:\/\/academia-tpm.com\/plataforma\/wp-json\/wp\/v2\/pages"}],"about":[{"href":"https:\/\/academia-tpm.com\/plataforma\/wp-json\/wp\/v2\/types\/page"}],"author":[{"embeddable":true,"href":"https:\/\/academia-tpm.com\/plataforma\/wp-json\/wp\/v2\/users\/1"}],"replies":[{"embeddable":true,"href":"https:\/\/academia-tpm.com\/plataforma\/wp-json\/wp\/v2\/comments?post=17343"}],"version-history":[{"count":7,"href":"https:\/\/academia-tpm.com\/plataforma\/wp-json\/wp\/v2\/pages\/17343\/revisions"}],"predecessor-version":[{"id":17351,"href":"https:\/\/academia-tpm.com\/plataforma\/wp-json\/wp\/v2\/pages\/17343\/revisions\/17351"}],"wp:attachment":[{"href":"https:\/\/academia-tpm.com\/plataforma\/wp-json\/wp\/v2\/media?parent=17343"}],"curies":[{"name":"wp","href":"https:\/\/api.w.org\/{rel}","templated":true}]}}