{"id":16021,"date":"2025-04-03T16:57:56","date_gmt":"2025-04-03T15:57:56","guid":{"rendered":"https:\/\/academia-tpm.com\/plataforma\/?page_id=16021"},"modified":"2025-04-14T11:50:03","modified_gmt":"2025-04-14T10:50:03","slug":"estudios","status":"publish","type":"page","link":"https:\/\/academia-tpm.com\/plataforma\/estudios\/","title":{"rendered":"estudios"},"content":{"rendered":"\t\t<div data-elementor-type=\"wp-page\" data-elementor-id=\"16021\" class=\"elementor elementor-16021\" data-elementor-post-type=\"page\">\n\t\t\t\t\t\t<section class=\"elementor-section elementor-top-section elementor-element elementor-element-cbe7503 elementor-section-boxed elementor-section-height-default elementor-section-height-default\" data-id=\"cbe7503\" data-element_type=\"section\">\n\t\t\t\t\t\t<div class=\"elementor-container elementor-column-gap-default\">\n\t\t\t\t\t<div class=\"elementor-column elementor-col-33 elementor-top-column elementor-element elementor-element-f32570a\" data-id=\"f32570a\" data-element_type=\"column\">\n\t\t\t<div class=\"elementor-widget-wrap elementor-element-populated\">\n\t\t\t\t\t\t<div class=\"elementor-element elementor-element-4dbb8f7 elementor-widget elementor-widget-image\" data-id=\"4dbb8f7\" data-element_type=\"widget\" data-widget_type=\"image.default\">\n\t\t\t\t<div class=\"elementor-widget-container\">\n\t\t\t\t\t\t\t\t\t\t\t\t\t\t\t<img fetchpriority=\"high\" decoding=\"async\" width=\"1200\" height=\"800\" src=\"https:\/\/academia-tpm.com\/plataforma\/wp-content\/uploads\/2025\/04\/Fotolia_122977214_Subscription_Monthly_M-1400x933.jpg\" class=\"attachment-large size-large wp-image-16024\" alt=\"\" srcset=\"https:\/\/academia-tpm.com\/plataforma\/wp-content\/uploads\/2025\/04\/Fotolia_122977214_Subscription_Monthly_M-1400x933.jpg 1400w, https:\/\/academia-tpm.com\/plataforma\/wp-content\/uploads\/2025\/04\/Fotolia_122977214_Subscription_Monthly_M-600x400.jpg 600w, https:\/\/academia-tpm.com\/plataforma\/wp-content\/uploads\/2025\/04\/Fotolia_122977214_Subscription_Monthly_M-768x512.jpg 768w, https:\/\/academia-tpm.com\/plataforma\/wp-content\/uploads\/2025\/04\/Fotolia_122977214_Subscription_Monthly_M-1536x1024.jpg 1536w, https:\/\/academia-tpm.com\/plataforma\/wp-content\/uploads\/2025\/04\/Fotolia_122977214_Subscription_Monthly_M.jpg 1688w\" sizes=\"(max-width: 1200px) 100vw, 1200px\" \/>\t\t\t\t\t\t\t\t\t\t\t\t\t\t\t<\/div>\n\t\t\t\t<\/div>\n\t\t\t\t\t<\/div>\n\t\t<\/div>\n\t\t\t\t<div class=\"elementor-column elementor-col-33 elementor-top-column elementor-element elementor-element-f3f48d8\" data-id=\"f3f48d8\" data-element_type=\"column\">\n\t\t\t<div class=\"elementor-widget-wrap\">\n\t\t\t\t\t\t\t<\/div>\n\t\t<\/div>\n\t\t\t\t<div class=\"elementor-column elementor-col-33 elementor-top-column elementor-element elementor-element-b4ed656\" data-id=\"b4ed656\" data-element_type=\"column\">\n\t\t\t<div class=\"elementor-widget-wrap elementor-element-populated\">\n\t\t\t\t\t\t<div class=\"elementor-element elementor-element-316e8f7 elementor-widget elementor-widget-heading\" data-id=\"316e8f7\" data-element_type=\"widget\" data-widget_type=\"heading.default\">\n\t\t\t\t<div class=\"elementor-widget-container\">\n\t\t\t\t\t<h2 class=\"elementor-heading-title elementor-size-default\">Estudios cient\u00edficos sobre TPM<\/h2>\t\t\t\t<\/div>\n\t\t\t\t<\/div>\n\t\t\t\t<div class=\"elementor-element elementor-element-897ff4a elementor-widget elementor-widget-text-editor\" data-id=\"897ff4a\" data-element_type=\"widget\" data-widget_type=\"text-editor.default\">\n\t\t\t\t<div class=\"elementor-widget-container\">\n\t\t\t\t\t\t\t\t\t<p>Conscientes de la necesidad de seguir avanzando en el conocimiento de TPM, hemos creado esta apartado donde el\u00a0 Sr. Hector Alvarez Laverde, matem\u00e1tico, master en estad\u00edstica, master en ingenier\u00eda de producci\u00f3n y PhD en Ingenier\u00eda Industrial con especialidad en ciencia de datos, graduado por la JUSE (Jap\u00f3n) peri\u00f3dicamente compartir\u00e1 estudios de investigaci\u00f3n cient\u00edfica que ha identificado en la literatura acad\u00e9mica especializada y que revisar\u00e1, facilitando la comprensi\u00f3n de los estudios, hallazgos y conclusiones.<br \/><br \/><\/p><p>De esta manera The TPM Academy se consolida como referente en conocimiento &#8220;leading edge&#8221; de la metodolog\u00eda y pr\u00e1ctica \u00fatil para nuestros clientes, alumnos y seguidores en nuestras redes sociales.<\/p>\t\t\t\t\t\t\t\t<\/div>\n\t\t\t\t<\/div>\n\t\t\t\t\t<\/div>\n\t\t<\/div>\n\t\t\t\t\t<\/div>\n\t\t<\/section>\n\t\t\t\t<section class=\"elementor-section elementor-top-section elementor-element elementor-element-fbd3bf6 elementor-section-boxed elementor-section-height-default elementor-section-height-default\" data-id=\"fbd3bf6\" data-element_type=\"section\">\n\t\t\t\t\t\t<div class=\"elementor-container elementor-column-gap-default\">\n\t\t\t\t\t<div class=\"elementor-column elementor-col-33 elementor-top-column elementor-element elementor-element-ccf6279\" data-id=\"ccf6279\" data-element_type=\"column\">\n\t\t\t<div class=\"elementor-widget-wrap elementor-element-populated\">\n\t\t\t\t\t\t<div class=\"elementor-element elementor-element-7490c8e elementor-widget elementor-widget-image\" data-id=\"7490c8e\" data-element_type=\"widget\" data-widget_type=\"image.default\">\n\t\t\t\t<div class=\"elementor-widget-container\">\n\t\t\t\t\t\t\t\t\t\t\t\t\t\t\t<img decoding=\"async\" width=\"437\" height=\"568\" src=\"https:\/\/academia-tpm.com\/plataforma\/wp-content\/uploads\/2025\/04\/investigacion3.png\" class=\"attachment-large size-large wp-image-16151\" alt=\"\" srcset=\"https:\/\/academia-tpm.com\/plataforma\/wp-content\/uploads\/2025\/04\/investigacion3.png 437w, https:\/\/academia-tpm.com\/plataforma\/wp-content\/uploads\/2025\/04\/investigacion3-308x400.png 308w\" sizes=\"(max-width: 437px) 100vw, 437px\" \/>\t\t\t\t\t\t\t\t\t\t\t\t\t\t\t<\/div>\n\t\t\t\t<\/div>\n\t\t\t\t\t<\/div>\n\t\t<\/div>\n\t\t\t\t<div class=\"elementor-column elementor-col-33 elementor-top-column elementor-element elementor-element-b286ac1\" data-id=\"b286ac1\" data-element_type=\"column\">\n\t\t\t<div class=\"elementor-widget-wrap\">\n\t\t\t\t\t\t\t<\/div>\n\t\t<\/div>\n\t\t\t\t<div class=\"elementor-column elementor-col-33 elementor-top-column elementor-element elementor-element-d570a82\" data-id=\"d570a82\" data-element_type=\"column\">\n\t\t\t<div class=\"elementor-widget-wrap elementor-element-populated\">\n\t\t\t\t\t\t<div class=\"elementor-element elementor-element-a6854b8 elementor-widget elementor-widget-heading\" data-id=\"a6854b8\" data-element_type=\"widget\" data-widget_type=\"heading.default\">\n\t\t\t\t<div class=\"elementor-widget-container\">\n\t\t\t\t\t<h2 class=\"elementor-heading-title elementor-size-default\">An\u00e1lisis de las barreras para introducir TPM en una organizaci\u00f3n<\/h2>\t\t\t\t<\/div>\n\t\t\t\t<\/div>\n\t\t\t\t<div class=\"elementor-element elementor-element-dee8fd5 elementor-widget elementor-widget-text-editor\" data-id=\"dee8fd5\" data-element_type=\"widget\" data-widget_type=\"text-editor.default\">\n\t\t\t\t<div class=\"elementor-widget-container\">\n\t\t\t\t\t\t\t\t\t<p><strong>Nombre del art\u00edculo:\u00a0 <\/strong>Analysis of barriers of Total Productive Maintenance (TPM)<\/p>\t\t\t\t\t\t\t\t<\/div>\n\t\t\t\t<\/div>\n\t\t\t\t<div class=\"elementor-element elementor-element-ec7922d elementor-widget elementor-widget-text-editor\" data-id=\"ec7922d\" data-element_type=\"widget\" data-widget_type=\"text-editor.default\">\n\t\t\t\t<div class=\"elementor-widget-container\">\n\t\t\t\t\t\t\t\t\t<h5 class=\"elementor-heading-title elementor-size-default\">Autores: Rajesh Attri &#8211; Sandeep Grover &#8211; Nikhil Dev &#8211; Deepak Kumar. Advanced Institute of Technology &amp; Management, Palwal 121105, India<\/h5>\t\t\t\t\t\t\t\t<\/div>\n\t\t\t\t<\/div>\n\t\t\t\t<div class=\"elementor-element elementor-element-32c0e56 elementor-widget elementor-widget-heading\" data-id=\"32c0e56\" data-element_type=\"widget\" data-widget_type=\"heading.default\">\n\t\t\t\t<div class=\"elementor-widget-container\">\n\t\t\t\t\t<h2 class=\"elementor-heading-title elementor-size-default\"><a href=\"https:\/\/academia-tpm.com\/plataforma\/investigacion_3\/\" target=\"_blank\">Leer m\u00e1s ...<\/a><\/h2>\t\t\t\t<\/div>\n\t\t\t\t<\/div>\n\t\t\t\t\t<\/div>\n\t\t<\/div>\n\t\t\t\t\t<\/div>\n\t\t<\/section>\n\t\t\t\t<section class=\"elementor-section elementor-top-section elementor-element elementor-element-c4b2833 elementor-section-boxed elementor-section-height-default elementor-section-height-default\" data-id=\"c4b2833\" data-element_type=\"section\">\n\t\t\t\t\t\t<div class=\"elementor-container elementor-column-gap-default\">\n\t\t\t\t\t<div class=\"elementor-column elementor-col-33 elementor-top-column elementor-element elementor-element-5d7bdae\" data-id=\"5d7bdae\" data-element_type=\"column\">\n\t\t\t<div class=\"elementor-widget-wrap elementor-element-populated\">\n\t\t\t\t\t\t<div class=\"elementor-element elementor-element-2b06656 elementor-widget elementor-widget-image\" data-id=\"2b06656\" data-element_type=\"widget\" data-widget_type=\"image.default\">\n\t\t\t\t<div class=\"elementor-widget-container\">\n\t\t\t\t\t\t\t\t\t\t\t\t\t\t\t<img decoding=\"async\" width=\"451\" height=\"316\" src=\"https:\/\/academia-tpm.com\/plataforma\/wp-content\/uploads\/2025\/04\/brasil.jpg\" class=\"attachment-large size-large wp-image-16078\" alt=\"\" \/>\t\t\t\t\t\t\t\t\t\t\t\t\t\t\t<\/div>\n\t\t\t\t<\/div>\n\t\t\t\t\t<\/div>\n\t\t<\/div>\n\t\t\t\t<div class=\"elementor-column elementor-col-33 elementor-top-column elementor-element elementor-element-7e6ca41\" data-id=\"7e6ca41\" data-element_type=\"column\">\n\t\t\t<div class=\"elementor-widget-wrap\">\n\t\t\t\t\t\t\t<\/div>\n\t\t<\/div>\n\t\t\t\t<div class=\"elementor-column elementor-col-33 elementor-top-column elementor-element elementor-element-65a3186\" data-id=\"65a3186\" data-element_type=\"column\">\n\t\t\t<div class=\"elementor-widget-wrap elementor-element-populated\">\n\t\t\t\t\t\t<div class=\"elementor-element elementor-element-33a3625 elementor-widget elementor-widget-heading\" data-id=\"33a3625\" data-element_type=\"widget\" data-widget_type=\"heading.default\">\n\t\t\t\t<div class=\"elementor-widget-container\">\n\t\t\t\t\t<h2 class=\"elementor-heading-title elementor-size-default\">Estudio del efecto del desarrollo de pilares TPM en la mejora del OEE en varios sectores industriales en empresas de Brasil.<\/h2>\t\t\t\t<\/div>\n\t\t\t\t<\/div>\n\t\t\t\t<div class=\"elementor-element elementor-element-6c04d27 elementor-widget elementor-widget-text-editor\" data-id=\"6c04d27\" data-element_type=\"widget\" data-widget_type=\"text-editor.default\">\n\t\t\t\t<div class=\"elementor-widget-container\">\n\t\t\t\t\t\t\t\t\t<p><strong>Nombre del art\u00edculo:<\/strong> Total Productive Maintenance and the Impact of Each Implemented Pillar in the Overall Equipment Effectiveness\u00a0<\/p>\t\t\t\t\t\t\t\t<\/div>\n\t\t\t\t<\/div>\n\t\t\t\t<div class=\"elementor-element elementor-element-4609ee3 elementor-widget elementor-widget-text-editor\" data-id=\"4609ee3\" data-element_type=\"widget\" data-widget_type=\"text-editor.default\">\n\t\t\t\t<div class=\"elementor-widget-container\">\n\t\t\t\t\t\t\t\t\t<p><strong>Autores:<\/strong> Jos\u00e9 Carlos Meca Vital and Carlos Roberto Camello Lima, MSc., Production Engineering Graduate Program, Methodist University of Piracicaba, Brasil,\u00a0 Professor, School of Engineering, Mackenzie Presbyterian University, BRAsIL<\/p>\t\t\t\t\t\t\t\t<\/div>\n\t\t\t\t<\/div>\n\t\t\t\t<div class=\"elementor-element elementor-element-221f721 elementor-widget elementor-widget-heading\" data-id=\"221f721\" data-element_type=\"widget\" data-widget_type=\"heading.default\">\n\t\t\t\t<div class=\"elementor-widget-container\">\n\t\t\t\t\t<h2 class=\"elementor-heading-title elementor-size-default\"><a href=\"https:\/\/academia-tpm.com\/plataforma\/investigacion_2\/\" target=\"_blank\">Leer m\u00e1s ...<\/a><\/h2>\t\t\t\t<\/div>\n\t\t\t\t<\/div>\n\t\t\t\t\t<\/div>\n\t\t<\/div>\n\t\t\t\t\t<\/div>\n\t\t<\/section>\n\t\t\t\t<section class=\"elementor-section elementor-top-section elementor-element elementor-element-7aba315 elementor-section-boxed elementor-section-height-default elementor-section-height-default\" data-id=\"7aba315\" data-element_type=\"section\">\n\t\t\t\t\t\t<div class=\"elementor-container elementor-column-gap-default\">\n\t\t\t\t\t<div class=\"elementor-column elementor-col-33 elementor-top-column elementor-element elementor-element-b2648d8\" data-id=\"b2648d8\" data-element_type=\"column\">\n\t\t\t<div class=\"elementor-widget-wrap elementor-element-populated\">\n\t\t\t\t\t\t<div class=\"elementor-element elementor-element-b79d1f3 elementor-widget elementor-widget-image\" data-id=\"b79d1f3\" data-element_type=\"widget\" data-widget_type=\"image.default\">\n\t\t\t\t<div class=\"elementor-widget-container\">\n\t\t\t\t\t\t\t\t\t\t\t\t\t\t\t<img loading=\"lazy\" decoding=\"async\" width=\"693\" height=\"807\" src=\"https:\/\/academia-tpm.com\/plataforma\/wp-content\/uploads\/2025\/04\/plspath_tpm_oee.jpg\" class=\"attachment-large size-large wp-image-16037\" alt=\"\" srcset=\"https:\/\/academia-tpm.com\/plataforma\/wp-content\/uploads\/2025\/04\/plspath_tpm_oee.jpg 693w, https:\/\/academia-tpm.com\/plataforma\/wp-content\/uploads\/2025\/04\/plspath_tpm_oee-343x400.jpg 343w, https:\/\/academia-tpm.com\/plataforma\/wp-content\/uploads\/2025\/04\/plspath_tpm_oee-600x699.jpg 600w\" sizes=\"(max-width: 693px) 100vw, 693px\" \/>\t\t\t\t\t\t\t\t\t\t\t\t\t\t\t<\/div>\n\t\t\t\t<\/div>\n\t\t\t\t\t<\/div>\n\t\t<\/div>\n\t\t\t\t<div class=\"elementor-column elementor-col-33 elementor-top-column elementor-element elementor-element-66cb964\" data-id=\"66cb964\" data-element_type=\"column\">\n\t\t\t<div class=\"elementor-widget-wrap\">\n\t\t\t\t\t\t\t<\/div>\n\t\t<\/div>\n\t\t\t\t<div class=\"elementor-column elementor-col-33 elementor-top-column elementor-element elementor-element-45e3651\" data-id=\"45e3651\" data-element_type=\"column\">\n\t\t\t<div class=\"elementor-widget-wrap elementor-element-populated\">\n\t\t\t\t\t\t<div class=\"elementor-element elementor-element-f3db1b7 elementor-widget elementor-widget-heading\" data-id=\"f3db1b7\" data-element_type=\"widget\" data-widget_type=\"heading.default\">\n\t\t\t\t<div class=\"elementor-widget-container\">\n\t\t\t\t\t<h2 class=\"elementor-heading-title elementor-size-default\">Estudio PLS-Path para identificar el efecto de los pilares TPM en el incremento del OEE.<\/h2>\t\t\t\t<\/div>\n\t\t\t\t<\/div>\n\t\t\t\t<div class=\"elementor-element elementor-element-ec8c628 elementor-widget elementor-widget-text-editor\" data-id=\"ec8c628\" data-element_type=\"widget\" data-widget_type=\"text-editor.default\">\n\t\t\t\t<div class=\"elementor-widget-container\">\n\t\t\t\t\t\t\t\t\t<p><strong>Nombre del art\u00edculo:<\/strong> &#8220;THE EVALUATION OF EIGHT PILLARS TOTAL PRODUCTIVE MAINTENANCE (TPM) IMPLEMENTATION AND THEIR IMPACT ON OVERALL EQUIPMENT EFFECTIVENESS (OEE) AND WASTE&#8221;<\/p>\t\t\t\t\t\t\t\t<\/div>\n\t\t\t\t<\/div>\n\t\t\t\t<div class=\"elementor-element elementor-element-3f25de2 elementor-widget elementor-widget-text-editor\" data-id=\"3f25de2\" data-element_type=\"widget\" data-widget_type=\"text-editor.default\">\n\t\t\t\t<div class=\"elementor-widget-container\">\n\t\t\t\t\t\t\t\t\t<p><strong>Autores:<\/strong> Herry Agung Prabowo, Yudha Bobby Suprapto, Farida Farida. Department of Industrial Engineering, Faculty of Engineering, Universitas Mercu Buana. Jl. Raya Meruya Selatan, Kembangan, Jakarta 11650, Indonesia<\/p>\t\t\t\t\t\t\t\t<\/div>\n\t\t\t\t<\/div>\n\t\t\t\t<div class=\"elementor-element elementor-element-de8555f elementor-widget elementor-widget-heading\" data-id=\"de8555f\" data-element_type=\"widget\" data-widget_type=\"heading.default\">\n\t\t\t\t<div class=\"elementor-widget-container\">\n\t\t\t\t\t<h2 class=\"elementor-heading-title elementor-size-default\"><a href=\"https:\/\/academia-tpm.com\/plataforma\/investigacion_1\/\" target=\"_blank\">Leer m\u00e1s ...<\/a><\/h2>\t\t\t\t<\/div>\n\t\t\t\t<\/div>\n\t\t\t\t\t<\/div>\n\t\t<\/div>\n\t\t\t\t\t<\/div>\n\t\t<\/section>\n\t\t\t\t<section class=\"elementor-section elementor-top-section elementor-element elementor-element-c2bb98c elementor-section-boxed elementor-section-height-default elementor-section-height-default\" data-id=\"c2bb98c\" data-element_type=\"section\">\n\t\t\t\t\t\t<div class=\"elementor-container elementor-column-gap-default\">\n\t\t\t\t\t<div class=\"elementor-column elementor-col-33 elementor-top-column elementor-element elementor-element-1e1c203\" data-id=\"1e1c203\" data-element_type=\"column\">\n\t\t\t<div class=\"elementor-widget-wrap\">\n\t\t\t\t\t\t\t<\/div>\n\t\t<\/div>\n\t\t\t\t<div class=\"elementor-column elementor-col-33 elementor-top-column elementor-element elementor-element-db93d65\" data-id=\"db93d65\" data-element_type=\"column\">\n\t\t\t<div class=\"elementor-widget-wrap\">\n\t\t\t\t\t\t\t<\/div>\n\t\t<\/div>\n\t\t\t\t<div class=\"elementor-column elementor-col-33 elementor-top-column elementor-element elementor-element-c969cf5\" data-id=\"c969cf5\" data-element_type=\"column\">\n\t\t\t<div class=\"elementor-widget-wrap\">\n\t\t\t\t\t\t\t<\/div>\n\t\t<\/div>\n\t\t\t\t\t<\/div>\n\t\t<\/section>\n\t\t\t\t<section class=\"elementor-section elementor-top-section elementor-element elementor-element-47a862a elementor-section-boxed elementor-section-height-default elementor-section-height-default\" data-id=\"47a862a\" data-element_type=\"section\">\n\t\t\t\t\t\t<div class=\"elementor-container elementor-column-gap-default\">\n\t\t\t\t\t<div class=\"elementor-column elementor-col-33 elementor-top-column elementor-element elementor-element-18ca035\" data-id=\"18ca035\" data-element_type=\"column\">\n\t\t\t<div class=\"elementor-widget-wrap\">\n\t\t\t\t\t\t\t<\/div>\n\t\t<\/div>\n\t\t\t\t<div class=\"elementor-column elementor-col-33 elementor-top-column elementor-element elementor-element-66eecd5\" data-id=\"66eecd5\" data-element_type=\"column\">\n\t\t\t<div class=\"elementor-widget-wrap\">\n\t\t\t\t\t\t\t<\/div>\n\t\t<\/div>\n\t\t\t\t<div class=\"elementor-column elementor-col-33 elementor-top-column elementor-element elementor-element-5d735d0\" data-id=\"5d735d0\" data-element_type=\"column\">\n\t\t\t<div class=\"elementor-widget-wrap\">\n\t\t\t\t\t\t\t<\/div>\n\t\t<\/div>\n\t\t\t\t\t<\/div>\n\t\t<\/section>\n\t\t\t\t<\/div>\n\t\t","protected":false},"excerpt":{"rendered":"<p>Estudios cient\u00edficos sobre TPM Conscientes de la necesidad de seguir avanzando en el conocimiento de [&hellip;]<\/p>\n","protected":false},"author":1,"featured_media":0,"parent":0,"menu_order":0,"comment_status":"closed","ping_status":"closed","template":"","meta":{"site-sidebar-layout":"no-sidebar","site-content-layout":"page-builder","ast-site-content-layout":"full-width-container","site-content-style":"default","site-sidebar-style":"default","ast-global-header-display":"","ast-banner-title-visibility":"","ast-main-header-display":"","ast-hfb-above-header-display":"","ast-hfb-below-header-display":"","ast-hfb-mobile-header-display":"","site-post-title":"disabled","ast-breadcrumbs-content":"","ast-featured-img":"disabled","footer-sml-layout":"","ast-disable-related-posts":"","theme-transparent-header-meta":"default","adv-header-id-meta":"","stick-header-meta":"default","header-above-stick-meta":"","header-main-stick-meta":"","header-below-stick-meta":"","astra-migrate-meta-layouts":"set","ast-page-background-enabled":"default","ast-page-background-meta":{"desktop":{"background-color":"","background-image":"","background-repeat":"repeat","background-position":"center center","background-size":"auto","background-attachment":"scroll","background-type":"","background-media":"","overlay-type":"","overlay-color":"","overlay-opacity":"","overlay-gradient":""},"tablet":{"background-color":"","background-image":"","background-repeat":"repeat","background-position":"center center","background-size":"auto","background-attachment":"scroll","background-type":"","background-media":"","overlay-type":"","overlay-color":"","overlay-opacity":"","overlay-gradient":""},"mobile":{"background-color":"","background-image":"","background-repeat":"repeat","background-position":"center center","background-size":"auto","background-attachment":"scroll","background-type":"","background-media":"","overlay-type":"","overlay-color":"","overlay-opacity":"","overlay-gradient":""}},"ast-content-background-meta":{"desktop":{"background-color":"var(--ast-global-color-5)","background-image":"","background-repeat":"repeat","background-position":"center center","background-size":"auto","background-attachment":"scroll","background-type":"","background-media":"","overlay-type":"","overlay-color":"","overlay-opacity":"","overlay-gradient":""},"tablet":{"background-color":"var(--ast-global-color-5)","background-image":"","background-repeat":"repeat","background-position":"center center","background-size":"auto","background-attachment":"scroll","background-type":"","background-media":"","overlay-type":"","overlay-color":"","overlay-opacity":"","overlay-gradient":""},"mobile":{"background-color":"var(--ast-global-color-5)","background-image":"","background-repeat":"repeat","background-position":"center center","background-size":"auto","background-attachment":"scroll","background-type":"","background-media":"","overlay-type":"","overlay-color":"","overlay-opacity":"","overlay-gradient":""}},"footnotes":""},"class_list":["post-16021","page","type-page","status-publish","hentry"],"_links":{"self":[{"href":"https:\/\/academia-tpm.com\/plataforma\/wp-json\/wp\/v2\/pages\/16021","targetHints":{"allow":["GET"]}}],"collection":[{"href":"https:\/\/academia-tpm.com\/plataforma\/wp-json\/wp\/v2\/pages"}],"about":[{"href":"https:\/\/academia-tpm.com\/plataforma\/wp-json\/wp\/v2\/types\/page"}],"author":[{"embeddable":true,"href":"https:\/\/academia-tpm.com\/plataforma\/wp-json\/wp\/v2\/users\/1"}],"replies":[{"embeddable":true,"href":"https:\/\/academia-tpm.com\/plataforma\/wp-json\/wp\/v2\/comments?post=16021"}],"version-history":[{"count":58,"href":"https:\/\/academia-tpm.com\/plataforma\/wp-json\/wp\/v2\/pages\/16021\/revisions"}],"predecessor-version":[{"id":16176,"href":"https:\/\/academia-tpm.com\/plataforma\/wp-json\/wp\/v2\/pages\/16021\/revisions\/16176"}],"wp:attachment":[{"href":"https:\/\/academia-tpm.com\/plataforma\/wp-json\/wp\/v2\/media?parent=16021"}],"curies":[{"name":"wp","href":"https:\/\/api.w.org\/{rel}","templated":true}]}}