{"id":14833,"date":"2025-02-04T09:17:27","date_gmt":"2025-02-04T08:17:27","guid":{"rendered":"https:\/\/academia-tpm.com\/plataforma\/?page_id=14833"},"modified":"2025-02-04T09:32:31","modified_gmt":"2025-02-04T08:32:31","slug":"early_rcm","status":"publish","type":"page","link":"https:\/\/academia-tpm.com\/plataforma\/early_rcm\/","title":{"rendered":"early_rcm"},"content":{"rendered":"\t\t<div data-elementor-type=\"wp-page\" data-elementor-id=\"14833\" class=\"elementor elementor-14833\" data-elementor-post-type=\"page\">\n\t\t\t\t\t\t<section class=\"elementor-section elementor-top-section elementor-element elementor-element-31b65a6 elementor-section-height-min-height elementor-section-boxed elementor-section-height-default elementor-section-items-middle\" data-id=\"31b65a6\" data-element_type=\"section\" data-settings=\"{&quot;background_background&quot;:&quot;classic&quot;}\">\n\t\t\t\t\t\t<div class=\"elementor-container elementor-column-gap-default\">\n\t\t\t\t\t<div class=\"elementor-column elementor-col-33 elementor-top-column elementor-element elementor-element-82abe8e\" data-id=\"82abe8e\" data-element_type=\"column\">\n\t\t\t<div class=\"elementor-widget-wrap\">\n\t\t\t\t\t\t\t<\/div>\n\t\t<\/div>\n\t\t\t\t<div class=\"elementor-column elementor-col-33 elementor-top-column elementor-element elementor-element-1aa95cf\" data-id=\"1aa95cf\" data-element_type=\"column\">\n\t\t\t<div class=\"elementor-widget-wrap elementor-element-populated\">\n\t\t\t\t\t\t<div class=\"elementor-element elementor-element-d01e4e5 elementor-widget elementor-widget-heading\" data-id=\"d01e4e5\" data-element_type=\"widget\" data-widget_type=\"heading.default\">\n\t\t\t\t<div class=\"elementor-widget-container\">\n\t\t\t\t\t<h2 class=\"elementor-heading-title elementor-size-default\">Integraci\u00f3n Early Maintenance y RCM<\/h2>\t\t\t\t<\/div>\n\t\t\t\t<\/div>\n\t\t\t\t\t<\/div>\n\t\t<\/div>\n\t\t\t\t<div class=\"elementor-column elementor-col-33 elementor-top-column elementor-element elementor-element-1723899\" data-id=\"1723899\" data-element_type=\"column\">\n\t\t\t<div class=\"elementor-widget-wrap\">\n\t\t\t\t\t\t\t<\/div>\n\t\t<\/div>\n\t\t\t\t\t<\/div>\n\t\t<\/section>\n\t\t\t\t<section class=\"elementor-section elementor-top-section elementor-element elementor-element-a05d9cf elementor-section-boxed elementor-section-height-default elementor-section-height-default\" data-id=\"a05d9cf\" data-element_type=\"section\">\n\t\t\t\t\t\t<div class=\"elementor-container elementor-column-gap-default\">\n\t\t\t\t\t<div class=\"elementor-column elementor-col-33 elementor-top-column elementor-element elementor-element-cffb2c0\" data-id=\"cffb2c0\" data-element_type=\"column\">\n\t\t\t<div class=\"elementor-widget-wrap\">\n\t\t\t\t\t\t\t<\/div>\n\t\t<\/div>\n\t\t\t\t<div class=\"elementor-column elementor-col-33 elementor-top-column elementor-element elementor-element-98849fc\" data-id=\"98849fc\" data-element_type=\"column\">\n\t\t\t<div class=\"elementor-widget-wrap elementor-element-populated\">\n\t\t\t\t\t\t<div class=\"elementor-element elementor-element-4c1d906 elementor-widget elementor-widget-heading\" data-id=\"4c1d906\" data-element_type=\"widget\" data-widget_type=\"heading.default\">\n\t\t\t\t<div class=\"elementor-widget-container\">\n\t\t\t\t\t<h2 class=\"elementor-heading-title elementor-size-default\">Por: Carlos Ramos Mej\u00eda (Instructor asociado JIPM) y Humberto Alvarez Laverde (Director The TPM Academy)<\/h2>\t\t\t\t<\/div>\n\t\t\t\t<\/div>\n\t\t\t\t\t<\/div>\n\t\t<\/div>\n\t\t\t\t<div class=\"elementor-column elementor-col-33 elementor-top-column elementor-element elementor-element-2bd4c5a\" data-id=\"2bd4c5a\" data-element_type=\"column\">\n\t\t\t<div class=\"elementor-widget-wrap\">\n\t\t\t\t\t\t\t<\/div>\n\t\t<\/div>\n\t\t\t\t\t<\/div>\n\t\t<\/section>\n\t\t\t\t<section class=\"elementor-section elementor-top-section elementor-element elementor-element-a285946 elementor-section-boxed elementor-section-height-default elementor-section-height-default\" data-id=\"a285946\" data-element_type=\"section\">\n\t\t\t\t\t\t<div class=\"elementor-container elementor-column-gap-default\">\n\t\t\t\t\t<div class=\"elementor-column elementor-col-33 elementor-top-column elementor-element elementor-element-522efb7\" data-id=\"522efb7\" data-element_type=\"column\">\n\t\t\t<div class=\"elementor-widget-wrap\">\n\t\t\t\t\t\t\t<\/div>\n\t\t<\/div>\n\t\t\t\t<div class=\"elementor-column elementor-col-33 elementor-top-column elementor-element elementor-element-19f5f94\" data-id=\"19f5f94\" data-element_type=\"column\">\n\t\t\t<div class=\"elementor-widget-wrap elementor-element-populated\">\n\t\t\t\t\t\t<div class=\"elementor-element elementor-element-d370efe elementor-widget elementor-widget-text-editor\" data-id=\"d370efe\" data-element_type=\"widget\" data-widget_type=\"text-editor.default\">\n\t\t\t\t<div class=\"elementor-widget-container\">\n\t\t\t\t\t\t\t\t\t<p>El Mantenimiento Temprano (<em>Early Maintenance<\/em>), como pilar del Mantenimiento Productivo Total (TPM), representa una estrategia proactiva orientada a la identificaci\u00f3n y eliminaci\u00f3n de fallos potenciales en las fases iniciales del ciclo de vida de los equipos, esto es, en las fases conceptuales de dise\u00f1o, construcci\u00f3n y puesta en marcha. Este enfoque no solo minimiza los costos asociados a reparaciones no planificadas, sino que tambi\u00e9n optimiza la fiabilidad, disponibilidad y mantenibilidad de los activos.<\/p>\n<p>La integraci\u00f3n del pilar Early Maintenance con el enfoque del Reliability-Centered Maintenance (RCM) ofrece una sinergia efectiva para mejorar la gesti\u00f3n del mantenimiento industrial. Ambas filosof\u00edas, aunque distintas en su origen y prop\u00f3sito, comparten el objetivo de asegurar la fiabilidad y disponibilidad de los activos productivos mediante un enfoque proactivo y planificado.<\/p>\n<p>Early Maintenance, promueve una colaboraci\u00f3n estrecha entre los equipos de ingenier\u00eda, mantenimiento y producci\u00f3n para identificar posibles fallos y asegurar que los nuevos equipos se integren de manera \u00f3ptima al sistema productivo. Las actividades clave incluyen el an\u00e1lisis de fallos potenciales, la aplicaci\u00f3n de lecciones aprendidas de proyectos anteriores y la participaci\u00f3n en el dise\u00f1o para la mantenibilidad y operabilidad.<\/p>\n<p>Por su parte, el RCM se centra en definir las estrategias de mantenimiento m\u00e1s adecuadas para cada activo en funci\u00f3n de su criticidad y modos de fallo. Mediante un proceso estructurado de an\u00e1lisis funcional y evaluaci\u00f3n de fallos, el RCM permite determinar qu\u00e9 tareas de mantenimiento deben llevarse a cabo, con qu\u00e9 frecuencia y qu\u00e9 recursos se requieren para asegurar la continuidad operativa del negocio.<\/p>\n<p>La integraci\u00f3n de Early Maintenance y RCM se materializa en varias dimensiones. En primer lugar, Early Maintenance proporciona informaci\u00f3n valiosa para el an\u00e1lisis inicial del RCM, ya que permite identificar de antemano las condiciones operativas y los posibles modos de fallo de los nuevos equipos. Esta colaboraci\u00f3n reduce el tiempo y esfuerzo necesario para implementar el RCM al evitar la recopilaci\u00f3n tard\u00eda de datos.<\/p>\n<p>En segundo lugar, Early Maintenance fomenta la creaci\u00f3n de dise\u00f1os que facilitan la implementaci\u00f3n de estrategias de mantenimiento definidas por el RCM. Por ejemplo, al trabajar conjuntamente con los fabricantes de maquinaria, es posible garantizar que los equipos cuenten con puntos de acceso f\u00e1ciles para inspecciones o que incorporen sensores que permitan un monitoreo constante de condiciones.<\/p>\n<p>Otra ventaja de esta integraci\u00f3n es la mejora continua del ciclo de vida del equipo. Las lecciones aprendidas y las mejores pr\u00e1cticas derivadas de la aplicaci\u00f3n del RCM pueden retroalimentar las actividades de Early Maintenance para futuros proyectos, cerrando un ciclo virtuoso de mejora y aprendizaje organizacional.<\/p>\n<p>El pilar de mantenimiento aut\u00f3nomo de TPM tambi\u00e9n desempe\u00f1a un papel crucial en este ecosistema. Este pilar busca empoderar a los operadores de producci\u00f3n para que realicen tareas b\u00e1sicas de mantenimiento, como la limpieza, lubricaci\u00f3n y ajustes menores. Su participaci\u00f3n reduce la carga de trabajo del equipo de mantenimiento especializado y permite una detecci\u00f3n temprana de anormalidades.<\/p>\n<p>Adem\u00e1s, el mantenimiento aut\u00f3nomo refuerza la cultura de cuidado de los activos desde el nivel operativo, lo que complementa el enfoque preventivo y planificado promovido tanto por Early Maintenance como por RCM. La participaci\u00f3n activa de los operadores contribuye a una mejor recolecci\u00f3n de datos y a una implementaci\u00f3n m\u00e1s efectiva de las acciones definidas en el RCM.<\/p>\n<p><strong>Los pasos l\u00f3gicos utilizados para el desarrollo de Early Maintenance son:<\/strong><\/p>\n<ol>\n<li><strong>An\u00e1lisis de Dise\u00f1o y Especificaciones T\u00e9cnicas<\/strong>: En esta fase, se realiza una evaluaci\u00f3n exhaustiva de los dise\u00f1os y especificaciones t\u00e9cnicas de los equipos antes de su fabricaci\u00f3n o adquisici\u00f3n. El objetivo es identificar posibles puntos cr\u00edticos, como deficiencias en materiales, tolerancias inadecuadas o falta de redundancia en componentes clave. Esta etapa es fundamental para garantizar que los equipos cumplan con los est\u00e1ndares de confiabilidad y mantenibilidad requeridos.<\/li>\n<li><strong>Evaluaci\u00f3n de Riesgos mediante FMEA y RCM<\/strong>: El An\u00e1lisis de Modos de Fallo y Efectos (FMEA u AMFE) y el Mantenimiento Centrado en la Fiabilidad (RCM) son herramientas esenciales para identificar modos de fallo potenciales, sus causas y sus impactos en la operaci\u00f3n. Estas t\u00e9cnicas permiten priorizar acciones correctivas y preventivas desde las etapas iniciales, reduciendo la probabilidad de fallos cr\u00edticos.<\/li>\n<li><strong>Integraci\u00f3n con Mantenimiento Aut\u00f3nomo<\/strong>: El Mantenimiento Temprano se complementa con el Mantenimiento Aut\u00f3nomo, donde los operarios de producci\u00f3n asumen responsabilidades b\u00e1sicas de mantenimiento, como inspecciones visuales, lubricaci\u00f3n y ajustes menores. Durante la fase de dise\u00f1o, se incorporan caracter\u00edsticas que facilitan estas tareas, como puntos de lubricaci\u00f3n accesibles o sistemas de monitoreo intuitivos. Esto no solo mejora la eficiencia operativa, sino que tambi\u00e9n fomenta una cultura de corresponsabilidad entre producci\u00f3n y mantenimiento.<\/li>\n<li><strong>Desarrollo de Planes de Mantenimiento Preventivo<\/strong>: Bas\u00e1ndose en los hallazgos del FMEA y RCM, se elaboran planes de mantenimiento preventivo que incluyen tareas programadas, intervalos de inspecci\u00f3n y criterios de reemplazo de componentes. Estos planes se integran con el Mantenimiento Temprano para garantizar que los equipos operen dentro de sus par\u00e1metros \u00f3ptimos durante toda su vida \u00fatil.<\/li>\n<li><strong>Sinergia con el Mantenimiento de Calidad<\/strong>: El Mantenimiento Temprano tambi\u00e9n se alinea con el pilar de Mantenimiento de Calidad, cuyo objetivo es eliminar defectos y variaciones en los procesos productivos. Durante la fase de dise\u00f1o, se identifican y corrigen posibles fuentes de variabilidad, como desgastes prematuros o desajustes en componentes cr\u00edticos. Esto asegura que los equipos no solo sean fiables, sino que tambi\u00e9n contribuyan a la calidad del producto final.<\/li>\n<li><strong>Capacitaci\u00f3n y Desarrollo de Competencias<\/strong>: La implementaci\u00f3n exitosa del Mantenimiento Temprano requiere la capacitaci\u00f3n del personal en t\u00e9cnicas avanzadas de an\u00e1lisis de fallos, interpretaci\u00f3n de datos y uso de herramientas de diagn\u00f3stico. Esta formaci\u00f3n debe extenderse tanto al personal de mantenimiento como a los operarios, promoviendo un enfoque colaborativo y multidisciplinario.<\/li>\n<li><strong>Monitoreo Continuo y Mejora mediante T\u00e9cnicas Predictivas<\/strong>: Una vez en operaci\u00f3n, los equipos son monitoreados mediante t\u00e9cnicas predictivas, como el an\u00e1lisis de vibraciones, termograf\u00eda y ultrasonido. Estas herramientas permiten detectar anomal\u00edas en etapas tempranas, facilitando intervenciones oportunas y evitando paradas no planificadas. Adem\u00e1s, los datos recopilados se utilizan para refinar los planes de mantenimiento y mejorar los dise\u00f1os futuros.<\/li>\n<\/ol>\n<div>Un saludo y hasta la siguiente entrega &#8230;<\/div>\t\t\t\t\t\t\t\t<\/div>\n\t\t\t\t<\/div>\n\t\t\t\t\t<\/div>\n\t\t<\/div>\n\t\t\t\t<div class=\"elementor-column elementor-col-33 elementor-top-column elementor-element elementor-element-52e4843\" data-id=\"52e4843\" data-element_type=\"column\">\n\t\t\t<div class=\"elementor-widget-wrap\">\n\t\t\t\t\t\t\t<\/div>\n\t\t<\/div>\n\t\t\t\t\t<\/div>\n\t\t<\/section>\n\t\t\t\t<section class=\"elementor-section elementor-top-section elementor-element elementor-element-2226e68 elementor-section-boxed elementor-section-height-default elementor-section-height-default\" data-id=\"2226e68\" data-element_type=\"section\">\n\t\t\t\t\t\t<div class=\"elementor-container elementor-column-gap-default\">\n\t\t\t\t\t<div class=\"elementor-column elementor-col-33 elementor-top-column elementor-element elementor-element-69ce628\" data-id=\"69ce628\" data-element_type=\"column\">\n\t\t\t<div class=\"elementor-widget-wrap\">\n\t\t\t\t\t\t\t<\/div>\n\t\t<\/div>\n\t\t\t\t<div class=\"elementor-column elementor-col-33 elementor-top-column elementor-element elementor-element-14bc588\" data-id=\"14bc588\" data-element_type=\"column\">\n\t\t\t<div class=\"elementor-widget-wrap\">\n\t\t\t\t\t\t\t<\/div>\n\t\t<\/div>\n\t\t\t\t<div class=\"elementor-column elementor-col-33 elementor-top-column elementor-element elementor-element-6d7b87b\" data-id=\"6d7b87b\" data-element_type=\"column\">\n\t\t\t<div class=\"elementor-widget-wrap\">\n\t\t\t\t\t\t\t<\/div>\n\t\t<\/div>\n\t\t\t\t\t<\/div>\n\t\t<\/section>\n\t\t\t\t<\/div>\n\t\t","protected":false},"excerpt":{"rendered":"<p>Integraci\u00f3n Early Maintenance y RCM Por: Carlos Ramos Mej\u00eda (Instructor asociado JIPM) y Humberto Alvarez [&hellip;]<\/p>\n","protected":false},"author":1,"featured_media":0,"parent":0,"menu_order":0,"comment_status":"closed","ping_status":"closed","template":"","meta":{"site-sidebar-layout":"no-sidebar","site-content-layout":"page-builder","ast-site-content-layout":"full-width-container","site-content-style":"default","site-sidebar-style":"default","ast-global-header-display":"","ast-banner-title-visibility":"","ast-main-header-display":"","ast-hfb-above-header-display":"","ast-hfb-below-header-display":"","ast-hfb-mobile-header-display":"","site-post-title":"disabled","ast-breadcrumbs-content":"","ast-featured-img":"disabled","footer-sml-layout":"","ast-disable-related-posts":"","theme-transparent-header-meta":"","adv-header-id-meta":"","stick-header-meta":"","header-above-stick-meta":"","header-main-stick-meta":"","header-below-stick-meta":"","astra-migrate-meta-layouts":"default","ast-page-background-enabled":"default","ast-page-background-meta":{"desktop":{"background-color":"","background-image":"","background-repeat":"repeat","background-position":"center center","background-size":"auto","background-attachment":"scroll","background-type":"","background-media":"","overlay-type":"","overlay-color":"","overlay-opacity":"","overlay-gradient":""},"tablet":{"background-color":"","background-image":"","background-repeat":"repeat","background-position":"center center","background-size":"auto","background-attachment":"scroll","background-type":"","background-media":"","overlay-type":"","overlay-color":"","overlay-opacity":"","overlay-gradient":""},"mobile":{"background-color":"","background-image":"","background-repeat":"repeat","background-position":"center center","background-size":"auto","background-attachment":"scroll","background-type":"","background-media":"","overlay-type":"","overlay-color":"","overlay-opacity":"","overlay-gradient":""}},"ast-content-background-meta":{"desktop":{"background-color":"var(--ast-global-color-5)","background-image":"","background-repeat":"repeat","background-position":"center center","background-size":"auto","background-attachment":"scroll","background-type":"","background-media":"","overlay-type":"","overlay-color":"","overlay-opacity":"","overlay-gradient":""},"tablet":{"background-color":"var(--ast-global-color-5)","background-image":"","background-repeat":"repeat","background-position":"center center","background-size":"auto","background-attachment":"scroll","background-type":"","background-media":"","overlay-type":"","overlay-color":"","overlay-opacity":"","overlay-gradient":""},"mobile":{"background-color":"var(--ast-global-color-5)","background-image":"","background-repeat":"repeat","background-position":"center center","background-size":"auto","background-attachment":"scroll","background-type":"","background-media":"","overlay-type":"","overlay-color":"","overlay-opacity":"","overlay-gradient":""}},"footnotes":""},"class_list":["post-14833","page","type-page","status-publish","hentry"],"_links":{"self":[{"href":"https:\/\/academia-tpm.com\/plataforma\/wp-json\/wp\/v2\/pages\/14833","targetHints":{"allow":["GET"]}}],"collection":[{"href":"https:\/\/academia-tpm.com\/plataforma\/wp-json\/wp\/v2\/pages"}],"about":[{"href":"https:\/\/academia-tpm.com\/plataforma\/wp-json\/wp\/v2\/types\/page"}],"author":[{"embeddable":true,"href":"https:\/\/academia-tpm.com\/plataforma\/wp-json\/wp\/v2\/users\/1"}],"replies":[{"embeddable":true,"href":"https:\/\/academia-tpm.com\/plataforma\/wp-json\/wp\/v2\/comments?post=14833"}],"version-history":[{"count":18,"href":"https:\/\/academia-tpm.com\/plataforma\/wp-json\/wp\/v2\/pages\/14833\/revisions"}],"predecessor-version":[{"id":14854,"href":"https:\/\/academia-tpm.com\/plataforma\/wp-json\/wp\/v2\/pages\/14833\/revisions\/14854"}],"wp:attachment":[{"href":"https:\/\/academia-tpm.com\/plataforma\/wp-json\/wp\/v2\/media?parent=14833"}],"curies":[{"name":"wp","href":"https:\/\/api.w.org\/{rel}","templated":true}]}}