{"id":1378,"date":"2023-02-09T08:05:53","date_gmt":"2023-02-09T07:05:53","guid":{"rendered":"https:\/\/academia-tpm.com\/plataforma\/?page_id=1378"},"modified":"2023-02-09T08:11:14","modified_gmt":"2023-02-09T07:11:14","slug":"articulo_2","status":"publish","type":"page","link":"https:\/\/academia-tpm.com\/plataforma\/articulo_2\/","title":{"rendered":"articulo_2"},"content":{"rendered":"\t\t<div data-elementor-type=\"wp-page\" data-elementor-id=\"1378\" class=\"elementor elementor-1378\" data-elementor-post-type=\"page\">\n\t\t\t\t\t\t<section class=\"elementor-section elementor-top-section elementor-element elementor-element-e423ccd elementor-section-height-min-height elementor-section-boxed elementor-section-height-default elementor-section-items-middle\" data-id=\"e423ccd\" data-element_type=\"section\" data-settings=\"{&quot;background_background&quot;:&quot;classic&quot;}\">\n\t\t\t\t\t\t<div class=\"elementor-container elementor-column-gap-default\">\n\t\t\t\t\t<div class=\"elementor-column elementor-col-33 elementor-top-column elementor-element elementor-element-f024cf5\" data-id=\"f024cf5\" data-element_type=\"column\">\n\t\t\t<div class=\"elementor-widget-wrap\">\n\t\t\t\t\t\t\t<\/div>\n\t\t<\/div>\n\t\t\t\t<div class=\"elementor-column elementor-col-33 elementor-top-column elementor-element elementor-element-1e18924\" data-id=\"1e18924\" data-element_type=\"column\">\n\t\t\t<div class=\"elementor-widget-wrap\">\n\t\t\t\t\t\t\t<\/div>\n\t\t<\/div>\n\t\t\t\t<div class=\"elementor-column elementor-col-33 elementor-top-column elementor-element elementor-element-8df4228\" data-id=\"8df4228\" data-element_type=\"column\">\n\t\t\t<div class=\"elementor-widget-wrap\">\n\t\t\t\t\t\t\t<\/div>\n\t\t<\/div>\n\t\t\t\t\t<\/div>\n\t\t<\/section>\n\t\t\t\t<section class=\"elementor-section elementor-top-section elementor-element elementor-element-f71d553 elementor-section-boxed elementor-section-height-default elementor-section-height-default\" data-id=\"f71d553\" data-element_type=\"section\">\n\t\t\t\t\t\t<div class=\"elementor-container elementor-column-gap-default\">\n\t\t\t\t\t<div class=\"elementor-column elementor-col-33 elementor-top-column elementor-element elementor-element-6e749dc\" data-id=\"6e749dc\" data-element_type=\"column\">\n\t\t\t<div class=\"elementor-widget-wrap\">\n\t\t\t\t\t\t\t<\/div>\n\t\t<\/div>\n\t\t\t\t<div class=\"elementor-column elementor-col-33 elementor-top-column elementor-element elementor-element-51e16d0\" data-id=\"51e16d0\" data-element_type=\"column\">\n\t\t\t<div class=\"elementor-widget-wrap elementor-element-populated\">\n\t\t\t\t\t\t<div class=\"elementor-element elementor-element-ebe325e elementor-widget elementor-widget-heading\" data-id=\"ebe325e\" data-element_type=\"widget\" data-widget_type=\"heading.default\">\n\t\t\t\t<div class=\"elementor-widget-container\">\n\t\t\t\t\t<h2 class=\"elementor-heading-title elementor-size-default\">F\u00e1bricas Inteligentes<\/h2>\t\t\t\t<\/div>\n\t\t\t\t<\/div>\n\t\t\t\t<div class=\"elementor-element elementor-element-06d04a1 elementor-widget elementor-widget-heading\" data-id=\"06d04a1\" data-element_type=\"widget\" data-widget_type=\"heading.default\">\n\t\t\t\t<div class=\"elementor-widget-container\">\n\t\t\t\t\t<h2 class=\"elementor-heading-title elementor-size-default\">Humberto Alvarez Laverde. MBA por IESE Business School<\/h2>\t\t\t\t<\/div>\n\t\t\t\t<\/div>\n\t\t\t\t\t<\/div>\n\t\t<\/div>\n\t\t\t\t<div class=\"elementor-column elementor-col-33 elementor-top-column elementor-element elementor-element-6e59e0c\" data-id=\"6e59e0c\" data-element_type=\"column\">\n\t\t\t<div class=\"elementor-widget-wrap\">\n\t\t\t\t\t\t\t<\/div>\n\t\t<\/div>\n\t\t\t\t\t<\/div>\n\t\t<\/section>\n\t\t\t\t<section class=\"elementor-section elementor-top-section elementor-element elementor-element-5cae8c1 elementor-section-boxed elementor-section-height-default elementor-section-height-default\" data-id=\"5cae8c1\" data-element_type=\"section\">\n\t\t\t\t\t\t<div class=\"elementor-container elementor-column-gap-default\">\n\t\t\t\t\t<div class=\"elementor-column elementor-col-33 elementor-top-column elementor-element elementor-element-d9e227a\" data-id=\"d9e227a\" data-element_type=\"column\">\n\t\t\t<div class=\"elementor-widget-wrap\">\n\t\t\t\t\t\t\t<\/div>\n\t\t<\/div>\n\t\t\t\t<div class=\"elementor-column elementor-col-33 elementor-top-column elementor-element elementor-element-864b314\" data-id=\"864b314\" data-element_type=\"column\">\n\t\t\t<div class=\"elementor-widget-wrap elementor-element-populated\">\n\t\t\t\t\t\t<div class=\"elementor-element elementor-element-126fc17 elementor-widget elementor-widget-text-editor\" data-id=\"126fc17\" data-element_type=\"widget\" data-widget_type=\"text-editor.default\">\n\t\t\t\t<div class=\"elementor-widget-container\">\n\t\t\t\t\t\t\t\t\t<p>Edward Deming, reconocido experto internacional en calidad manifestaba que realmente lo que permitir\u00e1 crear una ventaja competitiva en una empresa es el \u201cconocimiento profundo\u201d que posee de sus operaciones, ya que podr\u00e1 contar\u00e1 con argumentos suficientes para realizar predicciones futuras para actuar con mayor seguridad. Un conocimiento profundo de todos los detalles en todas las operaciones industriales le permitir\u00e1 a la empresa realizar m\u00e1s r\u00e1pidamente las transformaciones eliminando los despilfarros que se pueden presentar cuando una organizaci\u00f3n industrial pretende convertirse en un proveedor \u201cmass customization\u201d. A las f\u00e1bricas que han logrado conservar y transferir el conocimiento que poseen actualmente y que est\u00e1n explorando la forma de desarrollar o adquirir nuevo conocimiento, se les ha llamado \u201cf\u00e1bricas inteligentes\u201d. Se llaman \u201cinteligentes\u201d, debido a que en el trabajo se es consciente de la existencia de rutinas que pueden producir conocimiento, que en un principio es individual, pero con algunas ayudas, el conocimiento se transfiere a toda la organizaci\u00f3n. Estas f\u00e1bricas aplican nuevas formas de aprendizaje, capitalizan la experiencia cotidiana, usan intensivamente el conocimiento actual y se emplean medios eficaces para la conservaci\u00f3n y distribuci\u00f3n del conocimiento en todas las \u00e1reas de la empresa.<\/p><p>Es evidente la conveniencia e importancia que el sistema Mass Costumization tiene para la sociedad actual, una sociedad que cada vez se siente m\u00e1s atra\u00edda hacia la digitalizaci\u00f3n y que no perdona atrasos en ning\u00fan campo. Sin embargo, este nuevo modo de vida no terminar\u00e1 para siempre con el trato personal y la conversaci\u00f3n, que siguen siendo b\u00e1sicos, teniendo en cuenta que el mercado no se compone de productos ni de m\u00e1quinas sino de personas.<\/p><p>Es necesario evolucionar la concepci\u00f3n sobre c\u00f3mo se dirige una f\u00e1brica. Ha llegado el momento de reflexionar y actuar sobre c\u00f3mo se va a erradicar la vieja creencia que una planta para que sea m\u00e1s productiva, el trabajador debe estar el m\u00e1ximo tiempo frente a los equipos productivos. No se le asigna un cierto tiempo al trabajador para que pueda analizar problemas, prepare gr\u00e1ficos o converse con su compa\u00f1ero sobre una posibilidad de mejora. El TPM como estrategia de mejora de la capacidad competitiva emplea numerosas rutinas de di\u00e1logo y conversaci\u00f3n sobre la forma como avanza el \u00e1rea de trabajo. Estas actividades son imposibles en la mente de numerosos directivos industriales; esto no es productivo, es el comentario frecuente, ya que ser\u00eda necesario disponer de m\u00e1s personal que se ocupe de los trabajos de producci\u00f3n, mientras otros hacen un trabajo que no \u201caporta valor\u201d. Sin embargo, no se dan cuenta que este trabajo puede conducir a resultados superiores, debido al aporte en conocimiento que realizan los empleados a la transformaci\u00f3n de las operaciones industriales. Los directivos de las \u00e1reas industriales tienen delante un reto importante de comprender y adaptarse a los nuevos modelos de trabajo fundamentado en el conocimiento, ya que es este recurso intangible el que le permitir\u00e1 a las organizaciones ser viables en el futuro.<\/p><p>Humberto Alvarez Laverde &#8211; Director The TPM Academy<\/p><h2><strong>\u00a0<\/strong><\/h2><p>\u00a0<\/p>\t\t\t\t\t\t\t\t<\/div>\n\t\t\t\t<\/div>\n\t\t\t\t\t<\/div>\n\t\t<\/div>\n\t\t\t\t<div class=\"elementor-column elementor-col-33 elementor-top-column elementor-element elementor-element-b8124b9\" data-id=\"b8124b9\" data-element_type=\"column\">\n\t\t\t<div class=\"elementor-widget-wrap\">\n\t\t\t\t\t\t\t<\/div>\n\t\t<\/div>\n\t\t\t\t\t<\/div>\n\t\t<\/section>\n\t\t\t\t<section class=\"elementor-section elementor-top-section elementor-element elementor-element-0b20632 elementor-section-boxed elementor-section-height-default elementor-section-height-default\" data-id=\"0b20632\" data-element_type=\"section\">\n\t\t\t\t\t\t<div class=\"elementor-container elementor-column-gap-default\">\n\t\t\t\t\t<div class=\"elementor-column elementor-col-33 elementor-top-column elementor-element elementor-element-d1eaee9\" data-id=\"d1eaee9\" data-element_type=\"column\">\n\t\t\t<div class=\"elementor-widget-wrap\">\n\t\t\t\t\t\t\t<\/div>\n\t\t<\/div>\n\t\t\t\t<div class=\"elementor-column elementor-col-33 elementor-top-column elementor-element elementor-element-6845504\" data-id=\"6845504\" data-element_type=\"column\">\n\t\t\t<div class=\"elementor-widget-wrap\">\n\t\t\t\t\t\t\t<\/div>\n\t\t<\/div>\n\t\t\t\t<div class=\"elementor-column elementor-col-33 elementor-top-column elementor-element elementor-element-fabaf94\" data-id=\"fabaf94\" data-element_type=\"column\">\n\t\t\t<div class=\"elementor-widget-wrap\">\n\t\t\t\t\t\t\t<\/div>\n\t\t<\/div>\n\t\t\t\t\t<\/div>\n\t\t<\/section>\n\t\t\t\t<\/div>\n\t\t","protected":false},"excerpt":{"rendered":"<p>F\u00e1bricas Inteligentes Humberto Alvarez Laverde. MBA por IESE Business School Edward Deming, reconocido experto internacional [&hellip;]<\/p>\n","protected":false},"author":1,"featured_media":0,"parent":0,"menu_order":0,"comment_status":"closed","ping_status":"closed","template":"","meta":{"site-sidebar-layout":"no-sidebar","site-content-layout":"page-builder","ast-site-content-layout":"default","site-content-style":"default","site-sidebar-style":"default","ast-global-header-display":"","ast-banner-title-visibility":"","ast-main-header-display":"","ast-hfb-above-header-display":"","ast-hfb-below-header-display":"","ast-hfb-mobile-header-display":"","site-post-title":"disabled","ast-breadcrumbs-content":"","ast-featured-img":"disabled","footer-sml-layout":"","ast-disable-related-posts":"","theme-transparent-header-meta":"default","adv-header-id-meta":"","stick-header-meta":"","header-above-stick-meta":"","header-main-stick-meta":"","header-below-stick-meta":"","astra-migrate-meta-layouts":"default","ast-page-background-enabled":"default","ast-page-background-meta":{"desktop":{"background-color":"","background-image":"","background-repeat":"repeat","background-position":"center center","background-size":"auto","background-attachment":"scroll","background-type":"","background-media":"","overlay-type":"","overlay-color":"","overlay-opacity":"","overlay-gradient":""},"tablet":{"background-color":"","background-image":"","background-repeat":"repeat","background-position":"center center","background-size":"auto","background-attachment":"scroll","background-type":"","background-media":"","overlay-type":"","overlay-color":"","overlay-opacity":"","overlay-gradient":""},"mobile":{"background-color":"","background-image":"","background-repeat":"repeat","background-position":"center center","background-size":"auto","background-attachment":"scroll","background-type":"","background-media":"","overlay-type":"","overlay-color":"","overlay-opacity":"","overlay-gradient":""}},"ast-content-background-meta":{"desktop":{"background-color":"var(--ast-global-color-5)","background-image":"","background-repeat":"repeat","background-position":"center center","background-size":"auto","background-attachment":"scroll","background-type":"","background-media":"","overlay-type":"","overlay-color":"","overlay-opacity":"","overlay-gradient":""},"tablet":{"background-color":"var(--ast-global-color-5)","background-image":"","background-repeat":"repeat","background-position":"center center","background-size":"auto","background-attachment":"scroll","background-type":"","background-media":"","overlay-type":"","overlay-color":"","overlay-opacity":"","overlay-gradient":""},"mobile":{"background-color":"var(--ast-global-color-5)","background-image":"","background-repeat":"repeat","background-position":"center center","background-size":"auto","background-attachment":"scroll","background-type":"","background-media":"","overlay-type":"","overlay-color":"","overlay-opacity":"","overlay-gradient":""}},"footnotes":""},"class_list":["post-1378","page","type-page","status-publish","hentry"],"_links":{"self":[{"href":"https:\/\/academia-tpm.com\/plataforma\/wp-json\/wp\/v2\/pages\/1378","targetHints":{"allow":["GET"]}}],"collection":[{"href":"https:\/\/academia-tpm.com\/plataforma\/wp-json\/wp\/v2\/pages"}],"about":[{"href":"https:\/\/academia-tpm.com\/plataforma\/wp-json\/wp\/v2\/types\/page"}],"author":[{"embeddable":true,"href":"https:\/\/academia-tpm.com\/plataforma\/wp-json\/wp\/v2\/users\/1"}],"replies":[{"embeddable":true,"href":"https:\/\/academia-tpm.com\/plataforma\/wp-json\/wp\/v2\/comments?post=1378"}],"version-history":[{"count":8,"href":"https:\/\/academia-tpm.com\/plataforma\/wp-json\/wp\/v2\/pages\/1378\/revisions"}],"predecessor-version":[{"id":1388,"href":"https:\/\/academia-tpm.com\/plataforma\/wp-json\/wp\/v2\/pages\/1378\/revisions\/1388"}],"wp:attachment":[{"href":"https:\/\/academia-tpm.com\/plataforma\/wp-json\/wp\/v2\/media?parent=1378"}],"curies":[{"name":"wp","href":"https:\/\/api.w.org\/{rel}","templated":true}]}}